{"id":715547,"date":"2025-08-27T17:31:52","date_gmt":"2025-08-27T14:31:52","guid":{"rendered":"https:\/\/roveyayinevi.com.tr\/index.php\/urun\/pamuk-ile-toprak-arkadasim-olur-musun\/"},"modified":"2026-04-16T02:23:46","modified_gmt":"2026-04-15T23:23:46","slug":"pamuk-ile-toprak-arkadasim-olur-musun","status":"publish","type":"product","link":"https:\/\/roveyayinevi.com.tr\/index.php\/urun\/pamuk-ile-toprak-arkadasim-olur-musun\/","title":{"rendered":"Pamuk \u0130le Toprak &#8211; Arkada\u015f\u0131m Olur musun?"},"content":{"rendered":"<p>S\u0131cac\u0131k bir ilkbahar sabah\u0131 , Pamuk ile Toprak kar\u015f\u0131la\u015ft\u0131lar.Birbirlerini \u00e7ok sevdiler ve hemen arkada\u015f oldular.Her sabah \u0131rmak kenar\u0131ndaki \u00e7ay\u0131rl\u0131kta bulu\u015ftular.Kovalamaca ve saklanba\u00e7 oynad\u0131lar.O kadar iyi anla\u015f\u0131yorlard\u0131 ki hi\u00e7 ayr\u0131lmamaya kara verdiler.Ama g\u00fcnlerden bir g\u00fcn , Toprak ortadan kayboluverdi!<\/p>\n","protected":false},"excerpt":{"rendered":"<p>S\u0131cac\u0131k bir ilkbahar sabah\u0131 , Pamuk ile Toprak kar\u015f\u0131la\u015ft\u0131lar.Birbirlerini \u00e7ok sevdiler ve hemen arkada\u015f oldular.Her sabah \u0131rmak kenar\u0131ndaki \u00e7ay\u0131rl\u0131kta bulu\u015ftular.Kovalamaca ve saklanba\u00e7 oynad\u0131lar.O kadar iyi anla\u015f\u0131yorlard\u0131<span class=\"excerpt-hellip\"> [\u2026]<\/span><\/p>\n","protected":false},"featured_media":0,"template":"","meta":{"_monsterinsights_skip_tracking":false,"_monsterinsights_sitenote_active":false,"_monsterinsights_sitenote_note":"","_monsterinsights_sitenote_category":0},"product_brand":[],"product_cat":[12913,12274],"product_tag":[],"class_list":{"0":"post-715547","1":"product","2":"type-product","3":"status-publish","5":"product_cat-3-6-yas-kitaplari","6":"product_cat-cocuk-ve-genclik-kitaplari","7":"pa_cilt-ciltsiz","8":"pa_tur-kitap","9":"pa_yayinevi-is-bankasi-kultur-yayinlari","10":"pa_yazar-michael-engler","12":"first","13":"instock","14":"sale","15":"shipping-taxable","16":"purchasable","17":"product-type-simple"},"_links":{"self":[{"href":"https:\/\/roveyayinevi.com.tr\/index.php\/wp-json\/wp\/v2\/product\/715547","targetHints":{"allow":["GET"]}}],"collection":[{"href":"https:\/\/roveyayinevi.com.tr\/index.php\/wp-json\/wp\/v2\/product"}],"about":[{"href":"https:\/\/roveyayinevi.com.tr\/index.php\/wp-json\/wp\/v2\/types\/product"}],"wp:attachment":[{"href":"https:\/\/roveyayinevi.com.tr\/index.php\/wp-json\/wp\/v2\/media?parent=715547"}],"wp:term":[{"taxonomy":"product_brand","embeddable":true,"href":"https:\/\/roveyayinevi.com.tr\/index.php\/wp-json\/wp\/v2\/product_brand?post=715547"},{"taxonomy":"product_cat","embeddable":true,"href":"https:\/\/roveyayinevi.com.tr\/index.php\/wp-json\/wp\/v2\/product_cat?post=715547"},{"taxonomy":"product_tag","embeddable":true,"href":"https:\/\/roveyayinevi.com.tr\/index.php\/wp-json\/wp\/v2\/product_tag?post=715547"}],"curies":[{"name":"wp","href":"https:\/\/api.w.org\/{rel}","templated":true}]}}