{"id":715546,"date":"2025-08-27T17:31:51","date_gmt":"2025-08-27T14:31:51","guid":{"rendered":"https:\/\/roveyayinevi.com.tr\/index.php\/urun\/pinokyo-kisaltilmis-metin\/"},"modified":"2026-04-16T02:23:46","modified_gmt":"2026-04-15T23:23:46","slug":"pinokyo-kisaltilmis-metin","status":"publish","type":"product","link":"https:\/\/roveyayinevi.com.tr\/index.php\/urun\/pinokyo-kisaltilmis-metin\/","title":{"rendered":"Pinokyo-K\u0131salt\u0131lm\u0131\u015f Metin"},"content":{"rendered":"<p>D\u00fcnya \u00e7ocuk edebiyat\u0131n\u0131n ba\u015fyap\u0131tlar\u0131ndan Pinokyo, haylaz bir tahta kuklan\u0131n,  ger\u00e7ek \u00e7ocuk olma yolunda ba\u015f\u0131ndan ge\u00e7en ser\u00fcvenleri anlat\u0131yor. Her \u00e7ocuk gibi Pinokyo da etraf\u0131ndan kolayca etkilenir, yaramazl\u0131k yapmaya bay\u0131l\u0131r, derslerden ka\u00e7mak i\u00e7in her yolu dener ama ya\u015fad\u0131klar\u0131ndan hep pi\u015fman olur.  Asl\u0131nda tek amac\u0131 iyi bir \u00e7ocuk olmak ve babas\u0131n\u0131 mutlu etmektir.Carlo Collodi\u2019nin 1881 y\u0131l\u0131nda yazd\u0131\u011f\u0131 Pinokyo\u2019yu \u0130talyanca asl\u0131ndan yap\u0131lm\u0131\u015f uyarlamas\u0131yla sunuyoruz.<\/p>\n","protected":false},"excerpt":{"rendered":"<p>D\u00fcnya \u00e7ocuk edebiyat\u0131n\u0131n ba\u015fyap\u0131tlar\u0131ndan Pinokyo, haylaz bir tahta kuklan\u0131n, ger\u00e7ek \u00e7ocuk olma yolunda ba\u015f\u0131ndan ge\u00e7en ser\u00fcvenleri anlat\u0131yor. Her \u00e7ocuk gibi Pinokyo da etraf\u0131ndan kolayca etkilenir, yaramazl\u0131k<span class=\"excerpt-hellip\"> [\u2026]<\/span><\/p>\n","protected":false},"featured_media":0,"template":"","meta":{"_monsterinsights_skip_tracking":false,"_monsterinsights_sitenote_active":false,"_monsterinsights_sitenote_note":"","_monsterinsights_sitenote_category":0},"product_brand":[],"product_cat":[12274,12467],"product_tag":[],"class_list":{"0":"post-715546","1":"product","2":"type-product","3":"status-publish","5":"product_cat-cocuk-ve-genclik-kitaplari","6":"product_cat-dunya-klasikleri","7":"pa_cilt-ciltsiz","8":"pa_tur-kitap","9":"pa_yayinevi-is-bankasi-kultur-yayinlari","10":"pa_yazar-carlo-collodi","12":"first","13":"instock","14":"sale","15":"shipping-taxable","16":"purchasable","17":"product-type-simple"},"_links":{"self":[{"href":"https:\/\/roveyayinevi.com.tr\/index.php\/wp-json\/wp\/v2\/product\/715546","targetHints":{"allow":["GET"]}}],"collection":[{"href":"https:\/\/roveyayinevi.com.tr\/index.php\/wp-json\/wp\/v2\/product"}],"about":[{"href":"https:\/\/roveyayinevi.com.tr\/index.php\/wp-json\/wp\/v2\/types\/product"}],"wp:attachment":[{"href":"https:\/\/roveyayinevi.com.tr\/index.php\/wp-json\/wp\/v2\/media?parent=715546"}],"wp:term":[{"taxonomy":"product_brand","embeddable":true,"href":"https:\/\/roveyayinevi.com.tr\/index.php\/wp-json\/wp\/v2\/product_brand?post=715546"},{"taxonomy":"product_cat","embeddable":true,"href":"https:\/\/roveyayinevi.com.tr\/index.php\/wp-json\/wp\/v2\/product_cat?post=715546"},{"taxonomy":"product_tag","embeddable":true,"href":"https:\/\/roveyayinevi.com.tr\/index.php\/wp-json\/wp\/v2\/product_tag?post=715546"}],"curies":[{"name":"wp","href":"https:\/\/api.w.org\/{rel}","templated":true}]}}