{"id":715545,"date":"2025-08-27T17:31:51","date_gmt":"2025-08-27T14:31:51","guid":{"rendered":"https:\/\/roveyayinevi.com.tr\/index.php\/urun\/siyah-inci-kisaltilmis-metin\/"},"modified":"2026-04-16T02:23:46","modified_gmt":"2026-04-15T23:23:46","slug":"siyah-inci-kisaltilmis-metin","status":"publish","type":"product","link":"https:\/\/roveyayinevi.com.tr\/index.php\/urun\/siyah-inci-kisaltilmis-metin\/","title":{"rendered":"Siyah \u0130nci &#8211; K\u0131salt\u0131lm\u0131\u015f Metin"},"content":{"rendered":"<p>B\u00fcy\u00fck bir \u00e7iftlikte do\u011fan Siyah \u0130nci \u00e7ok ak\u0131ll\u0131 bir tayd\u0131. \u0130yi kalpli sahipleri taraf\u0131ndan g\u00fczel bir ortamda b\u00fcy\u00fct\u00fcld\u00fc ve iyi huylu bir at oldu. Ancak bir g\u00fcn ba\u015fkas\u0131na sat\u0131ld\u0131 ve insanlar\u0131n hayvanlara kar\u015f\u0131 ne kadar k\u00f6t\u00fc davranabilece\u011fini \u00f6\u011frendi. Kiral\u0131k at olarak, ata binmeyi hi\u00e7 bilmeyen antrenmans\u0131z insanlara katlanmak; fayton ve y\u00fck at\u0131 olarak \u00e7ok a\u011f\u0131r y\u00fckler \u00e7ekmek zorunda kald\u0131. Ama her seferinde kar\u015f\u0131s\u0131na hayvanlar\u0131 seven iyi kalpli insanlar da \u00e7\u0131kt\u0131.Yay\u0131nland\u0131\u011f\u0131 g\u00fcnden beri en sevilen hayvan \u00f6yk\u00fclerinden biri olan Siyah \u0130nci\u2019de, bu harika at\u0131n maceralar\u0131 kendi a\u011fz\u0131ndan anlat\u0131l\u0131yor.<\/p>\n","protected":false},"excerpt":{"rendered":"<p>B\u00fcy\u00fck bir \u00e7iftlikte do\u011fan Siyah \u0130nci \u00e7ok ak\u0131ll\u0131 bir tayd\u0131. \u0130yi kalpli sahipleri taraf\u0131ndan g\u00fczel bir ortamda b\u00fcy\u00fct\u00fcld\u00fc ve iyi huylu bir at oldu. Ancak bir<span class=\"excerpt-hellip\"> [\u2026]<\/span><\/p>\n","protected":false},"featured_media":0,"template":"","meta":{"_monsterinsights_skip_tracking":false,"_monsterinsights_sitenote_active":false,"_monsterinsights_sitenote_note":"","_monsterinsights_sitenote_category":0},"product_brand":[],"product_cat":[12274,12467],"product_tag":[],"class_list":{"0":"post-715545","1":"product","2":"type-product","3":"status-publish","5":"product_cat-cocuk-ve-genclik-kitaplari","6":"product_cat-dunya-klasikleri","7":"pa_cilt-ciltsiz","8":"pa_tur-kitap","9":"pa_yayinevi-is-bankasi-kultur-yayinlari","10":"pa_yazar-anna-sewell","12":"first","13":"instock","14":"sale","15":"shipping-taxable","16":"purchasable","17":"product-type-simple"},"_links":{"self":[{"href":"https:\/\/roveyayinevi.com.tr\/index.php\/wp-json\/wp\/v2\/product\/715545","targetHints":{"allow":["GET"]}}],"collection":[{"href":"https:\/\/roveyayinevi.com.tr\/index.php\/wp-json\/wp\/v2\/product"}],"about":[{"href":"https:\/\/roveyayinevi.com.tr\/index.php\/wp-json\/wp\/v2\/types\/product"}],"wp:attachment":[{"href":"https:\/\/roveyayinevi.com.tr\/index.php\/wp-json\/wp\/v2\/media?parent=715545"}],"wp:term":[{"taxonomy":"product_brand","embeddable":true,"href":"https:\/\/roveyayinevi.com.tr\/index.php\/wp-json\/wp\/v2\/product_brand?post=715545"},{"taxonomy":"product_cat","embeddable":true,"href":"https:\/\/roveyayinevi.com.tr\/index.php\/wp-json\/wp\/v2\/product_cat?post=715545"},{"taxonomy":"product_tag","embeddable":true,"href":"https:\/\/roveyayinevi.com.tr\/index.php\/wp-json\/wp\/v2\/product_tag?post=715545"}],"curies":[{"name":"wp","href":"https:\/\/api.w.org\/{rel}","templated":true}]}}