{"id":715541,"date":"2025-08-27T17:31:48","date_gmt":"2025-08-27T14:31:48","guid":{"rendered":"https:\/\/roveyayinevi.com.tr\/index.php\/urun\/cikolata-ulkesi\/"},"modified":"2026-04-16T02:23:45","modified_gmt":"2026-04-15T23:23:45","slug":"cikolata-ulkesi","status":"publish","type":"product","link":"https:\/\/roveyayinevi.com.tr\/index.php\/urun\/cikolata-ulkesi\/","title":{"rendered":"\u00c7ikolata \u00dclkesi"},"content":{"rendered":"<p>1978 y\u0131l\u0131nda \u0130stanbul\u2019da do\u011fdu. 2001 y\u0131l\u0131nda Mimar Sinan \u00dcniversitesi T\u00fcrk Dili ve Edebiyat\u0131 B\u00f6l\u00fcm\u00fcn\u00fc bitirdi. \u0130stanbul \u00dcniversitesinde tezsiz y\u00fcksek lisans yapt\u0131.2010 y\u0131l\u0131na kadar \u00e7e\u015fitli \u00f6zel e\u011fitim kurumlar\u0131nda T\u00fcrk\u00e7e \u00f6\u011fretmenli\u011fi yapt\u0131. 2010 y\u0131l\u0131ndan beri \u00f6zel bir e\u011fitim kurumunda T\u00fcrk\u00e7e b\u00f6l\u00fcm ba\u015fkan\u0131 olarak g\u00f6revine devam etmektedir.Yay\u0131mlanan ilk kitab\u0131 \u015eahmeran\u2019\u0131n S\u0131rlar\u0131\u2019d\u0131r.<\/p>\n","protected":false},"excerpt":{"rendered":"<p>1978 y\u0131l\u0131nda \u0130stanbul\u2019da do\u011fdu. 2001 y\u0131l\u0131nda Mimar Sinan \u00dcniversitesi T\u00fcrk Dili ve Edebiyat\u0131 B\u00f6l\u00fcm\u00fcn\u00fc bitirdi. \u0130stanbul \u00dcniversitesinde tezsiz y\u00fcksek lisans yapt\u0131.2010 y\u0131l\u0131na kadar \u00e7e\u015fitli \u00f6zel e\u011fitim<span class=\"excerpt-hellip\"> [\u2026]<\/span><\/p>\n","protected":false},"featured_media":0,"template":"","meta":{"_monsterinsights_skip_tracking":false,"_monsterinsights_sitenote_active":false,"_monsterinsights_sitenote_note":"","_monsterinsights_sitenote_category":0},"product_brand":[],"product_cat":[12274,12284],"product_tag":[],"class_list":{"0":"post-715541","1":"product","2":"type-product","3":"status-publish","5":"product_cat-cocuk-ve-genclik-kitaplari","6":"product_cat-hikayeler","7":"pa_cilt-ciltsiz","8":"pa_tur-kitap","9":"pa_yayinevi-altin-kitaplar-ozel-urun","10":"pa_yazar-hurihan-yildirim-kurtaran","12":"first","13":"instock","14":"sale","15":"shipping-taxable","16":"purchasable","17":"product-type-simple"},"_links":{"self":[{"href":"https:\/\/roveyayinevi.com.tr\/index.php\/wp-json\/wp\/v2\/product\/715541","targetHints":{"allow":["GET"]}}],"collection":[{"href":"https:\/\/roveyayinevi.com.tr\/index.php\/wp-json\/wp\/v2\/product"}],"about":[{"href":"https:\/\/roveyayinevi.com.tr\/index.php\/wp-json\/wp\/v2\/types\/product"}],"wp:attachment":[{"href":"https:\/\/roveyayinevi.com.tr\/index.php\/wp-json\/wp\/v2\/media?parent=715541"}],"wp:term":[{"taxonomy":"product_brand","embeddable":true,"href":"https:\/\/roveyayinevi.com.tr\/index.php\/wp-json\/wp\/v2\/product_brand?post=715541"},{"taxonomy":"product_cat","embeddable":true,"href":"https:\/\/roveyayinevi.com.tr\/index.php\/wp-json\/wp\/v2\/product_cat?post=715541"},{"taxonomy":"product_tag","embeddable":true,"href":"https:\/\/roveyayinevi.com.tr\/index.php\/wp-json\/wp\/v2\/product_tag?post=715541"}],"curies":[{"name":"wp","href":"https:\/\/api.w.org\/{rel}","templated":true}]}}