{"id":715539,"date":"2025-08-27T17:31:47","date_gmt":"2025-08-27T14:31:47","guid":{"rendered":"https:\/\/roveyayinevi.com.tr\/index.php\/urun\/denizin-gokyuzuyle-bulustugu-yer\/"},"modified":"2026-04-16T02:23:45","modified_gmt":"2026-04-15T23:23:45","slug":"denizin-gokyuzuyle-bulustugu-yer","status":"publish","type":"product","link":"https:\/\/roveyayinevi.com.tr\/index.php\/urun\/denizin-gokyuzuyle-bulustugu-yer\/","title":{"rendered":"Denizin G\u00f6ky\u00fcz\u00fcyle Bulu\u015ftu\u011fu Yer"},"content":{"rendered":"<p>Macera, cesaret ve sevgi dolu bir hik\u00e2ye!Suskun Pinmei, b\u00fcy\u00fckannesi Amah ile birlikte da\u011fdaki kul\u00fcbelerinde ya\u015famaktad\u0131r. Amah torununa ve k\u00f6yl\u00fclere heyecanl\u0131 hik\u00e2yeler anlatan bir masalc\u0131d\u0131r. Ne yaz\u0131k ki huzurlu ya\u015famlar\u0131 imparatorun k\u00f6ylerine deh\u015fet sal\u0131p Amah\u2019\u0131 ka\u00e7\u0131rmas\u0131yla b\u00f6l\u00fcn\u00fcr. Sessiz Pinmei cesaretini toplay\u0131p yan\u0131nda arkada\u015f\u0131 Yishan\u2019la b\u00fcy\u00fckannesini kurtarmak \u00fczere zorlu bir maceraya at\u0131l\u0131r. Yolculuklar\u0131 boyunca bir\u00e7ok sihirli yarat\u0131kla kar\u015f\u0131la\u015fan iki gezginin en b\u00fcy\u00fck yard\u0131mc\u0131s\u0131, Pinmei\u2019in y\u0131llard\u0131r dinledi\u011fi ve \u015fimdi kendisinin anlatt\u0131\u011f\u0131 masallard\u0131r.Grace Lin, sevilen kitab\u0131, Newbery Onur \u00d6d\u00fcll\u00fc Da\u011f\u0131n Ay\u2019la Bulu\u015ftu\u011fu Yer\u2019in ard\u0131ndan yeni masallarla okurlar\u0131yla bulu\u015fuyor.<\/p>\n","protected":false},"excerpt":{"rendered":"<p>Macera, cesaret ve sevgi dolu bir hik\u00e2ye!Suskun Pinmei, b\u00fcy\u00fckannesi Amah ile birlikte da\u011fdaki kul\u00fcbelerinde ya\u015famaktad\u0131r. Amah torununa ve k\u00f6yl\u00fclere heyecanl\u0131 hik\u00e2yeler anlatan bir masalc\u0131d\u0131r. Ne yaz\u0131k<span class=\"excerpt-hellip\"> [\u2026]<\/span><\/p>\n","protected":false},"featured_media":0,"template":"","meta":{"_monsterinsights_skip_tracking":false,"_monsterinsights_sitenote_active":false,"_monsterinsights_sitenote_note":"","_monsterinsights_sitenote_category":0},"product_brand":[],"product_cat":[12274,12284],"product_tag":[],"class_list":{"0":"post-715539","1":"product","2":"type-product","3":"status-publish","5":"product_cat-cocuk-ve-genclik-kitaplari","6":"product_cat-hikayeler","7":"pa_cilt-ciltsiz","8":"pa_tur-kitap","9":"pa_yayinevi-altin-kitaplar-ozel-urun","10":"pa_yazar-grace-lin","12":"first","13":"instock","14":"sale","15":"shipping-taxable","16":"purchasable","17":"product-type-simple"},"_links":{"self":[{"href":"https:\/\/roveyayinevi.com.tr\/index.php\/wp-json\/wp\/v2\/product\/715539","targetHints":{"allow":["GET"]}}],"collection":[{"href":"https:\/\/roveyayinevi.com.tr\/index.php\/wp-json\/wp\/v2\/product"}],"about":[{"href":"https:\/\/roveyayinevi.com.tr\/index.php\/wp-json\/wp\/v2\/types\/product"}],"wp:attachment":[{"href":"https:\/\/roveyayinevi.com.tr\/index.php\/wp-json\/wp\/v2\/media?parent=715539"}],"wp:term":[{"taxonomy":"product_brand","embeddable":true,"href":"https:\/\/roveyayinevi.com.tr\/index.php\/wp-json\/wp\/v2\/product_brand?post=715539"},{"taxonomy":"product_cat","embeddable":true,"href":"https:\/\/roveyayinevi.com.tr\/index.php\/wp-json\/wp\/v2\/product_cat?post=715539"},{"taxonomy":"product_tag","embeddable":true,"href":"https:\/\/roveyayinevi.com.tr\/index.php\/wp-json\/wp\/v2\/product_tag?post=715539"}],"curies":[{"name":"wp","href":"https:\/\/api.w.org\/{rel}","templated":true}]}}