{"id":715537,"date":"2025-08-27T17:31:46","date_gmt":"2025-08-27T14:31:46","guid":{"rendered":"https:\/\/roveyayinevi.com.tr\/index.php\/urun\/polemikler\/"},"modified":"2026-04-16T02:23:45","modified_gmt":"2026-04-15T23:23:45","slug":"polemikler","status":"publish","type":"product","link":"https:\/\/roveyayinevi.com.tr\/index.php\/urun\/polemikler\/","title":{"rendered":"Polemikler"},"content":{"rendered":"<p>\u201c\u2026 Polemi\u011fi d\u00fc\u015f\u00fcncenin i\u00e7erisinden nas\u0131l da ge\u00e7iriyor!.. Polemik dedim. Ancak U\u011fur Mumcu, soruna dalarken nesnelli\u011fi hi\u00e7 yitirmiyor. Sorun kar\u015f\u0131s\u0131nda d\u00fc\u015f\u00fcn\u00fcr yan\u0131n\u0131 hep korudu\u011fu i\u00e7in, polemik sadece tat olarak kal\u0131yor. Ki\u015fisel tart\u0131\u015fmada, daha do\u011frusu kli\u015felerle \u00e7at\u0131\u015fmada ise polemik\u00e7i yan\u0131 ac\u0131mas\u0131zca \u00f6ne \u00e7\u0131k\u0131yor. Baya\u011f\u0131 a\u011f\u0131r konu\u015fuyor. Ancak burada da demagojiye sapmad\u0131\u011f\u0131na tan\u0131k oluyoruz. Yazar\u0131n, gazetecinin, \u00f6zellikle de mizah\u00e7\u0131n\u0131n bu vazge\u00e7ilmez silah\u0131na sar\u0131lm\u0131yor. Buna gereksinimi yok da ondan m\u0131? \u00d6yle. Ki\u015fisel tart\u0131\u015fmada da her s\u00f6z\u00fc bir \u015feyin kar\u015f\u0131l\u0131\u011f\u0131 olsun istiyor. Ne olursa olsun; bu U\u011fur Mumcu\u2019nun temiz yan\u0131d\u0131r. Onun ki\u015fili\u011fine, tuttu\u011fu i\u015fe b\u00fct\u00fcn\u00fcyle \u0131\u015f\u0131k d\u00fc\u015f\u00fcr\u00fcyor. En ufak \u015fantaj, g\u00f6zda\u011f\u0131, b\u00f6b\u00fcrlenme yok U\u011fur Mumcu\u2019da. \u2026\u201d (Cemal S\u00fcreya, \u201c99 Y\u00fcz\u201d, s. 353-354) <\/p>\n","protected":false},"excerpt":{"rendered":"<p>\u201c\u2026 Polemi\u011fi d\u00fc\u015f\u00fcncenin i\u00e7erisinden nas\u0131l da ge\u00e7iriyor!.. Polemik dedim. Ancak U\u011fur Mumcu, soruna dalarken nesnelli\u011fi hi\u00e7 yitirmiyor. Sorun kar\u015f\u0131s\u0131nda d\u00fc\u015f\u00fcn\u00fcr yan\u0131n\u0131 hep korudu\u011fu i\u00e7in, polemik sadece<span class=\"excerpt-hellip\"> [\u2026]<\/span><\/p>\n","protected":false},"featured_media":0,"template":"","meta":{"_monsterinsights_skip_tracking":false,"_monsterinsights_sitenote_active":false,"_monsterinsights_sitenote_note":"","_monsterinsights_sitenote_category":0},"product_brand":[],"product_cat":[12337,14543],"product_tag":[],"class_list":{"0":"post-715537","1":"product","2":"type-product","3":"status-publish","5":"product_cat-politika-siyaset","6":"product_cat-turkiye-siyaseti-ve-politikasi","7":"pa_cilt-ciltsiz","8":"pa_tur-kitap","9":"pa_yayinevi-umag-yayinevi","10":"pa_yazar-ugur-mumcu","12":"first","13":"instock","14":"sale","15":"shipping-taxable","16":"purchasable","17":"product-type-simple"},"_links":{"self":[{"href":"https:\/\/roveyayinevi.com.tr\/index.php\/wp-json\/wp\/v2\/product\/715537","targetHints":{"allow":["GET"]}}],"collection":[{"href":"https:\/\/roveyayinevi.com.tr\/index.php\/wp-json\/wp\/v2\/product"}],"about":[{"href":"https:\/\/roveyayinevi.com.tr\/index.php\/wp-json\/wp\/v2\/types\/product"}],"wp:attachment":[{"href":"https:\/\/roveyayinevi.com.tr\/index.php\/wp-json\/wp\/v2\/media?parent=715537"}],"wp:term":[{"taxonomy":"product_brand","embeddable":true,"href":"https:\/\/roveyayinevi.com.tr\/index.php\/wp-json\/wp\/v2\/product_brand?post=715537"},{"taxonomy":"product_cat","embeddable":true,"href":"https:\/\/roveyayinevi.com.tr\/index.php\/wp-json\/wp\/v2\/product_cat?post=715537"},{"taxonomy":"product_tag","embeddable":true,"href":"https:\/\/roveyayinevi.com.tr\/index.php\/wp-json\/wp\/v2\/product_tag?post=715537"}],"curies":[{"name":"wp","href":"https:\/\/api.w.org\/{rel}","templated":true}]}}