{"id":715536,"date":"2025-08-27T17:31:45","date_gmt":"2025-08-27T14:31:45","guid":{"rendered":"https:\/\/roveyayinevi.com.tr\/index.php\/urun\/cocuklu-hayat-ajandasi\/"},"modified":"2026-04-16T02:23:45","modified_gmt":"2026-04-15T23:23:45","slug":"cocuklu-hayat-ajandasi","status":"publish","type":"product","link":"https:\/\/roveyayinevi.com.tr\/index.php\/urun\/cocuklu-hayat-ajandasi\/","title":{"rendered":"\u00c7ocuklu Hayat Ajandas\u0131"},"content":{"rendered":"<p>Pedagog G\u00f6zde Erdo\u011fan taraf\u0131ndan haz\u0131rlanan \u00c7ocuklu Hayat Ajandas\u0131, 0-3 ya\u015f aras\u0131 \u00e7ocuk sahibi ebeveynler i\u00e7in harika bir planlay\u0131c\u0131. Ebeveynli\u011finizle ilgili deneyimlerinizi ajandan\u0131za aktar\u0131rken, i\u00e7inde yer alan etkinliklerle \u00e7ocu\u011funuzun geli\u015fimini destekleyebilirsiniz. Ebeveynli\u011finizin ilk y\u0131llar\u0131nda, kaybolup gitmesini istemedi\u011finiz b\u00fct\u00fcn an\u0131lar\u0131n\u0131z\u0131 bu ajandada \u00f6l\u00fcms\u00fczle\u015ftirebilir, b\u00f6ylece ileride \u00e7ocu\u011funuza paha bi\u00e7ilmez bir hat\u0131ra b\u0131rakabilirsiniz. S\u00fcresiz tasarlanan bu ajanda sayesinde, \u00e7ocu\u011funuzun her ya\u015f\u0131nda yeni bir tane edinebilir, b\u00f6ylece her y\u0131l i\u00e7in ayr\u0131 bir ajanda olu\u015fturabilirsiniz. Hayallerinizin plana, planlar\u0131n\u0131z\u0131n oyuna, oyunlar\u0131n\u0131z\u0131n da \u00e7ocu\u011funuza b\u0131rakaca\u011f\u0131n\u0131z g\u00fczel an\u0131lara d\u00f6n\u00fc\u015fmesi dile\u011fiyle&#8230; Yeni y\u0131l\u0131n\u0131z kutlu olsun! <\/p>\n","protected":false},"excerpt":{"rendered":"<p>Pedagog G\u00f6zde Erdo\u011fan taraf\u0131ndan haz\u0131rlanan \u00c7ocuklu Hayat Ajandas\u0131, 0-3 ya\u015f aras\u0131 \u00e7ocuk sahibi ebeveynler i\u00e7in harika bir planlay\u0131c\u0131. Ebeveynli\u011finizle ilgili deneyimlerinizi ajandan\u0131za aktar\u0131rken, i\u00e7inde yer alan<span class=\"excerpt-hellip\"> [\u2026]<\/span><\/p>\n","protected":false},"featured_media":0,"template":"","meta":{"_monsterinsights_skip_tracking":false,"_monsterinsights_sitenote_active":false,"_monsterinsights_sitenote_note":"","_monsterinsights_sitenote_category":0},"product_brand":[],"product_cat":[14787,13488],"product_tag":[],"class_list":{"0":"post-715536","1":"product","2":"type-product","3":"status-publish","5":"product_cat-diger-toplum-ve-insan","6":"product_cat-toplum-ve-insan","7":"pa_cilt-ciltsiz","8":"pa_tur-kitap","9":"pa_yayinevi-nemesis-kitap","10":"pa_yazar-gozde-erdogan","12":"first","13":"instock","14":"sale","15":"shipping-taxable","16":"purchasable","17":"product-type-simple"},"_links":{"self":[{"href":"https:\/\/roveyayinevi.com.tr\/index.php\/wp-json\/wp\/v2\/product\/715536","targetHints":{"allow":["GET"]}}],"collection":[{"href":"https:\/\/roveyayinevi.com.tr\/index.php\/wp-json\/wp\/v2\/product"}],"about":[{"href":"https:\/\/roveyayinevi.com.tr\/index.php\/wp-json\/wp\/v2\/types\/product"}],"wp:attachment":[{"href":"https:\/\/roveyayinevi.com.tr\/index.php\/wp-json\/wp\/v2\/media?parent=715536"}],"wp:term":[{"taxonomy":"product_brand","embeddable":true,"href":"https:\/\/roveyayinevi.com.tr\/index.php\/wp-json\/wp\/v2\/product_brand?post=715536"},{"taxonomy":"product_cat","embeddable":true,"href":"https:\/\/roveyayinevi.com.tr\/index.php\/wp-json\/wp\/v2\/product_cat?post=715536"},{"taxonomy":"product_tag","embeddable":true,"href":"https:\/\/roveyayinevi.com.tr\/index.php\/wp-json\/wp\/v2\/product_tag?post=715536"}],"curies":[{"name":"wp","href":"https:\/\/api.w.org\/{rel}","templated":true}]}}