{"id":715535,"date":"2025-08-27T17:31:45","date_gmt":"2025-08-27T14:31:45","guid":{"rendered":"https:\/\/roveyayinevi.com.tr\/index.php\/urun\/tanri-ile-birlik\/"},"modified":"2026-04-16T02:23:45","modified_gmt":"2026-04-15T23:23:45","slug":"tanri-ile-birlik","status":"publish","type":"product","link":"https:\/\/roveyayinevi.com.tr\/index.php\/urun\/tanri-ile-birlik\/","title":{"rendered":"Tanr\u0131 ile Birlik"},"content":{"rendered":"<p>Neale Donald Walsch\u2019\u0131n eserleri, haftalarca \u00e7ok satan listelerinin ilk s\u0131ras\u0131nda yer alm\u0131\u015f, pek \u00e7ok dile \u00e7evrilmi\u015f ve milyonlarca okura ula\u015fm\u0131\u015ft\u0131r. Bir\u00e7ok insan Tanr\u0131\u2019ya inan\u0131r. Sadece, Tanr\u0131\u2019n\u0131n da onlara inand\u0131\u011f\u0131na inanmazlar. Oysa Tanr\u0131 insanlara inan\u0131r ve onlar\u0131 tahminlerinden daha \u00e7ok sever. Bu kitaba ho\u015f geldiniz. \u0130\u00e7inizde ve \u00e7evrenizde var olan Tanr\u0131 ile bulu\u015fmak \u00fczere buradas\u0131n\u0131z. Tanr\u0131\u2019n\u0131n sizinle oldu\u011funu kendi tecr\u00fcbelerinizle \u00f6\u011frenmek i\u00e7in. Bunu kabul edebilirseniz, hayat\u0131n\u0131zdaki en g\u00fc\u00e7l\u00fc deneyimlerden birini ya\u015famak \u00fczeresiniz demektir. T\u00fcm yollar sizi Tanr\u0131\u2019ya g\u00f6t\u00fcr\u00fcr. \u00c7\u00fcnk\u00fc gidecek ba\u015fka bir yeriniz yoktur. Bu kitap bundan, yuvaya nas\u0131l d\u00f6nece\u011finizden s\u00f6z ediyor. Tanr\u0131\u2019yla bir olma halini ya da Tanr\u0131\u2019yla birlik denen \u015feyi anlat\u0131yor. En \u00f6nemlisi de, benli\u011finizi ele ge\u00e7iren yan\u0131lsamalardan s\u0131yr\u0131larak temel ger\u00e7ekli\u011fe gidece\u011finiz yolu g\u00f6steriyor. Neale Donald Walsch, yazd\u0131\u011f\u0131 kitaplar sayesinde okurlar\u0131n kalplerine dokunmay\u0131 ba\u015farm\u0131\u015f modern bir manevi habercidir. Hayat\u0131n\u0131n b\u00fcy\u00fck bir b\u00f6l\u00fcm\u00fcn\u00fc din ve anlamla ilgili profesyonel \u00e7al\u0131\u015fmalara ay\u0131ran yazar, anlam aray\u0131\u015f\u0131na devam etmekte ve bu aray\u0131\u015fta edindi\u011fi deneyimlerini okurlar\u0131yla payla\u015fmaktad\u0131r.<\/p>\n","protected":false},"excerpt":{"rendered":"<p>Neale Donald Walsch\u2019\u0131n eserleri, haftalarca \u00e7ok satan listelerinin ilk s\u0131ras\u0131nda yer alm\u0131\u015f, pek \u00e7ok dile \u00e7evrilmi\u015f ve milyonlarca okura ula\u015fm\u0131\u015ft\u0131r. Bir\u00e7ok insan Tanr\u0131\u2019ya inan\u0131r. Sadece, Tanr\u0131\u2019n\u0131n<span class=\"excerpt-hellip\"> [\u2026]<\/span><\/p>\n","protected":false},"featured_media":0,"template":"","meta":{"_monsterinsights_skip_tracking":false,"_monsterinsights_sitenote_active":false,"_monsterinsights_sitenote_note":"","_monsterinsights_sitenote_category":0},"product_brand":[],"product_cat":[19998,12388],"product_tag":[],"class_list":{"0":"post-715535","1":"product","2":"type-product","3":"status-publish","5":"product_cat-din-felsefesi","6":"product_cat-felsefe","7":"pa_cilt-ciltsiz","8":"pa_tur-kitap","9":"pa_yayinevi-nemesis-kitap","10":"pa_yazar-neale-donald-walsch","12":"first","13":"instock","14":"sale","15":"shipping-taxable","16":"purchasable","17":"product-type-simple"},"_links":{"self":[{"href":"https:\/\/roveyayinevi.com.tr\/index.php\/wp-json\/wp\/v2\/product\/715535","targetHints":{"allow":["GET"]}}],"collection":[{"href":"https:\/\/roveyayinevi.com.tr\/index.php\/wp-json\/wp\/v2\/product"}],"about":[{"href":"https:\/\/roveyayinevi.com.tr\/index.php\/wp-json\/wp\/v2\/types\/product"}],"wp:attachment":[{"href":"https:\/\/roveyayinevi.com.tr\/index.php\/wp-json\/wp\/v2\/media?parent=715535"}],"wp:term":[{"taxonomy":"product_brand","embeddable":true,"href":"https:\/\/roveyayinevi.com.tr\/index.php\/wp-json\/wp\/v2\/product_brand?post=715535"},{"taxonomy":"product_cat","embeddable":true,"href":"https:\/\/roveyayinevi.com.tr\/index.php\/wp-json\/wp\/v2\/product_cat?post=715535"},{"taxonomy":"product_tag","embeddable":true,"href":"https:\/\/roveyayinevi.com.tr\/index.php\/wp-json\/wp\/v2\/product_tag?post=715535"}],"curies":[{"name":"wp","href":"https:\/\/api.w.org\/{rel}","templated":true}]}}