{"id":715534,"date":"2025-08-27T17:31:44","date_gmt":"2025-08-27T14:31:44","guid":{"rendered":"https:\/\/roveyayinevi.com.tr\/index.php\/urun\/iki-sifir-dort-bes\/"},"modified":"2026-04-16T02:23:45","modified_gmt":"2026-04-15T23:23:45","slug":"iki-sifir-dort-bes","status":"publish","type":"product","link":"https:\/\/roveyayinevi.com.tr\/index.php\/urun\/iki-sifir-dort-bes\/","title":{"rendered":"\u0130ki S\u0131f\u0131r D\u00f6rt Be\u015f"},"content":{"rendered":"<p>2045!.. \u0130nsanl\u0131k, yak\u0131n gelecekte varolu\u015f tarihinin en b\u00fcy\u00fck katliam\u0131yla birlikte yok olu\u015fun e\u015fi\u011fine geliyor. Amerika vuruldu!.. D\u00fcnyan\u0131n \u201c\u00fc\u00e7 b\u00fcy\u00fck\u201d g\u00fcc\u00fcn\u00fcn, \u201cs\u00fcper g\u00fcce\u201d kar\u015f\u0131 a\u00e7t\u0131\u011f\u0131 sava\u015fta, \u201cd\u00f6rd\u00fcnc\u00fc g\u00fc\u00e7\u201dsonucu belirleyecek.\u0130yi bir polis!.. Genetik olarak \u00fcst\u00fcn bir t\u00fcr!.. Kanl\u0131, taktiksel ve ac\u0131mas\u0131z bir sava\u015f\u0131n i\u00e7inde, kat\u0131ks\u0131z insan d\u00fcrt\u00fcleri!.. S\u0131k\u0131 bir ekip, aralar\u0131ndaki g\u00fc\u00e7l\u00fc ba\u011flar!.. Kaybedenin \u00f6lece\u011fi bir kovalamaca!.. De\u011fi\u015fim!.. \u00d6l\u00fcm!.. Yeniden do\u011fum!.. Peki 2045 y\u0131l\u0131nda ya\u015famak ister misin? \u201cD\u00f6rd\u00fcnc\u00fc D\u00fcnya Sava\u015f\u0131\u201dn\u0131n ba\u015flang\u0131c\u0131nda bir polis olabilir misin?  Kim oldu\u011funu dahi bilmiyorken, bamba\u015fka bir t\u00fcre d\u00f6n\u00fc\u015fmenin bask\u0131s\u0131 alt\u0131nda, sevdi\u011fin insanlar\u0131 koruyabilir misin? Ka\u00e7 ki\u015fiyi daha \u00f6ld\u00fcr\u00fcrsen d\u00fcnyay\u0131 kurtarabilirsin? \u201cBir baba ile o\u011ful aras\u0131ndaki mesafe bu i\u015fte; horozun ucu ile merminin dibi aras\u0131ndaki mesafe kadar.\u201d &#8211; Bir nokta bir santim.- <\/p>\n","protected":false},"excerpt":{"rendered":"<p>2045!.. \u0130nsanl\u0131k, yak\u0131n gelecekte varolu\u015f tarihinin en b\u00fcy\u00fck katliam\u0131yla birlikte yok olu\u015fun e\u015fi\u011fine geliyor. Amerika vuruldu!.. D\u00fcnyan\u0131n \u201c\u00fc\u00e7 b\u00fcy\u00fck\u201d g\u00fcc\u00fcn\u00fcn, \u201cs\u00fcper g\u00fcce\u201d kar\u015f\u0131 a\u00e7t\u0131\u011f\u0131 sava\u015fta, \u201cd\u00f6rd\u00fcnc\u00fc<span class=\"excerpt-hellip\"> [\u2026]<\/span><\/p>\n","protected":false},"featured_media":0,"template":"","meta":{"_monsterinsights_skip_tracking":false,"_monsterinsights_sitenote_active":false,"_monsterinsights_sitenote_note":"","_monsterinsights_sitenote_category":0},"product_brand":[],"product_cat":[12291,12711],"product_tag":[],"class_list":{"0":"post-715534","1":"product","2":"type-product","3":"status-publish","5":"product_cat-edebiyat","6":"product_cat-roman-oyku","7":"pa_cilt-ciltsiz","8":"pa_tur-kitap","9":"pa_yayinevi-ephesus-yayinlari","10":"pa_yazar-demir-cark","12":"first","13":"instock","14":"sale","15":"shipping-taxable","16":"purchasable","17":"product-type-simple"},"_links":{"self":[{"href":"https:\/\/roveyayinevi.com.tr\/index.php\/wp-json\/wp\/v2\/product\/715534","targetHints":{"allow":["GET"]}}],"collection":[{"href":"https:\/\/roveyayinevi.com.tr\/index.php\/wp-json\/wp\/v2\/product"}],"about":[{"href":"https:\/\/roveyayinevi.com.tr\/index.php\/wp-json\/wp\/v2\/types\/product"}],"wp:attachment":[{"href":"https:\/\/roveyayinevi.com.tr\/index.php\/wp-json\/wp\/v2\/media?parent=715534"}],"wp:term":[{"taxonomy":"product_brand","embeddable":true,"href":"https:\/\/roveyayinevi.com.tr\/index.php\/wp-json\/wp\/v2\/product_brand?post=715534"},{"taxonomy":"product_cat","embeddable":true,"href":"https:\/\/roveyayinevi.com.tr\/index.php\/wp-json\/wp\/v2\/product_cat?post=715534"},{"taxonomy":"product_tag","embeddable":true,"href":"https:\/\/roveyayinevi.com.tr\/index.php\/wp-json\/wp\/v2\/product_tag?post=715534"}],"curies":[{"name":"wp","href":"https:\/\/api.w.org\/{rel}","templated":true}]}}