{"id":715532,"date":"2025-08-27T17:31:43","date_gmt":"2025-08-27T14:31:43","guid":{"rendered":"https:\/\/roveyayinevi.com.tr\/index.php\/urun\/kiyamet-melegi-10\/"},"modified":"2026-04-16T02:23:45","modified_gmt":"2026-04-15T23:23:45","slug":"kiyamet-melegi-10","status":"publish","type":"product","link":"https:\/\/roveyayinevi.com.tr\/index.php\/urun\/kiyamet-melegi-10\/","title":{"rendered":"K\u0131yamet Mele\u011fi 10"},"content":{"rendered":"<p>Gizemli bir vir\u00fcs d\u00fcnyaya yay\u0131ld\u0131 ve 13 ya\u015f\u0131n \u00fczerindeki herkesin \u00f6l\u00fcm\u00fcne neden oldu. Vampirler karanl\u0131k k\u00f6\u015felerinden \u00e7\u0131kt\u0131lar ve hayatta kalan \u00e7ocuklar\u0131 yer alt\u0131n\u0131n karanl\u0131\u011f\u0131na mahk\u00fbm ettiler. Bu \u00e7ocuklardan biri olan Yui\u00e7iro vampirlerin elinden kurtulmay\u0131 ba\u015fard\u0131 ve Japon \u0130mparatorlu\u011funun vampirlerle sava\u015fan Ay \u015eeytanlar\u0131 B\u00f6l\u00fc\u011f\u00fcne kat\u0131ld\u0131. Tek istedi\u011fi intikam almakt\u0131 ve \u015fimdi en \u00f6n saflarda vampirlerle sava\u015f\u0131yor. Guren\u2019i kurtarmaya \u00e7al\u0131\u015f\u0131rken, A\u015furamaru\u2019nun verdi\u011fi g\u00fcc\u00fcn etkisiyle Yui\u00e7iro kendini kaybediyor ancak Mikaela yan\u0131ba\u015f\u0131nda. Kendine geldi\u011finde, Mikaela\u2019n\u0131n insan kan\u0131 i\u00e7medi\u011fi i\u00e7in \u00f6lmekte oldu\u011funu \u00f6\u011freniyor Yui\u00e7iro ve ona kendi kan\u0131n\u0131 \u00f6nerip tamamen vampir olma se\u00e7ene\u011fini sunuyor. Mikaela\u2019n\u0131n K\u0131yamet Mele\u011fi projesi hakk\u0131nda anlatmak istedi\u011fi \u00f6nemli \u015feyler var ve anlatacaklar\u0131, Yui\u00e7iro\u2019nun hayat\u0131n\u0131 ciddi bi\u00e7imde de\u011fi\u015ftirebilir\u2026 <\/p>\n","protected":false},"excerpt":{"rendered":"<p>Gizemli bir vir\u00fcs d\u00fcnyaya yay\u0131ld\u0131 ve 13 ya\u015f\u0131n \u00fczerindeki herkesin \u00f6l\u00fcm\u00fcne neden oldu. Vampirler karanl\u0131k k\u00f6\u015felerinden \u00e7\u0131kt\u0131lar ve hayatta kalan \u00e7ocuklar\u0131 yer alt\u0131n\u0131n karanl\u0131\u011f\u0131na mahk\u00fbm ettiler.<span class=\"excerpt-hellip\"> [\u2026]<\/span><\/p>\n","protected":false},"featured_media":0,"template":"","meta":{"_monsterinsights_skip_tracking":false,"_monsterinsights_sitenote_active":false,"_monsterinsights_sitenote_note":"","_monsterinsights_sitenote_category":0},"product_brand":[],"product_cat":[12416,12291],"product_tag":[],"class_list":{"0":"post-715532","1":"product","2":"type-product","3":"status-publish","5":"product_cat-cizgi-roman","6":"product_cat-edebiyat","7":"pa_cilt-ciltsiz","8":"pa_tur-kitap","9":"pa_yayinevi-kurukafa","10":"pa_yazar-takaya-kagami","12":"first","13":"instock","14":"sale","15":"shipping-taxable","16":"purchasable","17":"product-type-simple"},"_links":{"self":[{"href":"https:\/\/roveyayinevi.com.tr\/index.php\/wp-json\/wp\/v2\/product\/715532","targetHints":{"allow":["GET"]}}],"collection":[{"href":"https:\/\/roveyayinevi.com.tr\/index.php\/wp-json\/wp\/v2\/product"}],"about":[{"href":"https:\/\/roveyayinevi.com.tr\/index.php\/wp-json\/wp\/v2\/types\/product"}],"wp:attachment":[{"href":"https:\/\/roveyayinevi.com.tr\/index.php\/wp-json\/wp\/v2\/media?parent=715532"}],"wp:term":[{"taxonomy":"product_brand","embeddable":true,"href":"https:\/\/roveyayinevi.com.tr\/index.php\/wp-json\/wp\/v2\/product_brand?post=715532"},{"taxonomy":"product_cat","embeddable":true,"href":"https:\/\/roveyayinevi.com.tr\/index.php\/wp-json\/wp\/v2\/product_cat?post=715532"},{"taxonomy":"product_tag","embeddable":true,"href":"https:\/\/roveyayinevi.com.tr\/index.php\/wp-json\/wp\/v2\/product_tag?post=715532"}],"curies":[{"name":"wp","href":"https:\/\/api.w.org\/{rel}","templated":true}]}}