{"id":715531,"date":"2025-08-27T17:31:42","date_gmt":"2025-08-27T14:31:42","guid":{"rendered":"https:\/\/roveyayinevi.com.tr\/index.php\/urun\/muzik-egitimi-temel-kavramlar-ilkeler\/"},"modified":"2026-04-16T02:23:45","modified_gmt":"2026-04-15T23:23:45","slug":"muzik-egitimi-temel-kavramlar-ilkeler","status":"publish","type":"product","link":"https:\/\/roveyayinevi.com.tr\/index.php\/urun\/muzik-egitimi-temel-kavramlar-ilkeler\/","title":{"rendered":"M\u00fczik E\u011fitimi-Temel Kavramlar-\u0130lkeler"},"content":{"rendered":"<p>\u201cM\u00fczik, bireyi ve toplumu besleyen ba\u015fl\u0131ca \u2018k\u00fclt\u00fcr\u2019 ve \u2018insanca ya\u015fam\u2019 damarlar\u0131ndan biridir. M\u00fczik k\u00fclt\u00fcr\u00fc, bu damardan bireye ve topluma akan kendine \u00f6zg\u00fc bir \u2018ya\u015famsal iksir\u2019 ve \u2018k\u00fclt\u00fcrel \u00f6zsu\u2019dur. M\u00fczik e\u011fitimi ise bu damar\u0131 a\u00e7an, ona i\u015flerlik kazand\u0131ran ve onu geli\u015ftiren bir \u2018s\u00fcre\u00e7\u2019tir.Prof. Dr. Ali U\u00e7an\u2019\u0131n bu kitab\u0131, \u201cm\u00fczik e\u011fitiminitemel kavram, ilke ve yakla\u015f\u0131mlar\u0131yla ve T\u00fcrkiye\u2019deki durumuylabir b\u00fct\u00fcn olarak kavrayabilme\u201d amac\u0131na y\u00f6neliktir. Kitab\u0131n \u00f6z\u00fcnde yatan temel g\u00f6r\u00fc\u015f \u015fudur:\u00c7a\u011fda\u015f m\u00fczik e\u011fitimi, bireyin ve toplumun nitelik ve beklentileri, alan\u0131n \u00f6zellikleri, \u00fclkenin ger\u00e7ekleri ve \u00e7a\u011f\u0131n gerekleriyle tutarl\u0131 bir b\u00fct\u00fcn olarak \u00f6ng\u00f6r\u00fclmeyi, tasarlanmay\u0131 ve ger\u00e7ekle\u015ftirilmeyi gerektirir. M\u00fczik E\u011fitimi, \u00fclkemizin m\u00fczik alan\u0131ndaki konumunu her y\u00f6n\u00fcyle ve kapsaml\u0131 bir \u015fekilde g\u00f6zler \u00f6n\u00fcne seriyor.<\/p>\n","protected":false},"excerpt":{"rendered":"<p>\u201cM\u00fczik, bireyi ve toplumu besleyen ba\u015fl\u0131ca \u2018k\u00fclt\u00fcr\u2019 ve \u2018insanca ya\u015fam\u2019 damarlar\u0131ndan biridir. M\u00fczik k\u00fclt\u00fcr\u00fc, bu damardan bireye ve topluma akan kendine \u00f6zg\u00fc bir \u2018ya\u015famsal iksir\u2019 ve<span class=\"excerpt-hellip\"> [\u2026]<\/span><\/p>\n","protected":false},"featured_media":0,"template":"","meta":{"_monsterinsights_skip_tracking":false,"_monsterinsights_sitenote_active":false,"_monsterinsights_sitenote_note":"","_monsterinsights_sitenote_category":0},"product_brand":[],"product_cat":[14556,20810],"product_tag":[],"class_list":{"0":"post-715531","1":"product","2":"type-product","3":"status-publish","5":"product_cat-muzik","6":"product_cat-ogrenim-kitaplari","7":"pa_cilt-ciltsiz","8":"pa_tur-kitap","9":"pa_yayinevi-arkadas-yayinlari-muzik-kitaplari","10":"pa_yazar-ali-ucan","12":"first","13":"instock","14":"sale","15":"shipping-taxable","16":"purchasable","17":"product-type-simple"},"_links":{"self":[{"href":"https:\/\/roveyayinevi.com.tr\/index.php\/wp-json\/wp\/v2\/product\/715531","targetHints":{"allow":["GET"]}}],"collection":[{"href":"https:\/\/roveyayinevi.com.tr\/index.php\/wp-json\/wp\/v2\/product"}],"about":[{"href":"https:\/\/roveyayinevi.com.tr\/index.php\/wp-json\/wp\/v2\/types\/product"}],"wp:attachment":[{"href":"https:\/\/roveyayinevi.com.tr\/index.php\/wp-json\/wp\/v2\/media?parent=715531"}],"wp:term":[{"taxonomy":"product_brand","embeddable":true,"href":"https:\/\/roveyayinevi.com.tr\/index.php\/wp-json\/wp\/v2\/product_brand?post=715531"},{"taxonomy":"product_cat","embeddable":true,"href":"https:\/\/roveyayinevi.com.tr\/index.php\/wp-json\/wp\/v2\/product_cat?post=715531"},{"taxonomy":"product_tag","embeddable":true,"href":"https:\/\/roveyayinevi.com.tr\/index.php\/wp-json\/wp\/v2\/product_tag?post=715531"}],"curies":[{"name":"wp","href":"https:\/\/api.w.org\/{rel}","templated":true}]}}