{"id":715525,"date":"2025-08-27T17:31:38","date_gmt":"2025-08-27T14:31:38","guid":{"rendered":"https:\/\/roveyayinevi.com.tr\/index.php\/urun\/huckleberryy-finnin-maceralari\/"},"modified":"2026-04-16T02:23:45","modified_gmt":"2026-04-15T23:23:45","slug":"huckleberryy-finnin-maceralari","status":"publish","type":"product","link":"https:\/\/roveyayinevi.com.tr\/index.php\/urun\/huckleberryy-finnin-maceralari\/","title":{"rendered":"Huckleberryy Finn\u2019in Maceralar\u0131"},"content":{"rendered":"<p>Ben Huck. Tom Sawyer\u2019\u0131n en yak\u0131n arkada\u015f\u0131. Size Mississippi Nehri boyunca macera dolu bir yolculuk teklif ediyorum. \u201cGu\u0308nlerce hi\u00e7bir kasabada durmad\u0131k ve su\u0308rekli nehir a\u015fa\u011f\u0131 ilerledik. Gu\u0308neyin \u0131l\u0131man iklimine ula\u015fm\u0131\u015ft\u0131k ve art\u0131k evimizden \u00e7ok uzaktayd\u0131k. \u00c7ok ge\u00e7meden u\u0308zerlerini \u0130spanyol yosunu kaplam\u0131\u015f a\u011fa\u00e7lara rastlad\u0131k. Yosunlar, a\u011fa\u00e7lar\u0131n u\u0308zerinden uzun beyaz sakallar gibi sark\u0131yorlard\u0131. Bu yosunlar\u0131 hayat\u0131mda ilk defa g\u00f6ru\u0308yordum; a\u00e7\u0131k\u00e7as\u0131 ormana \u00e7ok ciddi ve kasvetli bir hava kat\u0131yorlard\u0131. Bizim u\u0308\u00e7k\u00e2\u011f\u0131t\u00e7\u0131lar da art\u0131k tehlikeden uzakla\u015ft\u0131klar\u0131n\u0131 anlam\u0131\u015flard\u0131 ve ba\u015fka k\u00f6ylere dadanmaya ba\u015flad\u0131lar.\u201d \u0130lk kez 1884&#8217;te yay\u0131mlanan Huckleberry Finn&#8217;in Maceralar\u0131 \u00e7ocukluk \u00fczerine yaz\u0131lm\u0131\u015f unutulmaz romanlardan biri. Mark Twain, masumiyetini yitirmi\u015f yeti\u015fkinler du\u0308nyas\u0131na ayna tutmay\u0131 ihmal etmiyor. <\/p>\n","protected":false},"excerpt":{"rendered":"<p>Ben Huck. Tom Sawyer\u2019\u0131n en yak\u0131n arkada\u015f\u0131. Size Mississippi Nehri boyunca macera dolu bir yolculuk teklif ediyorum. \u201cGu\u0308nlerce hi\u00e7bir kasabada durmad\u0131k ve su\u0308rekli nehir a\u015fa\u011f\u0131 ilerledik.<span class=\"excerpt-hellip\"> [\u2026]<\/span><\/p>\n","protected":false},"featured_media":0,"template":"","meta":{"_monsterinsights_skip_tracking":false,"_monsterinsights_sitenote_active":false,"_monsterinsights_sitenote_note":"","_monsterinsights_sitenote_category":0},"product_brand":[],"product_cat":[12291,12711],"product_tag":[],"class_list":{"0":"post-715525","1":"product","2":"type-product","3":"status-publish","5":"product_cat-edebiyat","6":"product_cat-roman-oyku","7":"pa_cilt-ciltsiz","8":"pa_tur-kitap","9":"pa_yayinevi-cinar-yayinlari","10":"pa_yazar-mark-twain","12":"first","13":"instock","14":"sale","15":"shipping-taxable","16":"purchasable","17":"product-type-simple"},"_links":{"self":[{"href":"https:\/\/roveyayinevi.com.tr\/index.php\/wp-json\/wp\/v2\/product\/715525","targetHints":{"allow":["GET"]}}],"collection":[{"href":"https:\/\/roveyayinevi.com.tr\/index.php\/wp-json\/wp\/v2\/product"}],"about":[{"href":"https:\/\/roveyayinevi.com.tr\/index.php\/wp-json\/wp\/v2\/types\/product"}],"wp:attachment":[{"href":"https:\/\/roveyayinevi.com.tr\/index.php\/wp-json\/wp\/v2\/media?parent=715525"}],"wp:term":[{"taxonomy":"product_brand","embeddable":true,"href":"https:\/\/roveyayinevi.com.tr\/index.php\/wp-json\/wp\/v2\/product_brand?post=715525"},{"taxonomy":"product_cat","embeddable":true,"href":"https:\/\/roveyayinevi.com.tr\/index.php\/wp-json\/wp\/v2\/product_cat?post=715525"},{"taxonomy":"product_tag","embeddable":true,"href":"https:\/\/roveyayinevi.com.tr\/index.php\/wp-json\/wp\/v2\/product_tag?post=715525"}],"curies":[{"name":"wp","href":"https:\/\/api.w.org\/{rel}","templated":true}]}}