{"id":715524,"date":"2025-08-27T17:31:38","date_gmt":"2025-08-27T14:31:38","guid":{"rendered":"https:\/\/roveyayinevi.com.tr\/index.php\/urun\/manken\/"},"modified":"2026-04-16T02:23:45","modified_gmt":"2026-04-15T23:23:45","slug":"manken","status":"publish","type":"product","link":"https:\/\/roveyayinevi.com.tr\/index.php\/urun\/manken\/","title":{"rendered":"Manken"},"content":{"rendered":"<p>Jini, k\u00fc\u00e7\u00fck ya\u015fta reklamlarda oynamaya ba\u015flay\u0131p ailesinin ge\u00e7imine katk\u0131da bulunuyor. Erkek karde\u015fi, k\u0131z karde\u015fi, annesi ve menajeri onun g\u00fczelli\u011fini s\u00f6m\u00fcren bir \u00e7ark\u0131n par\u00e7alar\u0131na d\u00f6n\u00fc\u015f\u00fcyor. Zamanla bu maddi d\u00fcnyan\u0131n de\u011ferlerine yabanc\u0131la\u015fan Jini, evini, i\u015fini, ailesini terk edip manevi bir yolculu\u011fa \u00e7\u0131k\u0131yor. Jini\u2019nin \u00f6yk\u00fcs\u00fc onun hi\u00e7 tan\u0131mad\u0131\u011f\u0131 gizemli bir kahraman\u0131nkiyle kesi\u015fiyor. Arzular\u0131n\u0131n pe\u015finden giden bir erke\u011fin ve d\u00fcnyan\u0131n arzular\u0131ndan uzakla\u015fmaya \u00e7al\u0131\u015fan bir k\u0131z\u0131n yollar\u0131 birle\u015fiyor. Jini evini neden terk ediyor? Neden kimseyle konu\u015fmuyor? Onun s\u0131rlar\u0131 su y\u00fcz\u00fcne \u00e7\u0131kt\u0131k\u00e7a, hakikatin karanl\u0131\u011f\u0131 da etraf\u0131ndakileri sarmaya ba\u015fl\u0131yor. Manken, G\u00fcney Kore\u2019nin sayg\u0131n edebiyat \u00f6d\u00fcllerine sahip Ch\u2019oe Yun\u2019dan, yas, g\u00fczellik, beden, aile gibi evrensel kavramlar\u0131n tart\u0131\u015f\u0131ld\u0131\u011f\u0131 derin bir roman. <\/p>\n","protected":false},"excerpt":{"rendered":"<p>Jini, k\u00fc\u00e7\u00fck ya\u015fta reklamlarda oynamaya ba\u015flay\u0131p ailesinin ge\u00e7imine katk\u0131da bulunuyor. Erkek karde\u015fi, k\u0131z karde\u015fi, annesi ve menajeri onun g\u00fczelli\u011fini s\u00f6m\u00fcren bir \u00e7ark\u0131n par\u00e7alar\u0131na d\u00f6n\u00fc\u015f\u00fcyor. Zamanla bu<span class=\"excerpt-hellip\"> [\u2026]<\/span><\/p>\n","protected":false},"featured_media":0,"template":"","meta":{"_monsterinsights_skip_tracking":false,"_monsterinsights_sitenote_active":false,"_monsterinsights_sitenote_note":"","_monsterinsights_sitenote_category":0},"product_brand":[],"product_cat":[12291,12711],"product_tag":[],"class_list":{"0":"post-715524","1":"product","2":"type-product","3":"status-publish","5":"product_cat-edebiyat","6":"product_cat-roman-oyku","7":"pa_cilt-ciltsiz","8":"pa_tur-kitap","9":"pa_yayinevi-cinar-yayinlari","10":"pa_yazar-choe-yun","12":"first","13":"instock","14":"sale","15":"shipping-taxable","16":"purchasable","17":"product-type-simple"},"_links":{"self":[{"href":"https:\/\/roveyayinevi.com.tr\/index.php\/wp-json\/wp\/v2\/product\/715524","targetHints":{"allow":["GET"]}}],"collection":[{"href":"https:\/\/roveyayinevi.com.tr\/index.php\/wp-json\/wp\/v2\/product"}],"about":[{"href":"https:\/\/roveyayinevi.com.tr\/index.php\/wp-json\/wp\/v2\/types\/product"}],"wp:attachment":[{"href":"https:\/\/roveyayinevi.com.tr\/index.php\/wp-json\/wp\/v2\/media?parent=715524"}],"wp:term":[{"taxonomy":"product_brand","embeddable":true,"href":"https:\/\/roveyayinevi.com.tr\/index.php\/wp-json\/wp\/v2\/product_brand?post=715524"},{"taxonomy":"product_cat","embeddable":true,"href":"https:\/\/roveyayinevi.com.tr\/index.php\/wp-json\/wp\/v2\/product_cat?post=715524"},{"taxonomy":"product_tag","embeddable":true,"href":"https:\/\/roveyayinevi.com.tr\/index.php\/wp-json\/wp\/v2\/product_tag?post=715524"}],"curies":[{"name":"wp","href":"https:\/\/api.w.org\/{rel}","templated":true}]}}