{"id":715517,"date":"2025-08-27T17:31:33","date_gmt":"2025-08-27T14:31:33","guid":{"rendered":"https:\/\/roveyayinevi.com.tr\/index.php\/urun\/isci-sinifi-hareketi-icinde-dogmatizm-ve-sekterlige-karsi\/"},"modified":"2026-04-16T02:23:45","modified_gmt":"2026-04-15T23:23:45","slug":"isci-sinifi-hareketi-icinde-dogmatizm-ve-sekterlige-karsi","status":"publish","type":"product","link":"https:\/\/roveyayinevi.com.tr\/index.php\/urun\/isci-sinifi-hareketi-icinde-dogmatizm-ve-sekterlige-karsi\/","title":{"rendered":"\u0130\u015f\u00e7i S\u0131n\u0131f\u0131 Hareketi \u0130\u00e7inde Dogmatizm ve Sekterli\u011fe Kar\u015f\u0131"},"content":{"rendered":"<p>Bu kitap, Lenin\u2019in \u00ab \u0130\u015f\u00e7i S\u0131n\u0131f\u0131 Hareketi \u0130\u00e7inde Dogmatizm ve Sekterli\u011fe Kar\u015f\u0131 \u00bb y\u00fcr\u00fctt\u00fc\u011f\u00fc sava\u015f\u0131m\u0131n t\u00fcm\u00fcn\u00fcn 45 ciltlik yap\u0131tlar\u0131ndan al\u0131nt\u0131lanan bir sunumudur.<\/p>\n","protected":false},"excerpt":{"rendered":"<p>Bu kitap, Lenin\u2019in \u00ab \u0130\u015f\u00e7i S\u0131n\u0131f\u0131 Hareketi \u0130\u00e7inde Dogmatizm ve Sekterli\u011fe Kar\u015f\u0131 \u00bb y\u00fcr\u00fctt\u00fc\u011f\u00fc sava\u015f\u0131m\u0131n t\u00fcm\u00fcn\u00fcn 45 ciltlik yap\u0131tlar\u0131ndan al\u0131nt\u0131lanan bir sunumudur.<\/p>\n","protected":false},"featured_media":0,"template":"","meta":{"_monsterinsights_skip_tracking":false,"_monsterinsights_sitenote_active":false,"_monsterinsights_sitenote_note":"","_monsterinsights_sitenote_category":0},"product_brand":[],"product_cat":[12337,14706],"product_tag":[],"class_list":{"0":"post-715517","1":"product","2":"type-product","3":"status-publish","5":"product_cat-politika-siyaset","6":"product_cat-siyaset-bilimi","7":"pa_cilt-ciltsiz","8":"pa_tur-kitap","9":"pa_yayinevi-bilim-ve-sosyalizm-yayinlari","10":"pa_yazar-vladimir-i-lenin","12":"first","13":"instock","14":"sale","15":"shipping-taxable","16":"purchasable","17":"product-type-simple"},"_links":{"self":[{"href":"https:\/\/roveyayinevi.com.tr\/index.php\/wp-json\/wp\/v2\/product\/715517","targetHints":{"allow":["GET"]}}],"collection":[{"href":"https:\/\/roveyayinevi.com.tr\/index.php\/wp-json\/wp\/v2\/product"}],"about":[{"href":"https:\/\/roveyayinevi.com.tr\/index.php\/wp-json\/wp\/v2\/types\/product"}],"wp:attachment":[{"href":"https:\/\/roveyayinevi.com.tr\/index.php\/wp-json\/wp\/v2\/media?parent=715517"}],"wp:term":[{"taxonomy":"product_brand","embeddable":true,"href":"https:\/\/roveyayinevi.com.tr\/index.php\/wp-json\/wp\/v2\/product_brand?post=715517"},{"taxonomy":"product_cat","embeddable":true,"href":"https:\/\/roveyayinevi.com.tr\/index.php\/wp-json\/wp\/v2\/product_cat?post=715517"},{"taxonomy":"product_tag","embeddable":true,"href":"https:\/\/roveyayinevi.com.tr\/index.php\/wp-json\/wp\/v2\/product_tag?post=715517"}],"curies":[{"name":"wp","href":"https:\/\/api.w.org\/{rel}","templated":true}]}}