{"id":715516,"date":"2025-08-27T17:31:32","date_gmt":"2025-08-27T14:31:32","guid":{"rendered":"https:\/\/roveyayinevi.com.tr\/index.php\/urun\/okuma-uzerine-yakin-okumalar\/"},"modified":"2026-04-16T02:23:45","modified_gmt":"2026-04-15T23:23:45","slug":"okuma-uzerine-yakin-okumalar","status":"publish","type":"product","link":"https:\/\/roveyayinevi.com.tr\/index.php\/urun\/okuma-uzerine-yakin-okumalar\/","title":{"rendered":"Okuma \u00dczerine Yak\u0131n Okumalar"},"content":{"rendered":"<p>Okuma \u00dczerine Yak\u0131n Okumalar; Zadie Smith\u2019ten Tim Parks\u2019a, on bir farkl\u0131 yazar, yay\u0131nc\u0131, akademisyen ve ara\u015ft\u0131rmac\u0131n\u0131n okuma \u00fczerine kaleme ald\u0131klar\u0131 yaz\u0131lardan olu\u015fan \u00e7ok katmanl\u0131 bir derleme.Okumay\u0131 seven, okuman\u0131n insana neler katt\u0131\u011f\u0131n\u0131 anlatmakta kimi zaman zorlanan her ya\u015ftan kitapseverin ilgisini \u00e7ekecek bu zihin a\u00e7\u0131c\u0131 kitap, okuru kendi okuma ser\u00fcveni \u00fczerine d\u00fc\u015f\u00fcnd\u00fcr\u00fcrken y\u00f6neltti\u011fi sorularla g\u00f6r\u00fc\u015f alan\u0131n\u0131 geni\u015fletiyor.Delidolu&#8217;nun kurmaca d\u0131\u015f\u0131 kitaplar koleksiyonunda yerini alan Okuma \u00dczerine Yak\u0131n Okumalar, dizinin &#8220;Okumak&#8221; ba\u015fl\u0131kl\u0131 alt temas\u0131n\u0131n da \u00fc\u00e7\u00fcnc\u00fc halkas\u0131.&#8221;Metnin varl\u0131\u011f\u0131 sessiz bir varl\u0131kt\u0131r, bir okur taraf\u0131ndan okunana kadar sessizli\u011fini korur. Metin, ancak h\u00fcnerli bir \u00e7ift g\u00f6z k\u00e2\u011f\u0131d\u0131n \u00fczerindeki i\u015faretlerle bulu\u015ftu\u011funda hayat bulur. Yaz\u0131lan her \u015fey, okurun c\u00f6mertli\u011fine ba\u011fl\u0131d\u0131r.&#8221;\u0130nsan hik\u00e2yelere ihtiya\u00e7 duyar. Kendi ya\u015fam hik\u00e2yesini kurarken bireysel varolu\u015funa anlam kazand\u0131rmak, kendini tan\u0131mak, insan olarak s\u0131n\u0131rlar\u0131n\u0131, zihnin derinliklerini ke\u015ffetmek ister. \u00d6teki ya\u015fam deneyimlerini, ba\u015fka zihinlerin kuytular\u0131nda saklananlar\u0131, b\u00fct\u00fcn\u00fcyle yaln\u0131z olup olmad\u0131\u011f\u0131n\u0131 merak eder. \u0130yi kitaplar, bu \u00e7etrefilli yolda ki\u015fiye yolda\u015f oldu\u011fu gibi incelmi\u015f bir zevkin, hayal g\u00fcc\u00fcn\u00fcn, maceran\u0131n, g\u00fczelli\u011fin, d\u00fc\u015f\u00fcnsel \u00f6zg\u00fcrl\u00fck ve derinli\u011fin de kap\u0131lar\u0131n\u0131 a\u00e7arlar.Okuma \u00dczerine Yak\u0131n Okumalar\u2019da; okuman\u0131n ve edebiyat\u0131n hayat kurtar\u0131c\u0131 ve ilham verici y\u00f6nleri, entelekt\u00fcel geli\u015fime ve ruhsal duruma etkileri, bili\u015fsel olarak zihinlerimizi nas\u0131l d\u00f6n\u00fc\u015ft\u00fcrd\u00fc\u011f\u00fc, okuma esnas\u0131nda beynimizde neler oldu\u011fu, dijital \u00e7a\u011fda de\u011fi\u015fen okuma bi\u00e7imleri gibi esasl\u0131 meseleler; ki\u015fisel deneyimler ve bilimsel ara\u015ft\u0131rmalardan yola \u00e7\u0131k\u0131larak irdeleniyor.\u201cBir kitap, her okurun zihninde yeniden yaz\u0131l\u0131r ve her okurun zihnini kendi e\u015fsiz yoluyla yeniden yazar.\u201d<\/p>\n","protected":false},"excerpt":{"rendered":"<p>Okuma \u00dczerine Yak\u0131n Okumalar; Zadie Smith\u2019ten Tim Parks\u2019a, on bir farkl\u0131 yazar, yay\u0131nc\u0131, akademisyen ve ara\u015ft\u0131rmac\u0131n\u0131n okuma \u00fczerine kaleme ald\u0131klar\u0131 yaz\u0131lardan olu\u015fan \u00e7ok katmanl\u0131 bir derleme.Okumay\u0131<span class=\"excerpt-hellip\"> [\u2026]<\/span><\/p>\n","protected":false},"featured_media":0,"template":"","meta":{"_monsterinsights_skip_tracking":false,"_monsterinsights_sitenote_active":false,"_monsterinsights_sitenote_note":"","_monsterinsights_sitenote_category":0},"product_brand":[],"product_cat":[18545,12291],"product_tag":[],"class_list":{"0":"post-715516","1":"product","2":"type-product","3":"status-publish","5":"product_cat-anlati","6":"product_cat-edebiyat","7":"pa_cilt-ciltsiz","8":"pa_tur-kitap","9":"pa_yayinevi-delidolu","10":"pa_yazar-kolektif","12":"first","13":"instock","14":"sale","15":"shipping-taxable","16":"purchasable","17":"product-type-simple"},"_links":{"self":[{"href":"https:\/\/roveyayinevi.com.tr\/index.php\/wp-json\/wp\/v2\/product\/715516","targetHints":{"allow":["GET"]}}],"collection":[{"href":"https:\/\/roveyayinevi.com.tr\/index.php\/wp-json\/wp\/v2\/product"}],"about":[{"href":"https:\/\/roveyayinevi.com.tr\/index.php\/wp-json\/wp\/v2\/types\/product"}],"wp:attachment":[{"href":"https:\/\/roveyayinevi.com.tr\/index.php\/wp-json\/wp\/v2\/media?parent=715516"}],"wp:term":[{"taxonomy":"product_brand","embeddable":true,"href":"https:\/\/roveyayinevi.com.tr\/index.php\/wp-json\/wp\/v2\/product_brand?post=715516"},{"taxonomy":"product_cat","embeddable":true,"href":"https:\/\/roveyayinevi.com.tr\/index.php\/wp-json\/wp\/v2\/product_cat?post=715516"},{"taxonomy":"product_tag","embeddable":true,"href":"https:\/\/roveyayinevi.com.tr\/index.php\/wp-json\/wp\/v2\/product_tag?post=715516"}],"curies":[{"name":"wp","href":"https:\/\/api.w.org\/{rel}","templated":true}]}}