{"id":715511,"date":"2025-08-27T17:31:29","date_gmt":"2025-08-27T14:31:29","guid":{"rendered":"https:\/\/roveyayinevi.com.tr\/index.php\/urun\/firtinada-yanacaksin\/"},"modified":"2026-04-16T02:23:45","modified_gmt":"2026-04-15T23:23:45","slug":"firtinada-yanacaksin","status":"publish","type":"product","link":"https:\/\/roveyayinevi.com.tr\/index.php\/urun\/firtinada-yanacaksin\/","title":{"rendered":"F\u0131rt\u0131nada Yanacaks\u0131n"},"content":{"rendered":"<p>New York\u2019un sessiz sakin kasabas\u0131 White River\u2019da bir keskin ni\u015fanc\u0131 deh\u015fet sa\u00e7\u0131yor ve \u00f6ld\u00fcr\u00fclen polisin telefonuna bir uyar\u0131 mesaj\u0131 geliyor. Kimsenin kimseye g\u00fcvenmedi\u011fi soru\u015fturmaya dan\u0131\u015fmanl\u0131k yapmas\u0131 i\u00e7in \u00e7a\u011fr\u0131lan Gurney&#8217;in ise elinde gizemli bir nottan ba\u015fka bir \u015fey yok.Bir parktaki oyun alan\u0131nda ayak tabanlar\u0131na \u00fc\u00e7 farkl\u0131 harf da\u011flanm\u0131\u015f iki cesedin bulunmas\u0131yla i\u015fler daha da karma\u015f\u0131k bir hal al\u0131rken yetkililerin resmi a\u00e7\u0131klamalar\u0131yla ters d\u00fc\u015fen Gurney, kasabay\u0131 labirent gibi sarm\u0131\u015f olaylar silsilesini tek ba\u015f\u0131na \u00e7\u00f6zmeye kararl\u0131. Yakla\u015fmakta olan f\u0131rt\u0131na herkesi yakmadan cevaplamas\u0131 gereken bir soru var: Bu ak\u0131ld\u0131\u015f\u0131 bulmacada g\u00f6zden ka\u00e7\u0131rd\u0131\u011f\u0131 \u015fey ne?\u201cJohn Verdon \u015fa\u015f\u0131rt\u0131c\u0131 olay \u00f6rg\u00fcs\u00fc, katil av\u0131 ve ak\u0131ll\u0131ca d\u00fc\u015f\u00fcn\u00fclm\u00fc\u015f karakterler yaratmada kendini kan\u0131tlam\u0131\u015f bir usta.\u201dPublishers Weekly\u201cBir bulmacan\u0131n par\u00e7alar\u0131n\u0131 yerle\u015ftirir gibi kitab\u0131n son sayfas\u0131na dek, katili bulacak olman\u0131n tarifsiz hazz\u0131n\u0131 su\u00e7 romanlar\u0131na \u00f6zg\u00fc ger\u00e7ek\u00e7i g\u00f6zlemlerle nas\u0131l harmanlad\u0131\u011f\u0131na bak\u0131l\u0131rsa, bu serinin neden bu kadar pop\u00fcler oldu\u011funu anlamak zor de\u011fil.\u201d<\/p>\n","protected":false},"excerpt":{"rendered":"<p>New York\u2019un sessiz sakin kasabas\u0131 White River\u2019da bir keskin ni\u015fanc\u0131 deh\u015fet sa\u00e7\u0131yor ve \u00f6ld\u00fcr\u00fclen polisin telefonuna bir uyar\u0131 mesaj\u0131 geliyor. Kimsenin kimseye g\u00fcvenmedi\u011fi soru\u015fturmaya dan\u0131\u015fmanl\u0131k yapmas\u0131<span class=\"excerpt-hellip\"> [\u2026]<\/span><\/p>\n","protected":false},"featured_media":0,"template":"","meta":{"_monsterinsights_skip_tracking":false,"_monsterinsights_sitenote_active":false,"_monsterinsights_sitenote_note":"","_monsterinsights_sitenote_category":0},"product_brand":[],"product_cat":[12291,17033],"product_tag":[],"class_list":{"0":"post-715511","1":"product","2":"type-product","3":"status-publish","5":"product_cat-edebiyat","6":"product_cat-korku-gerilim","7":"pa_cilt-ciltsiz","8":"pa_tur-kitap","9":"pa_yayinevi-koridor-yayincilik","10":"pa_yazar-john-verdon","12":"first","13":"instock","14":"sale","15":"shipping-taxable","16":"purchasable","17":"product-type-simple"},"_links":{"self":[{"href":"https:\/\/roveyayinevi.com.tr\/index.php\/wp-json\/wp\/v2\/product\/715511","targetHints":{"allow":["GET"]}}],"collection":[{"href":"https:\/\/roveyayinevi.com.tr\/index.php\/wp-json\/wp\/v2\/product"}],"about":[{"href":"https:\/\/roveyayinevi.com.tr\/index.php\/wp-json\/wp\/v2\/types\/product"}],"wp:attachment":[{"href":"https:\/\/roveyayinevi.com.tr\/index.php\/wp-json\/wp\/v2\/media?parent=715511"}],"wp:term":[{"taxonomy":"product_brand","embeddable":true,"href":"https:\/\/roveyayinevi.com.tr\/index.php\/wp-json\/wp\/v2\/product_brand?post=715511"},{"taxonomy":"product_cat","embeddable":true,"href":"https:\/\/roveyayinevi.com.tr\/index.php\/wp-json\/wp\/v2\/product_cat?post=715511"},{"taxonomy":"product_tag","embeddable":true,"href":"https:\/\/roveyayinevi.com.tr\/index.php\/wp-json\/wp\/v2\/product_tag?post=715511"}],"curies":[{"name":"wp","href":"https:\/\/api.w.org\/{rel}","templated":true}]}}