{"id":715509,"date":"2025-08-27T17:31:28","date_gmt":"2025-08-27T14:31:28","guid":{"rendered":"https:\/\/roveyayinevi.com.tr\/index.php\/urun\/bahoz\/"},"modified":"2026-04-16T02:23:45","modified_gmt":"2026-04-15T23:23:45","slug":"bahoz","status":"publish","type":"product","link":"https:\/\/roveyayinevi.com.tr\/index.php\/urun\/bahoz\/","title":{"rendered":"Bahoz"},"content":{"rendered":"<p>\u2019Bahoz\/F\u0131rt\u0131na t\u00fcrkiye\u2019de devrimci karakterleri anlatan ilk filmdir\u201d. Zahid Atam \u201cBenim bu filmde 1991-92 y\u0131llar\u0131n\u0131 anlatmak isteyi\u015fimin nedeni \u015fudur: Bu y\u0131llar K\u00fcrtler i\u00e7in bir d\u00f6n\u00fcm noktas\u0131yd\u0131. Sadece ulusal a\u00e7\u0131dan K\u00fcrt bilincinin \u015fekillendi\u011fi bir d\u00f6nem de\u011fildi; ayn\u0131 zamanda, d\u00fcnyaya bak\u0131\u015f a\u00e7\u0131s\u0131nda da bir bilin\u00e7lenmenin ba\u015flad\u0131\u011f\u0131, bu bilin\u00e7lenmenin K\u00fcrtlere yay\u0131ld\u0131\u011f\u0131 ve kitleselle\u015fti\u011fi bir d\u00f6nemdi. Hik\u00e2yemi bu d\u00f6nemi i\u015fleyerek filme aktarmak istememin bir ba\u015fka nedeni, devrimci karakterler meselesiyle ilgiliydi. Devrimci karakterler T\u00fcrkiye sinemas\u0131nda asl\u0131nda \u00e7ok \u00e7arp\u0131k bi\u00e7imde i\u015flendi. Oysa T\u00fcrkiye devrimci hareketinde b\u00fcy\u00fck kahramanl\u0131klar olmad\u0131\u011f\u0131n\u0131 hi\u00e7 kimse iddia edemez. Onun i\u00e7in yenilmeyen karakterlerin de beyaz perdeye yans\u0131t\u0131lmas\u0131 benim a\u00e7\u0131mdan \u00e7ok b\u00fcy\u00fck \u00f6nem ta\u015f\u0131yordu\u2026\u201d <\/p>\n","protected":false},"excerpt":{"rendered":"<p>\u2019Bahoz\/F\u0131rt\u0131na t\u00fcrkiye\u2019de devrimci karakterleri anlatan ilk filmdir\u201d. Zahid Atam \u201cBenim bu filmde 1991-92 y\u0131llar\u0131n\u0131 anlatmak isteyi\u015fimin nedeni \u015fudur: Bu y\u0131llar K\u00fcrtler i\u00e7in bir d\u00f6n\u00fcm noktas\u0131yd\u0131. Sadece<span class=\"excerpt-hellip\"> [\u2026]<\/span><\/p>\n","protected":false},"featured_media":0,"template":"","meta":{"_monsterinsights_skip_tracking":false,"_monsterinsights_sitenote_active":false,"_monsterinsights_sitenote_note":"","_monsterinsights_sitenote_category":0},"product_brand":[],"product_cat":[12408],"product_tag":[],"class_list":{"0":"post-715509","1":"product","2":"type-product","3":"status-publish","5":"product_cat-sanat","6":"pa_cilt-ciltsiz","7":"pa_tur-kitap","8":"pa_yayinevi-yeni-insan-yayinlari","9":"pa_yazar-kazim-oz","11":"first","12":"instock","13":"sale","14":"shipping-taxable","15":"purchasable","16":"product-type-simple"},"_links":{"self":[{"href":"https:\/\/roveyayinevi.com.tr\/index.php\/wp-json\/wp\/v2\/product\/715509","targetHints":{"allow":["GET"]}}],"collection":[{"href":"https:\/\/roveyayinevi.com.tr\/index.php\/wp-json\/wp\/v2\/product"}],"about":[{"href":"https:\/\/roveyayinevi.com.tr\/index.php\/wp-json\/wp\/v2\/types\/product"}],"wp:attachment":[{"href":"https:\/\/roveyayinevi.com.tr\/index.php\/wp-json\/wp\/v2\/media?parent=715509"}],"wp:term":[{"taxonomy":"product_brand","embeddable":true,"href":"https:\/\/roveyayinevi.com.tr\/index.php\/wp-json\/wp\/v2\/product_brand?post=715509"},{"taxonomy":"product_cat","embeddable":true,"href":"https:\/\/roveyayinevi.com.tr\/index.php\/wp-json\/wp\/v2\/product_cat?post=715509"},{"taxonomy":"product_tag","embeddable":true,"href":"https:\/\/roveyayinevi.com.tr\/index.php\/wp-json\/wp\/v2\/product_tag?post=715509"}],"curies":[{"name":"wp","href":"https:\/\/api.w.org\/{rel}","templated":true}]}}