{"id":715507,"date":"2025-08-27T17:31:26","date_gmt":"2025-08-27T14:31:26","guid":{"rendered":"https:\/\/roveyayinevi.com.tr\/index.php\/urun\/kizil-elma-2\/"},"modified":"2026-04-16T02:23:45","modified_gmt":"2026-04-15T23:23:45","slug":"kizil-elma-2","status":"publish","type":"product","link":"https:\/\/roveyayinevi.com.tr\/index.php\/urun\/kizil-elma-2\/","title":{"rendered":"K\u0131z\u0131l Elma"},"content":{"rendered":"<p>T\u00fcrk mill\u00ee mefk\u00fbresinin en \u00f6nemli sembol\u00fc olan K\u0131z\u0131l Elma, en k\u0131sa tan\u0131m\u0131yla T\u00fcrk milleti ve devleti i\u00e7in daimi bir hedeftir. T\u00fcrkler ve \u00f6zellikle de O\u011fuz T\u00fcrkleri i\u00e7in K\u0131z\u0131l Elma, d\u00fc\u015f\u00fcn\u00fcld\u00fck\u00e7e uzakla\u015fan, uzakla\u015ft\u0131k\u00e7a da cazibesi artan \u00fclk\u00fclerin simgesidir.\u201cT\u00fcrk\u2019\u00fcn kendisinden ba\u015fka seveni olmaz\u201d d\u00fc\u015f\u00fcncesiyle \u00f6mr\u00fcn\u00fc T\u00fcrk milleti ve k\u00fclt\u00fcr\u00fc i\u00e7in h\u00e2lis\u00e2ne \u00e7al\u0131\u015fmalarla ge\u00e7iren Orhan \u015eaik G\u00f6kyay, 1986 y\u0131l\u0131nda Tarih ve Toplum Dergisi\u2019nin Ocak ve Nisan aylar\u0131 boyunca yay\u0131mlanan say\u0131lar\u0131nda K\u0131z\u0131l Elma \u00fczerine o g\u00fcnk\u00fc ara\u015ft\u0131rmalar\u0131n\u0131 ve d\u00fc\u015f\u00fcncelerini kaleme alm\u0131\u015ft\u0131r. G\u00f6kyay, yaz\u0131lar\u0131nda K\u0131z\u0131l Elma\u2019ya \u00e7e\u015fitli y\u00f6nlerden bakm\u0131\u015f; tarih, k\u00fclt\u00fcr, folklor ve \u015fiir gibi medeniyetimizin farkl\u0131 sahalar\u0131nda K\u0131z\u0131l Elma\u2019y\u0131 aram\u0131\u015ft\u0131r. Bu yaz\u0131lar\u0131 bu g\u00fcn bir araya getirerek onun K\u0131z\u0131l Elma\u2019dan ne anlad\u0131\u011f\u0131n\u0131 yeni nesillere tekraren aktarmak ise mill\u00ee bir vazifeyi yerine getirmek olacakt\u0131r.<\/p>\n","protected":false},"excerpt":{"rendered":"<p>T\u00fcrk mill\u00ee mefk\u00fbresinin en \u00f6nemli sembol\u00fc olan K\u0131z\u0131l Elma, en k\u0131sa tan\u0131m\u0131yla T\u00fcrk milleti ve devleti i\u00e7in daimi bir hedeftir. T\u00fcrkler ve \u00f6zellikle de O\u011fuz T\u00fcrkleri<span class=\"excerpt-hellip\"> [\u2026]<\/span><\/p>\n","protected":false},"featured_media":0,"template":"","meta":{"_monsterinsights_skip_tracking":false,"_monsterinsights_sitenote_active":false,"_monsterinsights_sitenote_note":"","_monsterinsights_sitenote_category":0},"product_brand":[],"product_cat":[12370,12304],"product_tag":[],"class_list":{"0":"post-715507","1":"product","2":"type-product","3":"status-publish","5":"product_cat-arastirma-inceleme","6":"product_cat-tarih","7":"pa_cilt-ciltsiz","8":"pa_tur-kitap","9":"pa_yayinevi-yeditepe-yayinevi","10":"pa_yazar-orhan-saik-gokyay","12":"first","13":"instock","14":"sale","15":"shipping-taxable","16":"purchasable","17":"product-type-simple"},"_links":{"self":[{"href":"https:\/\/roveyayinevi.com.tr\/index.php\/wp-json\/wp\/v2\/product\/715507","targetHints":{"allow":["GET"]}}],"collection":[{"href":"https:\/\/roveyayinevi.com.tr\/index.php\/wp-json\/wp\/v2\/product"}],"about":[{"href":"https:\/\/roveyayinevi.com.tr\/index.php\/wp-json\/wp\/v2\/types\/product"}],"wp:attachment":[{"href":"https:\/\/roveyayinevi.com.tr\/index.php\/wp-json\/wp\/v2\/media?parent=715507"}],"wp:term":[{"taxonomy":"product_brand","embeddable":true,"href":"https:\/\/roveyayinevi.com.tr\/index.php\/wp-json\/wp\/v2\/product_brand?post=715507"},{"taxonomy":"product_cat","embeddable":true,"href":"https:\/\/roveyayinevi.com.tr\/index.php\/wp-json\/wp\/v2\/product_cat?post=715507"},{"taxonomy":"product_tag","embeddable":true,"href":"https:\/\/roveyayinevi.com.tr\/index.php\/wp-json\/wp\/v2\/product_tag?post=715507"}],"curies":[{"name":"wp","href":"https:\/\/api.w.org\/{rel}","templated":true}]}}