{"id":715506,"date":"2025-08-27T17:31:26","date_gmt":"2025-08-27T14:31:26","guid":{"rendered":"https:\/\/roveyayinevi.com.tr\/index.php\/urun\/etkili-tez-ve-rapor-yazim-ve-sunum-teknikleri-pratik-el-kitabi\/"},"modified":"2026-04-16T02:23:44","modified_gmt":"2026-04-15T23:23:44","slug":"etkili-tez-ve-rapor-yazim-ve-sunum-teknikleri-pratik-el-kitabi","status":"publish","type":"product","link":"https:\/\/roveyayinevi.com.tr\/index.php\/urun\/etkili-tez-ve-rapor-yazim-ve-sunum-teknikleri-pratik-el-kitabi\/","title":{"rendered":"Etkili Tez ve Rapor Yaz\u0131m ve Sunum Teknikleri Pratik El Kitab\u0131"},"content":{"rendered":"<p>Bilimsel bir ara\u015ft\u0131rma sadece veri toplamay\u0131 de\u011fil toplanan verilerin etik kurallar \u00e7er\u00e7evesinde toplanmas\u0131n\u0131, y\u00f6netmeliklere uygun yaz\u0131lmas\u0131n\u0131 ve etkili bir \u015fekilde sunulmas\u0131n\u0131 gerektirir. \u00c7al\u0131\u015fma ne \u00f6l\u00e7\u00fcde emek harcanm\u0131\u015f ve \u00f6zg\u00fcn de\u011fere sahip olursa olsun iyi bir sunu\u015fla dinleyiciye aktar\u0131lamam\u0131\u015fsa \u00f6nemi dile getirilememi\u015f demektir. Do\u00e7. Dr. Sar\u0131su bu zamana kadar pek al\u0131\u015f\u0131k olmad\u0131\u011f\u0131m\u0131z \u015fekilde bir ara\u015ft\u0131rman\u0131n sunumunun nas\u0131l yap\u0131laca\u011f\u0131n\u0131 titiz bi\u00e7imde g\u00f6stermektedir. Eser b\u00fcy\u00fck bir emek ve titizlik \u00fcr\u00fcn\u00fcd\u00fcr. Y\u00fcksek lisans ve doktora \u00f6\u011frencilerinin ve kamu kurumlar\u0131nda uzmanl\u0131k tezi haz\u0131rlayanlar\u0131n temel referans kayna\u011f\u0131 olmaya adayd\u0131r. Hatta tez j\u00fcri \u00fcyeli\u011fi ve makale hakemli\u011fi yapan akademisyenlerin bile ciddi bi\u00e7imde dikkate alacaklar\u0131 bir eserdir. Piyasada bu i\u015fi yapmak amac\u0131yla ortaya konan ve bir k\u0131sm\u0131 \u00e7eviri olan ancak hi\u00e7bir yaraya merhem olmayan \u00e7al\u0131\u015fmalar\u0131n kar\u015f\u0131s\u0131nda Do\u00e7. Dr. Ayhan Sar\u0131su&#8217;nun telif eseri eminim ki hem d\u00fc\u015f\u00fcnce ve k\u00fclt\u00fcr d\u00fcnyam\u0131za hem de bilimsel literat\u00fcre hat\u0131r\u0131 say\u0131l\u0131r bir katk\u0131 sa\u011flayacakt\u0131r.Prof. Dr. Tevfik Erde  Gazi \u00dcniversitesi \u0130\u0130BF<\/p>\n","protected":false},"excerpt":{"rendered":"<p>Bilimsel bir ara\u015ft\u0131rma sadece veri toplamay\u0131 de\u011fil toplanan verilerin etik kurallar \u00e7er\u00e7evesinde toplanmas\u0131n\u0131, y\u00f6netmeliklere uygun yaz\u0131lmas\u0131n\u0131 ve etkili bir \u015fekilde sunulmas\u0131n\u0131 gerektirir. \u00c7al\u0131\u015fma ne \u00f6l\u00e7\u00fcde emek<span class=\"excerpt-hellip\"> [\u2026]<\/span><\/p>\n","protected":false},"featured_media":0,"template":"","meta":{"_monsterinsights_skip_tracking":false,"_monsterinsights_sitenote_active":false,"_monsterinsights_sitenote_note":"","_monsterinsights_sitenote_category":0},"product_brand":[],"product_cat":[12573,12566],"product_tag":[],"class_list":{"0":"post-715506","1":"product","2":"type-product","3":"status-publish","5":"product_cat-akademik-kitaplar","6":"product_cat-egitim","7":"pa_cilt-ciltsiz","8":"pa_tur-kitap","9":"pa_yayinevi-gazi-kitabevi","10":"pa_yazar-ayhan-sarisu","12":"first","13":"instock","14":"sale","15":"shipping-taxable","16":"purchasable","17":"product-type-simple"},"_links":{"self":[{"href":"https:\/\/roveyayinevi.com.tr\/index.php\/wp-json\/wp\/v2\/product\/715506","targetHints":{"allow":["GET"]}}],"collection":[{"href":"https:\/\/roveyayinevi.com.tr\/index.php\/wp-json\/wp\/v2\/product"}],"about":[{"href":"https:\/\/roveyayinevi.com.tr\/index.php\/wp-json\/wp\/v2\/types\/product"}],"wp:attachment":[{"href":"https:\/\/roveyayinevi.com.tr\/index.php\/wp-json\/wp\/v2\/media?parent=715506"}],"wp:term":[{"taxonomy":"product_brand","embeddable":true,"href":"https:\/\/roveyayinevi.com.tr\/index.php\/wp-json\/wp\/v2\/product_brand?post=715506"},{"taxonomy":"product_cat","embeddable":true,"href":"https:\/\/roveyayinevi.com.tr\/index.php\/wp-json\/wp\/v2\/product_cat?post=715506"},{"taxonomy":"product_tag","embeddable":true,"href":"https:\/\/roveyayinevi.com.tr\/index.php\/wp-json\/wp\/v2\/product_tag?post=715506"}],"curies":[{"name":"wp","href":"https:\/\/api.w.org\/{rel}","templated":true}]}}