{"id":715505,"date":"2025-08-27T17:31:25","date_gmt":"2025-08-27T14:31:25","guid":{"rendered":"https:\/\/roveyayinevi.com.tr\/index.php\/urun\/imza-ve-otesi\/"},"modified":"2026-01-29T02:43:53","modified_gmt":"2026-01-28T23:43:53","slug":"imza-ve-otesi","status":"publish","type":"product","link":"https:\/\/roveyayinevi.com.tr\/index.php\/urun\/imza-ve-otesi\/","title":{"rendered":"\u0130mza ve \u00d6tesi"},"content":{"rendered":"<p>11 Ocak 2016\u2019da kamuoyuna a\u00e7\u0131klanan, \u201cBu Su\u00e7a Ortak Olmayaca\u011f\u0131z\u201d ba\u015fl\u0131kl\u0131 bildiriyi imzalad\u0131klar\u0131 i\u00e7in \u00fcniversitelerden at\u0131lan bilim insanlar\u0131, T\u00fcrkiye Cumhuriyeti tarihinin en b\u00fcy\u00fck \u00fcniversite tasfiyesinin ya\u015fand\u0131\u011f\u0131 g\u00fcnlerde ne d\u00fc\u015f\u00fcn\u00fcyorlard\u0131, geli\u015fmeleri nas\u0131l kar\u015f\u0131lad\u0131lar, bildiriyi ni\u00e7in imzalad\u0131lar, sonras\u0131nda ya\u015fananlar\u0131 nas\u0131l de\u011ferlendiriyorlar? T\u00fcm\u00fc, en b\u00fcy\u00fck tasfiyenin ya\u015fand\u0131\u011f\u0131 Siyasal Bilgiler Fak\u00fcltesi-M\u00fclkiye\u2019de \u00f6\u011fretim eleman\u0131 olan ya da M\u00fclkiye\u2019yi bitirdikten sonra \u00e7e\u015fitli \u00fcniversitelerde bilimsel \u00e7al\u0131\u015fmalar\u0131n\u0131 s\u00fcrd\u00fcren bilim insanlar\u0131yla yap\u0131lan s\u00f6yle\u015filer, M\u00fclkiye\u2019nin tasfiyesine kar\u015f\u0131 yap\u0131lan a\u00e7\u0131klamalar ve al\u0131nan kararlar ile \u00e7e\u015fitli yay\u0131n organlar\u0131nda yaz\u0131lan yaz\u0131lar bu kitapta topland\u0131. Bu kitapta anlat\u0131lanlar, \u00fcniversitenin, gerek ki\u015filer d\u00fczeyinde gerekse ele\u015ftirel bilim anlam\u0131nda neleri ve kimleri kaybetti\u011fini de g\u00f6steriyor. El\u00e7in Aktoprak, \u00d6zlem Albayrak, Faruk Alpkaya, Aykut \u00c7oban, Y\u00fccel Demirer, Din\u00e7er Demirkent, Benan Eres, Ertan Ersoy, Banu Beliz G\u00fc\u00e7bilmez, Ahmet Ha\u015fim K\u00f6se, Yasemin \u00d6zg\u00fcn, Ece \u00d6ztan, Aynur \u00d6zu\u011furlu, Murat Sevin\u00e7, Mustafa \u015eener, Ay\u015fen Uysal, Bar\u0131\u015f \u00dcnl\u00fc ve Zafer Y\u0131lmaz\u2026<\/p>\n","protected":false},"excerpt":{"rendered":"<p>11 Ocak 2016\u2019da kamuoyuna a\u00e7\u0131klanan, \u201cBu Su\u00e7a Ortak Olmayaca\u011f\u0131z\u201d ba\u015fl\u0131kl\u0131 bildiriyi imzalad\u0131klar\u0131 i\u00e7in \u00fcniversitelerden at\u0131lan bilim insanlar\u0131, T\u00fcrkiye Cumhuriyeti tarihinin en b\u00fcy\u00fck \u00fcniversite tasfiyesinin ya\u015fand\u0131\u011f\u0131 g\u00fcnlerde<span class=\"excerpt-hellip\"> [\u2026]<\/span><\/p>\n","protected":false},"featured_media":0,"template":"","meta":{"_monsterinsights_skip_tracking":false,"_monsterinsights_sitenote_active":false,"_monsterinsights_sitenote_note":"","_monsterinsights_sitenote_category":0},"product_brand":[],"product_cat":[13590,12337],"product_tag":[],"class_list":{"0":"post-715505","1":"product","2":"type-product","3":"status-publish","5":"product_cat-arastirma-inceleme-politika-siyaset","6":"product_cat-politika-siyaset","7":"pa_cilt-ciltsiz","8":"pa_tur-kitap","9":"pa_yayinevi-utopya-yayinevi","10":"pa_yazar-nurettin-oztatar","12":"first","13":"instock","14":"sale","15":"shipping-taxable","16":"purchasable","17":"product-type-simple"},"_links":{"self":[{"href":"https:\/\/roveyayinevi.com.tr\/index.php\/wp-json\/wp\/v2\/product\/715505","targetHints":{"allow":["GET"]}}],"collection":[{"href":"https:\/\/roveyayinevi.com.tr\/index.php\/wp-json\/wp\/v2\/product"}],"about":[{"href":"https:\/\/roveyayinevi.com.tr\/index.php\/wp-json\/wp\/v2\/types\/product"}],"wp:attachment":[{"href":"https:\/\/roveyayinevi.com.tr\/index.php\/wp-json\/wp\/v2\/media?parent=715505"}],"wp:term":[{"taxonomy":"product_brand","embeddable":true,"href":"https:\/\/roveyayinevi.com.tr\/index.php\/wp-json\/wp\/v2\/product_brand?post=715505"},{"taxonomy":"product_cat","embeddable":true,"href":"https:\/\/roveyayinevi.com.tr\/index.php\/wp-json\/wp\/v2\/product_cat?post=715505"},{"taxonomy":"product_tag","embeddable":true,"href":"https:\/\/roveyayinevi.com.tr\/index.php\/wp-json\/wp\/v2\/product_tag?post=715505"}],"curies":[{"name":"wp","href":"https:\/\/api.w.org\/{rel}","templated":true}]}}