{"id":715503,"date":"2025-08-27T17:31:24","date_gmt":"2025-08-27T14:31:24","guid":{"rendered":"https:\/\/roveyayinevi.com.tr\/index.php\/urun\/iran-masallari-2\/"},"modified":"2026-04-16T02:23:44","modified_gmt":"2026-04-15T23:23:44","slug":"iran-masallari-2","status":"publish","type":"product","link":"https:\/\/roveyayinevi.com.tr\/index.php\/urun\/iran-masallari-2\/","title":{"rendered":"\u0130ran Masallar\u0131 2"},"content":{"rendered":"<p>\u0130ran Masallar\u0131 2, olduk\u00e7a ilgi g\u00f6ren ilk kitaptan farkl\u0131 olarak \u00f6zel bir k\u00fclt\u00fcr\u00fcn; Za\u011frosDa\u011flar\u0131\u2019nda g\u00f6\u00e7ebe bir hayat s\u00fcren Bahtiyari a\u015firetinin masallar\u0131n\u0131 anlat\u0131yor. Bahtiyariler topra\u011f\u0131 i\u015fleyerek ge\u00e7inen, s\u0131cak ve so\u011fuk mevsimlerde yer de\u011fi\u015ftiren; i\u00e7e d\u00f6n\u00fck, d\u0131\u015f d\u00fcnyadan kopuk ve gelenek\u00e7i bir topluluktu. Uzun y\u0131llar gizli kalan masallar\u0131 da sert ko\u015fullar\u0131n ve ortak geleneksel ya\u015fay\u0131\u015f\u0131n etkisiyle cesareti, yi\u011fitli\u011fi, azmi, dindarl\u0131\u011f\u0131 ve kanaatk\u00e2rl\u0131\u011f\u0131 vurguluyordu. 1900\u2019l\u00fc y\u0131llar\u0131n ba\u015f\u0131nda \u0130ran k\u00fclt\u00fcr\u00fcne ilgi duyan bir \u0130ngiliz asker, b\u00f6lgenin ya\u015fl\u0131 ve naml\u0131 kimseleriyle oturup notlar alm\u0131\u015f. Ortaya da cesareti, \u00f6zveriyi ve sadeli\u011fi anlatan bu b\u00fcy\u00fcl\u00fc masallar \u00e7\u0131km\u0131\u015f. <\/p>\n","protected":false},"excerpt":{"rendered":"<p>\u0130ran Masallar\u0131 2, olduk\u00e7a ilgi g\u00f6ren ilk kitaptan farkl\u0131 olarak \u00f6zel bir k\u00fclt\u00fcr\u00fcn; Za\u011frosDa\u011flar\u0131\u2019nda g\u00f6\u00e7ebe bir hayat s\u00fcren Bahtiyari a\u015firetinin masallar\u0131n\u0131 anlat\u0131yor. Bahtiyariler topra\u011f\u0131 i\u015fleyerek ge\u00e7inen,<span class=\"excerpt-hellip\"> [\u2026]<\/span><\/p>\n","protected":false},"featured_media":0,"template":"","meta":{"_monsterinsights_skip_tracking":false,"_monsterinsights_sitenote_active":false,"_monsterinsights_sitenote_note":"","_monsterinsights_sitenote_category":0},"product_brand":[],"product_cat":[12291,12711],"product_tag":[],"class_list":{"0":"post-715503","1":"product","2":"type-product","3":"status-publish","5":"product_cat-edebiyat","6":"product_cat-roman-oyku","7":"pa_cilt-ciltsiz","8":"pa_tur-kitap","9":"pa_yayinevi-kara-karga-yayinlari","10":"pa_yazar-anonim","12":"first","13":"instock","14":"sale","15":"shipping-taxable","16":"purchasable","17":"product-type-simple"},"_links":{"self":[{"href":"https:\/\/roveyayinevi.com.tr\/index.php\/wp-json\/wp\/v2\/product\/715503","targetHints":{"allow":["GET"]}}],"collection":[{"href":"https:\/\/roveyayinevi.com.tr\/index.php\/wp-json\/wp\/v2\/product"}],"about":[{"href":"https:\/\/roveyayinevi.com.tr\/index.php\/wp-json\/wp\/v2\/types\/product"}],"wp:attachment":[{"href":"https:\/\/roveyayinevi.com.tr\/index.php\/wp-json\/wp\/v2\/media?parent=715503"}],"wp:term":[{"taxonomy":"product_brand","embeddable":true,"href":"https:\/\/roveyayinevi.com.tr\/index.php\/wp-json\/wp\/v2\/product_brand?post=715503"},{"taxonomy":"product_cat","embeddable":true,"href":"https:\/\/roveyayinevi.com.tr\/index.php\/wp-json\/wp\/v2\/product_cat?post=715503"},{"taxonomy":"product_tag","embeddable":true,"href":"https:\/\/roveyayinevi.com.tr\/index.php\/wp-json\/wp\/v2\/product_tag?post=715503"}],"curies":[{"name":"wp","href":"https:\/\/api.w.org\/{rel}","templated":true}]}}