{"id":715502,"date":"2025-08-27T17:31:23","date_gmt":"2025-08-27T14:31:23","guid":{"rendered":"https:\/\/roveyayinevi.com.tr\/index.php\/urun\/ekran-bagimliligi\/"},"modified":"2026-04-16T02:23:44","modified_gmt":"2026-04-15T23:23:44","slug":"ekran-bagimliligi","status":"publish","type":"product","link":"https:\/\/roveyayinevi.com.tr\/index.php\/urun\/ekran-bagimliligi\/","title":{"rendered":"Ekran Ba\u011f\u0131ml\u0131l\u0131\u011f\u0131"},"content":{"rendered":"<p>Bal\u0131k suyu soludu\u011funu bilmez. Bizler de anne babalar, \u00e7ocuklar ve gen\u00e7 yeti\u015fkinler olarak t\u0131pk\u0131 bal\u0131klar gibi dijital bir d\u00fcnyan\u0131n akvaryumunda y\u00fcz\u00fcyoruz.  Modern ebeveynler olarak i\u00e7inde \u201cy\u00fczmeye\u201d \u00e7al\u0131\u015ft\u0131\u011f\u0131m\u0131z dijital ortam\u0131n bizi nas\u0131l i\u00e7ine ald\u0131\u011f\u0131n\u0131 ve iyi bir ebeveyn olma hakk\u0131ndaki inan\u00e7lar\u0131m\u0131z\u0131 ve beklentilerimizi nas\u0131l \u015fekillendirdi\u011fini anlamam\u0131z \u00e7ok zor. T\u0131pk\u0131 \u00e7ocuklar\u0131n ve gen\u00e7 yeti\u015fkinlerin bu dijital ortamdan uzak kalmas\u0131n\u0131n zor oldu\u011fu gibi\u2026 Dijital cihazlar\u0131n b\u00fcy\u00fcledi\u011fi \u00e7ocuklar \u00e7evrelerindeki d\u00fcnyay\u0131 ara\u015ft\u0131ramaz ve onunla temas haline ge\u00e7emezler. Bu temas olmazsa \u00e7ocuklar kar\u015f\u0131la\u015ft\u0131klar\u0131 s\u0131k\u0131nt\u0131larla ba\u015fa \u00e7\u0131kamazlar. Bu da ki\u015filiklerinin geli\u015fmesi i\u00e7in gereken tecr\u00fcbe ve g\u00fcven duygusunun eksik kalmas\u0131na neden olur. Peki ne yapaca\u011f\u0131z? Ekran Ba\u011f\u0131ml\u0131l\u0131\u011f\u0131 ,, hapsoldu\u011fumuz dijital \u00e7a\u011fda de\u011fi\u015fimi arayan ebeveynler i\u00e7in a\u00e7\u0131k ve etkili stratejiler sunarak aile i\u00e7indeki emniyeti ve ileti\u015fimi yeniden sa\u011flaman\u0131n yollar\u0131n\u0131 anlat\u0131yor; \u00e7ocuklar\u0131n ve gen\u00e7lerin uzak kalamayaca\u011f\u0131 bir d\u00fcnyada sa\u011fl\u0131kl\u0131 bir \u015fekilde nas\u0131l yol alacaklar\u0131n\u0131n ipu\u00e7lar\u0131n\u0131 veriyor. \u00c7ocu\u011funuzun ekran ba\u011f\u0131ml\u0131s\u0131 oldu\u011funu nas\u0131l anlars\u0131n\u0131z? Ekran ba\u011f\u0131ml\u0131s\u0131 \u00e7ocuklar\u0131n ki\u015filiklerinde en belirgin hangi \u00f6zellikleri g\u00f6r\u00fcr\u00fcz? Ekran ba\u011f\u0131ml\u0131l\u0131\u011f\u0131 \u00e7ocu\u011funuzun fiziksel ve ahlaki geli\u015fimini nas\u0131l etkiler? 2 ya\u015f\u0131ndaki \u00e7ocuklar\u0131n tablette oyun oynamas\u0131na izin verirseniz ne olur? Ekran ba\u011f\u0131ml\u0131l\u0131\u011f\u0131 sa\u011fl\u0131kl\u0131 bir ergenli\u011fe ge\u00e7i\u015f t\u00f6renini nas\u0131l engeller? Gen\u00e7 yeti\u015fkinler video oyunlar\u0131ndaki ba\u015far\u0131y\u0131 ger\u00e7ek d\u00fcnyadaki ba\u015far\u0131yla nas\u0131l kar\u0131\u015ft\u0131r\u0131yor? Anne babalar ekran ba\u011f\u0131ml\u0131s\u0131 \u00e7ocuklar i\u00e7in etkili ve h\u0131zl\u0131 \u00e7\u00f6z\u00fcmleri nas\u0131l \u00fcretebilir? <\/p>\n","protected":false},"excerpt":{"rendered":"<p>Bal\u0131k suyu soludu\u011funu bilmez. Bizler de anne babalar, \u00e7ocuklar ve gen\u00e7 yeti\u015fkinler olarak t\u0131pk\u0131 bal\u0131klar gibi dijital bir d\u00fcnyan\u0131n akvaryumunda y\u00fcz\u00fcyoruz. Modern ebeveynler olarak i\u00e7inde \u201cy\u00fczmeye\u201d<span class=\"excerpt-hellip\"> [\u2026]<\/span><\/p>\n","protected":false},"featured_media":0,"template":"","meta":{"_monsterinsights_skip_tracking":false,"_monsterinsights_sitenote_active":false,"_monsterinsights_sitenote_note":"","_monsterinsights_sitenote_category":0},"product_brand":[],"product_cat":[12831,12324],"product_tag":[],"class_list":{"0":"post-715502","1":"product","2":"type-product","3":"status-publish","5":"product_cat-aile-ve-cocuk","6":"product_cat-sosyoloji","7":"pa_cilt-ciltsiz","8":"pa_tur-kitap","9":"pa_yayinevi-destek-yayinlari","10":"pa_yazar-george-t-lynn-cynthia-c-johnson","12":"first","13":"instock","14":"sale","15":"shipping-taxable","16":"purchasable","17":"product-type-simple"},"_links":{"self":[{"href":"https:\/\/roveyayinevi.com.tr\/index.php\/wp-json\/wp\/v2\/product\/715502","targetHints":{"allow":["GET"]}}],"collection":[{"href":"https:\/\/roveyayinevi.com.tr\/index.php\/wp-json\/wp\/v2\/product"}],"about":[{"href":"https:\/\/roveyayinevi.com.tr\/index.php\/wp-json\/wp\/v2\/types\/product"}],"wp:attachment":[{"href":"https:\/\/roveyayinevi.com.tr\/index.php\/wp-json\/wp\/v2\/media?parent=715502"}],"wp:term":[{"taxonomy":"product_brand","embeddable":true,"href":"https:\/\/roveyayinevi.com.tr\/index.php\/wp-json\/wp\/v2\/product_brand?post=715502"},{"taxonomy":"product_cat","embeddable":true,"href":"https:\/\/roveyayinevi.com.tr\/index.php\/wp-json\/wp\/v2\/product_cat?post=715502"},{"taxonomy":"product_tag","embeddable":true,"href":"https:\/\/roveyayinevi.com.tr\/index.php\/wp-json\/wp\/v2\/product_tag?post=715502"}],"curies":[{"name":"wp","href":"https:\/\/api.w.org\/{rel}","templated":true}]}}