{"id":715501,"date":"2025-08-27T17:31:23","date_gmt":"2025-08-27T14:31:23","guid":{"rendered":"https:\/\/roveyayinevi.com.tr\/index.php\/urun\/turk-romaninda-ankara\/"},"modified":"2025-10-21T04:52:04","modified_gmt":"2025-10-21T01:52:04","slug":"turk-romaninda-ankara","status":"publish","type":"product","link":"https:\/\/roveyayinevi.com.tr\/index.php\/urun\/turk-romaninda-ankara\/","title":{"rendered":"T\u00fcrk Roman\u0131nda Ankara"},"content":{"rendered":"<p>Tarih boyunca pek \u00e7ok uygarl\u0131\u011fa ev sahipli\u011fi yapm\u0131\u015f, farkl\u0131 k\u00fclt\u00fcrlere kav\u015fak noktas\u0131 olmu\u015f Ankara, Osmanl\u0131 d\u00f6neminde kasaba g\u00f6r\u00fcn\u00fcm\u00fcnde s\u0131radan bir Anadolu \u015fehriyken Mill\u00ee M\u00fccadele\u2019nin merkezi olu\u015fuyla \u00f6zg\u00fcrl\u00fc\u011f\u00fcn simgesine d\u00f6n\u00fc\u015f\u00fcr. Kurtulu\u015f Sava\u015f\u0131\u2019n\u0131n zaferle sonu\u00e7lanmas\u0131 ise hem zihinlerde hem de y\u00fcreklerde kutsalla\u015fan bu \u015fehri, alt\u0131 y\u00fcz y\u0131ll\u0131k bir imparatorlu\u011fun k\u00fcllerinden do\u011fan T\u00fcrkiye Cumhuriyeti\u2019nin ba\u015fkenti yapar. Dolay\u0131s\u0131yla Ankara, Birinci D\u00fcnya Sava\u015f\u0131\u2019n\u0131n sonras\u0131nda \u00e7\u00f6kmeye ba\u015flayan Osmanl\u0131 \u0130mparatorlu\u011fu\u2019nun bir devam\u0131 olmaktan \u00e7ok, sosyal ve mek\u00e2nsal bir kopu\u015fu ifade eder. De\u011fi\u015fimin mek\u00e2nla s\u0131n\u0131rl\u0131 kalmad\u0131\u011f\u0131, bir ya\u015fam tarz\u0131na d\u00f6n\u00fc\u015ft\u00fc\u011f\u00fc bu s\u00fcrecin de\u011fi\u015fik a\u00e7\u0131lardan irdeleni\u015fi ise roman t\u00fcr\u00fcn\u00fcn ba\u015fl\u0131ca sorunsallar\u0131ndan biri haline gelir. Bu \u00e7al\u0131\u015fmada 214 roman incelenmi\u015f; 29 Ekim 1923\u2019ten itibaren \u00e7ok y\u00f6nl\u00fc ve h\u0131zl\u0131 bir de\u011fi\u015fim s\u00fcrecine giren Ankara, kurmaca d\u00fcnyaya yans\u0131yan t\u00fcm boyutlar\u0131yla ele al\u0131nmaya \u00e7al\u0131\u015f\u0131lm\u0131\u015ft\u0131r. Be\u015f ana b\u00f6l\u00fcmden olu\u015fan \u00e7al\u0131\u015fman\u0131n \u201cTarihte Ankara\u201d ba\u015fl\u0131\u011f\u0131n\u0131 ta\u015f\u0131yan ilk k\u0131sm\u0131nda, Roma ba\u015fta olmak \u00fczere pek \u00e7ok eski uygarl\u0131\u011fa ev sahipli\u011fi yapm\u0131\u015f Ankara\u2019n\u0131n tarih\u00ee \u00f6nem ta\u015f\u0131yan mimar\u00ee eserleri irdelenmi\u015f; \u201cAnkara\u2019n\u0131n Do\u011fas\u0131\u201d ba\u015fl\u0131\u011f\u0131n\u0131 ta\u015f\u0131yan ikinci b\u00f6l\u00fcmde \u015fehrin uluslararas\u0131 literat\u00fcre giren do\u011fal varl\u0131klar\u0131 ele al\u0131nm\u0131\u015f; \u201cAnkara\u2019n\u0131n Mek\u00e2nlar\u0131\u201d ba\u015fl\u0131\u011f\u0131n\u0131 ta\u015f\u0131yan \u00fc\u00e7\u00fcnc\u00fc b\u00f6l\u00fcmde \u015fehrin ba\u015fkent olmadan \u00f6nceki ve olduktan sonraki mek\u00e2nlar\u0131 tespit edilmi\u015f; \u201cKentsel Doku\u201d ba\u015fl\u0131kl\u0131 d\u00f6rd\u00fcnc\u00fc b\u00f6l\u00fcmde \u015fehrin dokusunu olu\u015fturan heykeller, an\u0131tlar, parklar, meydanlar ve bah\u00e7eler incelenmi\u015f; \u201c\u015eehir ve \u0130nsan\u201d ba\u015fl\u0131kl\u0131 be\u015finci ve son b\u00f6l\u00fcmde ise demografik yap\u0131, \u015fehre y\u00f6nelik nitelemeler, ya\u015fanan konut s\u0131k\u0131nt\u0131s\u0131, ba\u015fkentin imar\u0131 ve neredeyse t\u00fcm b\u00f6l\u00fcmlere sinen Ankara-\u0130stanbul mukayesesi yer alm\u0131\u015ft\u0131r. <\/p>\n","protected":false},"excerpt":{"rendered":"<p>Tarih boyunca pek \u00e7ok uygarl\u0131\u011fa ev sahipli\u011fi yapm\u0131\u015f, farkl\u0131 k\u00fclt\u00fcrlere kav\u015fak noktas\u0131 olmu\u015f Ankara, Osmanl\u0131 d\u00f6neminde kasaba g\u00f6r\u00fcn\u00fcm\u00fcnde s\u0131radan bir Anadolu \u015fehriyken Mill\u00ee M\u00fccadele\u2019nin merkezi olu\u015fuyla<span class=\"excerpt-hellip\"> [\u2026]<\/span><\/p>\n","protected":false},"featured_media":0,"template":"","meta":{"_monsterinsights_skip_tracking":false,"_monsterinsights_sitenote_active":false,"_monsterinsights_sitenote_note":"","_monsterinsights_sitenote_category":0},"product_brand":[],"product_cat":[13072,12291],"product_tag":[],"class_list":{"0":"post-715501","1":"product","2":"type-product","3":"status-publish","5":"product_cat-arastirma-inceleme-referans","6":"product_cat-edebiyat","7":"pa_cilt-ciltsiz","8":"pa_tur-kitap","9":"pa_yayinevi-koc-universitesi-yayinlari","10":"pa_yazar-esra-sazyek","12":"first","13":"instock","14":"sale","15":"shipping-taxable","16":"purchasable","17":"product-type-simple"},"_links":{"self":[{"href":"https:\/\/roveyayinevi.com.tr\/index.php\/wp-json\/wp\/v2\/product\/715501","targetHints":{"allow":["GET"]}}],"collection":[{"href":"https:\/\/roveyayinevi.com.tr\/index.php\/wp-json\/wp\/v2\/product"}],"about":[{"href":"https:\/\/roveyayinevi.com.tr\/index.php\/wp-json\/wp\/v2\/types\/product"}],"wp:attachment":[{"href":"https:\/\/roveyayinevi.com.tr\/index.php\/wp-json\/wp\/v2\/media?parent=715501"}],"wp:term":[{"taxonomy":"product_brand","embeddable":true,"href":"https:\/\/roveyayinevi.com.tr\/index.php\/wp-json\/wp\/v2\/product_brand?post=715501"},{"taxonomy":"product_cat","embeddable":true,"href":"https:\/\/roveyayinevi.com.tr\/index.php\/wp-json\/wp\/v2\/product_cat?post=715501"},{"taxonomy":"product_tag","embeddable":true,"href":"https:\/\/roveyayinevi.com.tr\/index.php\/wp-json\/wp\/v2\/product_tag?post=715501"}],"curies":[{"name":"wp","href":"https:\/\/api.w.org\/{rel}","templated":true}]}}