{"id":715500,"date":"2025-08-27T17:31:22","date_gmt":"2025-08-27T14:31:22","guid":{"rendered":"https:\/\/roveyayinevi.com.tr\/index.php\/urun\/beyaz-buyu-kagidin-cagi\/"},"modified":"2026-04-16T02:23:44","modified_gmt":"2026-04-15T23:23:44","slug":"beyaz-buyu-kagidin-cagi","status":"publish","type":"product","link":"https:\/\/roveyayinevi.com.tr\/index.php\/urun\/beyaz-buyu-kagidin-cagi\/","title":{"rendered":"Beyaz B\u00fcy\u00fc &#8211; Ka\u011f\u0131d\u0131n \u00c7a\u011f\u0131"},"content":{"rendered":"<p>\u00dczerine yaz\u0131 yazabilir, \u00e7izebilir, bask\u0131 yapabiliriz; onu y\u0131rtabilir, buru\u015fturabilir ya da katlayabiliriz. K\u00e2\u011f\u0131t b\u00fcy\u00fcl\u00fc bir cisim ve ba\u015fka hi\u00e7bir \u015fey modern d\u00fcnyan\u0131n geli\u015fimine onun kadar katk\u0131 sa\u011flamad\u0131, hatta insan\u0131 bu denli de\u011fi\u015ftirmedi. Kutsal kitaplardan iskambil k\u00e2\u011f\u0131d\u0131na, banknottan gazeteye, tuvalet k\u00e2\u011f\u0131d\u0131ndan hisse senedine, bo\u015f sayfalardan ba\u015fyap\u0131tlara her alanda, her s\u0131n\u0131f\u0131n, her an hayat\u0131nda. Beyaz B\u00fcy\u00fc\u2019de Lothar M\u00fcller, \u00c7in\u2019de do\u011fan k\u00e2\u011f\u0131d\u0131n M\u0131s\u0131r\u2019dan Avrupa\u2019ya nas\u0131l geldi\u011fini ve nas\u0131l modern medeniyetin hammaddesine d\u00f6n\u00fc\u015ft\u00fc\u011f\u00fcn\u00fc anlat\u0131yor. Edebiyata hem \u015fekil veren hem de esin kayna\u011f\u0131 olan bu b\u00fcy\u00fcl\u00fc cismin, beyaz bir sayfaya d\u00f6n\u00fc\u015fene kadar ge\u00e7ti\u011fi yolda k\u00e2\u011f\u0131t fabrikat\u00f6rlerinden pa\u00e7avra toplay\u0131c\u0131lar\u0131na, mucitlerden edebiyat\u00e7\u0131lara, roman kahramanlar\u0131ndan devlet adamlar\u0131na dokundu\u011fu insanlarla yeniden tan\u0131\u015ft\u0131r\u0131yor bizleri. Edebiyat ele\u015ftirmeni ve gazeteci Lothar M\u00fcller, S\u00fcddeutsche Zeitung\u2019un k\u00fclt\u00fcr eklerinin yaz\u0131 i\u015fleri m\u00fcd\u00fcr\u00fc. Ayn\u0131 zamanda Berlin\u2019deki Humboldt \u00dcniversitesi\u2019nde onursal profes\u00f6r. <\/p>\n","protected":false},"excerpt":{"rendered":"<p>\u00dczerine yaz\u0131 yazabilir, \u00e7izebilir, bask\u0131 yapabiliriz; onu y\u0131rtabilir, buru\u015fturabilir ya da katlayabiliriz. K\u00e2\u011f\u0131t b\u00fcy\u00fcl\u00fc bir cisim ve ba\u015fka hi\u00e7bir \u015fey modern d\u00fcnyan\u0131n geli\u015fimine onun kadar katk\u0131<span class=\"excerpt-hellip\"> [\u2026]<\/span><\/p>\n","protected":false},"featured_media":0,"template":"","meta":{"_monsterinsights_skip_tracking":false,"_monsterinsights_sitenote_active":false,"_monsterinsights_sitenote_note":"","_monsterinsights_sitenote_category":0},"product_brand":[],"product_cat":[12370,12304],"product_tag":[],"class_list":{"0":"post-715500","1":"product","2":"type-product","3":"status-publish","5":"product_cat-arastirma-inceleme","6":"product_cat-tarih","7":"pa_cilt-ciltsiz","8":"pa_tur-kitap","9":"pa_yayinevi-koc-universitesi-yayinlari","10":"pa_yazar-lothar-muller","12":"first","13":"instock","14":"sale","15":"shipping-taxable","16":"purchasable","17":"product-type-simple"},"_links":{"self":[{"href":"https:\/\/roveyayinevi.com.tr\/index.php\/wp-json\/wp\/v2\/product\/715500","targetHints":{"allow":["GET"]}}],"collection":[{"href":"https:\/\/roveyayinevi.com.tr\/index.php\/wp-json\/wp\/v2\/product"}],"about":[{"href":"https:\/\/roveyayinevi.com.tr\/index.php\/wp-json\/wp\/v2\/types\/product"}],"wp:attachment":[{"href":"https:\/\/roveyayinevi.com.tr\/index.php\/wp-json\/wp\/v2\/media?parent=715500"}],"wp:term":[{"taxonomy":"product_brand","embeddable":true,"href":"https:\/\/roveyayinevi.com.tr\/index.php\/wp-json\/wp\/v2\/product_brand?post=715500"},{"taxonomy":"product_cat","embeddable":true,"href":"https:\/\/roveyayinevi.com.tr\/index.php\/wp-json\/wp\/v2\/product_cat?post=715500"},{"taxonomy":"product_tag","embeddable":true,"href":"https:\/\/roveyayinevi.com.tr\/index.php\/wp-json\/wp\/v2\/product_tag?post=715500"}],"curies":[{"name":"wp","href":"https:\/\/api.w.org\/{rel}","templated":true}]}}