{"id":715490,"date":"2025-08-27T17:31:16","date_gmt":"2025-08-27T14:31:16","guid":{"rendered":"https:\/\/roveyayinevi.com.tr\/index.php\/urun\/platon-oncesi-filozoflar\/"},"modified":"2026-04-16T02:23:44","modified_gmt":"2026-04-15T23:23:44","slug":"platon-oncesi-filozoflar","status":"publish","type":"product","link":"https:\/\/roveyayinevi.com.tr\/index.php\/urun\/platon-oncesi-filozoflar\/","title":{"rendered":"Platon \u00d6ncesi Filozoflar"},"content":{"rendered":"<p>Platon \u00d6ncesi Filozoflar\u201d \u00fczerine bu dersler, 1872-1873 tarihlidir. Nietzsche bu dersleri, 1876 y\u0131l\u0131nda elden ge\u00e7irmi\u015ftir. M\u00fczisyen ve filozof Paolo D&#8217;Iorio Almanya\u2019n\u0131n Weimar kentindeki Goethe Schiller Ar\u015fivlerinde saklanan elyazmalar\u0131n\u0131 tekrar inceledi ve derslerin daha \u00f6nceki 1913 (Kr\u00f6ner) ve 1921 (Musarion) tarihli Almanca bask\u0131lar\u0131nda eksik olan k\u0131s\u0131mlar\u0131 tamamlayarak eseri eksiksiz bi\u00e7imde bize sundu. Bu kitap ayr\u0131ca yine yak\u0131n zamanda yay\u0131na haz\u0131rlanan \u201cFilozoflar\u0131n Silsileleri metnini de i\u00e7eriyor.<\/p>\n","protected":false},"excerpt":{"rendered":"<p>Platon \u00d6ncesi Filozoflar\u201d \u00fczerine bu dersler, 1872-1873 tarihlidir. Nietzsche bu dersleri, 1876 y\u0131l\u0131nda elden ge\u00e7irmi\u015ftir. M\u00fczisyen ve filozof Paolo D&#8217;Iorio Almanya\u2019n\u0131n Weimar kentindeki Goethe Schiller Ar\u015fivlerinde<span class=\"excerpt-hellip\"> [\u2026]<\/span><\/p>\n","protected":false},"featured_media":0,"template":"","meta":{"_monsterinsights_skip_tracking":false,"_monsterinsights_sitenote_active":false,"_monsterinsights_sitenote_note":"","_monsterinsights_sitenote_category":0},"product_brand":[],"product_cat":[12388,26788],"product_tag":[],"class_list":{"0":"post-715490","1":"product","2":"type-product","3":"status-publish","5":"product_cat-felsefe","6":"product_cat-filozoflar","7":"pa_cilt-ciltsiz","8":"pa_tur-kitap","9":"pa_yayinevi-pinhan-yayincilik","10":"pa_yazar-friedrich-nietzsche","12":"first","13":"instock","14":"sale","15":"shipping-taxable","16":"purchasable","17":"product-type-simple"},"_links":{"self":[{"href":"https:\/\/roveyayinevi.com.tr\/index.php\/wp-json\/wp\/v2\/product\/715490","targetHints":{"allow":["GET"]}}],"collection":[{"href":"https:\/\/roveyayinevi.com.tr\/index.php\/wp-json\/wp\/v2\/product"}],"about":[{"href":"https:\/\/roveyayinevi.com.tr\/index.php\/wp-json\/wp\/v2\/types\/product"}],"wp:attachment":[{"href":"https:\/\/roveyayinevi.com.tr\/index.php\/wp-json\/wp\/v2\/media?parent=715490"}],"wp:term":[{"taxonomy":"product_brand","embeddable":true,"href":"https:\/\/roveyayinevi.com.tr\/index.php\/wp-json\/wp\/v2\/product_brand?post=715490"},{"taxonomy":"product_cat","embeddable":true,"href":"https:\/\/roveyayinevi.com.tr\/index.php\/wp-json\/wp\/v2\/product_cat?post=715490"},{"taxonomy":"product_tag","embeddable":true,"href":"https:\/\/roveyayinevi.com.tr\/index.php\/wp-json\/wp\/v2\/product_tag?post=715490"}],"curies":[{"name":"wp","href":"https:\/\/api.w.org\/{rel}","templated":true}]}}