{"id":715489,"date":"2025-08-27T17:31:16","date_gmt":"2025-08-27T14:31:16","guid":{"rendered":"https:\/\/roveyayinevi.com.tr\/index.php\/urun\/iktisat-sosyolojisi\/"},"modified":"2026-04-16T02:23:44","modified_gmt":"2026-04-15T23:23:44","slug":"iktisat-sosyolojisi","status":"publish","type":"product","link":"https:\/\/roveyayinevi.com.tr\/index.php\/urun\/iktisat-sosyolojisi\/","title":{"rendered":"\u0130ktisat Sosyolojisi"},"content":{"rendered":"<p>Ekonomiyi anlamak ve a\u00e7\u0131klamak i\u00e7in b\u00fct\u00fcn tarihsel ve toplumsal fakt\u00f6rleri kullanan politik ekonomiden, tarihselli\u011fin dikkate al\u0131nmad\u0131\u011f\u0131, toplumsal\u0131n yerini soyutlanm\u0131\u015f bireyin \u2013homo \u00e6conomicus- ald\u0131\u011f\u0131, marjinalist temeller \u00fczerine kurulu (neoklasik) iktisada ge\u00e7i\u015fle birlikte iktisat ve sosyoloji disipliner olarak ayr\u0131\u015ft\u0131. Biri bireyle ve piyasa ili\u015fkileriyle di\u011feri ise s\u0131n\u0131f, aile, k\u00fclt\u00fcr vb. ve piyasa d\u0131\u015f\u0131 ili\u015fkilerle ilgilendi, aralar\u0131nda inceleme nesnesi ve metodoloji bak\u0131m\u0131ndan \u00f6nemli bir kopu\u015f ya\u015fand\u0131. \u0130ktisat Sosyolojisi ise bu kopu\u015fa itiraz eden \u00e7al\u0131\u015fmalar\u0131n ortaya \u00e7\u0131kard\u0131\u011f\u0131 bir alan oldu. Bu alanda yap\u0131lan \u00e7al\u0131\u015fmalar iki disiplinin birbirini beslemesini sa\u011flamaya, sosyal bilimler alan\u0131nda daha b\u00fct\u00fcnc\u00fcl bir analiz ortaya koyamaya \u00e7al\u0131\u015ft\u0131 ve \u00e7al\u0131\u015fmaktad\u0131r. Bir bak\u0131ma disipliner ayr\u0131\u015fmaya temel olan bak\u0131\u015f a\u00e7\u0131s\u0131n\u0131n sorguland\u0131\u011f\u0131 bir aland\u0131r. Bu kitap, sosyoloji taraf\u0131 a\u011f\u0131r basan standart iktisat sosyolojisi kitaplar\u0131ndan farkl\u0131 olan \u2013iktisat okullar\u0131n\u0131 da inceleyenkurgusuyla ilgili sorgulamaya \u00f6nemli bir katk\u0131 yapacakt\u0131r. \u0130ktisat sosyolojisi alan\u0131nda \u00e7al\u0131\u015fanlar i\u00e7in \u00f6nemli bir kaynak olmas\u0131n\u0131 umuyoruz.<\/p>\n","protected":false},"excerpt":{"rendered":"<p>Ekonomiyi anlamak ve a\u00e7\u0131klamak i\u00e7in b\u00fct\u00fcn tarihsel ve toplumsal fakt\u00f6rleri kullanan politik ekonomiden, tarihselli\u011fin dikkate al\u0131nmad\u0131\u011f\u0131, toplumsal\u0131n yerini soyutlanm\u0131\u015f bireyin \u2013homo \u00e6conomicus- ald\u0131\u011f\u0131, marjinalist temeller \u00fczerine<span class=\"excerpt-hellip\"> [\u2026]<\/span><\/p>\n","protected":false},"featured_media":0,"template":"","meta":{"_monsterinsights_skip_tracking":false,"_monsterinsights_sitenote_active":false,"_monsterinsights_sitenote_note":"","_monsterinsights_sitenote_category":0},"product_brand":[],"product_cat":[12325,12324],"product_tag":[],"class_list":{"0":"post-715489","1":"product","2":"type-product","3":"status-publish","5":"product_cat-diger-sosyoloji","6":"product_cat-sosyoloji","7":"pa_cilt-ciltsiz","8":"pa_tur-kitap","9":"pa_yayinevi-heretik-yayincilik","10":"pa_yazar-kolektif","12":"first","13":"instock","14":"sale","15":"shipping-taxable","16":"purchasable","17":"product-type-simple"},"_links":{"self":[{"href":"https:\/\/roveyayinevi.com.tr\/index.php\/wp-json\/wp\/v2\/product\/715489","targetHints":{"allow":["GET"]}}],"collection":[{"href":"https:\/\/roveyayinevi.com.tr\/index.php\/wp-json\/wp\/v2\/product"}],"about":[{"href":"https:\/\/roveyayinevi.com.tr\/index.php\/wp-json\/wp\/v2\/types\/product"}],"wp:attachment":[{"href":"https:\/\/roveyayinevi.com.tr\/index.php\/wp-json\/wp\/v2\/media?parent=715489"}],"wp:term":[{"taxonomy":"product_brand","embeddable":true,"href":"https:\/\/roveyayinevi.com.tr\/index.php\/wp-json\/wp\/v2\/product_brand?post=715489"},{"taxonomy":"product_cat","embeddable":true,"href":"https:\/\/roveyayinevi.com.tr\/index.php\/wp-json\/wp\/v2\/product_cat?post=715489"},{"taxonomy":"product_tag","embeddable":true,"href":"https:\/\/roveyayinevi.com.tr\/index.php\/wp-json\/wp\/v2\/product_tag?post=715489"}],"curies":[{"name":"wp","href":"https:\/\/api.w.org\/{rel}","templated":true}]}}