{"id":715488,"date":"2025-08-27T17:31:16","date_gmt":"2025-08-27T14:31:16","guid":{"rendered":"https:\/\/roveyayinevi.com.tr\/index.php\/urun\/cagdas-sanat-ve-yeniden-uretim\/"},"modified":"2026-03-12T02:31:55","modified_gmt":"2026-03-11T23:31:55","slug":"cagdas-sanat-ve-yeniden-uretim","status":"publish","type":"product","link":"https:\/\/roveyayinevi.com.tr\/index.php\/urun\/cagdas-sanat-ve-yeniden-uretim\/","title":{"rendered":"\u00c7a\u011fda\u015f Sanat ve Yeniden \u00dcretim"},"content":{"rendered":"<p>Akademik sanat e\u011fitiminin \u00f6nemli bir a\u015famas\u0131 da Eski Ustalar\u2019\u0131n resimlerinin kopyalar\u0131n\u0131 yaparak teknik beceriyi art\u0131rmakt\u0131r. Sanat\u00e7\u0131lar, ba\u015fka sanat\u00e7\u0131lar\u0131n yap\u0131tlar\u0131ndan ilham al\u0131rlar, zaman zaman kendi yap\u0131tlar\u0131nda onlara g\u00f6nderme yapan imgeler kullan\u0131rlar, pek \u00e7ok bak\u0131mdan birbirlerine \u00f6yk\u00fcnebilirler. Kimi sanat\u00e7\u0131lar, ba\u015fkalar\u0131n\u0131n yap\u0131tlar\u0131n\u0131 bire bir kopyalayarak \u00fcretim yapmay\u0131 ki\u015fisel \u00fcslubu olarak benimserken kimileri bunu \u00e7e\u015fitli kayg\u0131larla gizlice yapar ki ona sahtecilik denir. Peki, ilham\u0131n, \u00f6yk\u00fcnmenin, al\u0131nt\u0131 yapman\u0131n, taklit etmenin ve sahtecili\u011fin s\u0131n\u0131r\u0131 nedir? Akademisyen Figen Girgin\u2019in kaleme ald\u0131\u011f\u0131 \u00c7a\u011fda\u015f Sanat ve Yeniden \u00dcretim: Al\u0131nt\u0131, \u00d6yk\u00fcnme, Kolaj, Taklit, s\u00f6z konusu s\u0131n\u0131rlar\u0131 sanatta tarihsel ge\u00e7mi\u015fiyle birlikte ele al\u0131yor. \u00c7a\u011fda\u015f sanatta s\u0131kl\u0131kla kar\u015f\u0131la\u015f\u0131lan \u201cbir yap\u0131t\u0131n yeniden \u00fcretimi\u201dnin \u00e7e\u015fitli uygulamalar\u0131n\u0131 \u00e7arp\u0131c\u0131 \u00f6rneklerle a\u00e7\u0131klarken okurun kar\u015f\u0131la\u015ft\u0131rmal\u0131 bir g\u00f6rsel okuma yapmas\u0131n\u0131 da sa\u011fl\u0131yor. Konuyu temalar \u00fczerinden kategorilere ay\u0131ran Girgin, sanat formu olarak yeniden \u00fcretimin \u00e7a\u011fda\u015f sanattaki yerini sorguluyor. <\/p>\n","protected":false},"excerpt":{"rendered":"<p>Akademik sanat e\u011fitiminin \u00f6nemli bir a\u015famas\u0131 da Eski Ustalar\u2019\u0131n resimlerinin kopyalar\u0131n\u0131 yaparak teknik beceriyi art\u0131rmakt\u0131r. Sanat\u00e7\u0131lar, ba\u015fka sanat\u00e7\u0131lar\u0131n yap\u0131tlar\u0131ndan ilham al\u0131rlar, zaman zaman kendi yap\u0131tlar\u0131nda onlara<span class=\"excerpt-hellip\"> [\u2026]<\/span><\/p>\n","protected":false},"featured_media":0,"template":"","meta":{"_monsterinsights_skip_tracking":false,"_monsterinsights_sitenote_active":false,"_monsterinsights_sitenote_note":"","_monsterinsights_sitenote_category":0},"product_brand":[],"product_cat":[13021,12408],"product_tag":[],"class_list":{"0":"post-715488","1":"product","2":"type-product","3":"status-publish","5":"product_cat-sahne-sanatlari","6":"product_cat-sanat","7":"pa_cilt-ciltsiz","8":"pa_tur-kitap","9":"pa_yayinevi-hayalperest-yayinlari","10":"pa_yazar-figen-girgin","12":"first","13":"instock","14":"sale","15":"shipping-taxable","16":"purchasable","17":"product-type-simple"},"_links":{"self":[{"href":"https:\/\/roveyayinevi.com.tr\/index.php\/wp-json\/wp\/v2\/product\/715488","targetHints":{"allow":["GET"]}}],"collection":[{"href":"https:\/\/roveyayinevi.com.tr\/index.php\/wp-json\/wp\/v2\/product"}],"about":[{"href":"https:\/\/roveyayinevi.com.tr\/index.php\/wp-json\/wp\/v2\/types\/product"}],"wp:attachment":[{"href":"https:\/\/roveyayinevi.com.tr\/index.php\/wp-json\/wp\/v2\/media?parent=715488"}],"wp:term":[{"taxonomy":"product_brand","embeddable":true,"href":"https:\/\/roveyayinevi.com.tr\/index.php\/wp-json\/wp\/v2\/product_brand?post=715488"},{"taxonomy":"product_cat","embeddable":true,"href":"https:\/\/roveyayinevi.com.tr\/index.php\/wp-json\/wp\/v2\/product_cat?post=715488"},{"taxonomy":"product_tag","embeddable":true,"href":"https:\/\/roveyayinevi.com.tr\/index.php\/wp-json\/wp\/v2\/product_tag?post=715488"}],"curies":[{"name":"wp","href":"https:\/\/api.w.org\/{rel}","templated":true}]}}