{"id":715487,"date":"2025-08-27T17:31:15","date_gmt":"2025-08-27T14:31:15","guid":{"rendered":"https:\/\/roveyayinevi.com.tr\/index.php\/urun\/olusum-sureci-icinde-op-art\/"},"modified":"2026-03-12T02:31:55","modified_gmt":"2026-03-11T23:31:55","slug":"olusum-sureci-icinde-op-art","status":"publish","type":"product","link":"https:\/\/roveyayinevi.com.tr\/index.php\/urun\/olusum-sureci-icinde-op-art\/","title":{"rendered":"Olu\u015fum S\u00fcreci \u0130\u00e7inde Op Art"},"content":{"rendered":"<p>I\u015f\u0131k y\u00fczy\u0131llar boyunca b\u00fct\u00fcn sanat\u00e7\u0131lar taraf\u0131ndan her zaman etkili bir sekilde kullan\u0131lm\u0131\u015f ve ortaya koyulan yap\u0131tlarla bize ger\u00e7e\u011fi \u00e7ok boyutlu olarak yans\u0131tm\u0131\u015ft\u0131r. Son y\u00fczy\u0131lda kavramlar\u0131n de\u011fi\u015fmesine sebep olan k\u00fclt\u00fcrel ve teknolojik geli\u015fmeler ger\u00e7ek ile ger\u00e7ek d\u0131\u015f\u0131n\u0131n bir arada oldu\u011fu yeni bir d\u00f6nemi ba\u015flatm\u0131\u015f, bu anlamda beynimizin yarat\u0131c\u0131 k\u0131sm\u0131n\u0131 devreye sokmu\u015ftur. G\u00f6rsel sanatlar alan\u0131nda bilimsel i\u00e7eri\u011fi sebebiyle  \u201cfarkl\u0131\u201d olarak tan\u0131mlanan Op Art\u2019\u0131n nas\u0131l ortaya \u00e7\u0131kt\u0131\u011f\u0131na, dayand\u0131\u011f\u0131 kuramlara, genel \u00f6zelliklerine ve eserleriyle birlikte Op sanat\u00e7\u0131lara yer veren bu kitap, bir yandan \u00f6nemli bir referans kitab\u0131 olurken di\u011fer yandan Op Art\u2019\u0131 sanatseverlere yal\u0131n bir dille anlatmaktad\u0131r.   \u201c&#8230;\u00c7izgileri ile sonsuzluk \u00e7a\u011fr\u0131s\u0131 yapan Op Art, Schelling\u2019in tabiriyle \u201csonsuz olan\u0131 sonlu olanda\u201d ortaya koyarken XX. y\u00fczy\u0131lla birlikte d\u00f6n\u00fc\u015f\u00fcme u\u011frayan sanat konseptinin al\u0131mlay\u0131c\u0131s\u0131n\u0131 birinci plana ta\u015f\u0131r. Ak\u0131m\u0131n alg\u0131 yan\u0131lsamas\u0131na endekslenen sanat anlay\u0131\u015f\u0131, al\u0131mlay\u0131c\u0131s\u0131n\u0131n e\u011fitim ve ya\u015f gibi bireysel farkl\u0131l\u0131klar\u0131n\u0131 ortadan kald\u0131rmay\u0131 hedefler. Di\u011fer bir deyi\u015fle al\u0131mlay\u0131c\u0131, bir anlamda tikellikten \u00e7\u0131kart\u0131l\u0131r. Bireysel farkl\u0131l\u0131klar\u0131n etkili olmad\u0131\u011f\u0131 ve t\u00fcm\u00fcyle genel-ge\u00e7er bir platformdan hareket eden ak\u0131m, alg\u0131lama mekanizmas\u0131n\u0131n i\u015fleyi\u015finden yararlan\u0131r. Dolay\u0131s\u0131yla her bireyde ayn\u0131 g\u00f6rsel etkiyi olu\u015fturmak, ak\u0131m\u0131n varl\u0131k nedenini te\u015fkil eder. Art\u0131k yap\u0131t\u0131n anlamland\u0131r\u0131lmas\u0131 i\u00e7in al\u0131mlay\u0131c\u0131n\u0131n belli bir k\u00fclt\u00fcrel birikime gereksinimi kalmaz. Al\u0131mlay\u0131c\u0131 a\u00e7\u0131s\u0131ndan bireysel ve k\u00fclt\u00fcrel farkl\u0131l\u0131klar\u0131 a\u015fma istemi ile yola \u00e7\u0131kan Op Art, sanatsal yarat\u0131c\u0131l\u0131\u011f\u0131 teknoloji ile destekleyerek sanat\u00e7\u0131 yetene\u011finden ve kimli\u011finden kaynaklanan bireysel farkl\u0131l\u0131klar\u0131 da ortadan kald\u0131r\u0131r. \u201cTeknoloji mi bize ba\u011fl\u0131, biz mi teknolojiye\u201d sorusunu zihinlere ta\u015f\u0131yan Op Art\u2019\u0131n, bug\u00fcnlerin g\u00fcndemine yerle\u015fen Digital Art\u2019\u0131n da yolunu a\u00e7m\u0131\u015f oldu\u011fu sav\u0131, yap\u0131lan \u00e7al\u0131\u015fmaya g\u00fcncellik ba\u011flam\u0131nda \u00f6nem kazand\u0131rmaktad\u0131r.\u201d <\/p>\n","protected":false},"excerpt":{"rendered":"<p>I\u015f\u0131k y\u00fczy\u0131llar boyunca b\u00fct\u00fcn sanat\u00e7\u0131lar taraf\u0131ndan her zaman etkili bir sekilde kullan\u0131lm\u0131\u015f ve ortaya koyulan yap\u0131tlarla bize ger\u00e7e\u011fi \u00e7ok boyutlu olarak yans\u0131tm\u0131\u015ft\u0131r. Son y\u00fczy\u0131lda kavramlar\u0131n de\u011fi\u015fmesine<span class=\"excerpt-hellip\"> [\u2026]<\/span><\/p>\n","protected":false},"featured_media":0,"template":"","meta":{"_monsterinsights_skip_tracking":false,"_monsterinsights_sitenote_active":false,"_monsterinsights_sitenote_note":"","_monsterinsights_sitenote_category":0},"product_brand":[],"product_cat":[13021,12408],"product_tag":[],"class_list":{"0":"post-715487","1":"product","2":"type-product","3":"status-publish","5":"product_cat-sahne-sanatlari","6":"product_cat-sanat","7":"pa_cilt-ciltsiz","8":"pa_tur-kitap","9":"pa_yayinevi-hayalperest-yayinlari","10":"pa_yazar-sibel-avci-tugal","12":"first","13":"instock","14":"sale","15":"shipping-taxable","16":"purchasable","17":"product-type-simple"},"_links":{"self":[{"href":"https:\/\/roveyayinevi.com.tr\/index.php\/wp-json\/wp\/v2\/product\/715487","targetHints":{"allow":["GET"]}}],"collection":[{"href":"https:\/\/roveyayinevi.com.tr\/index.php\/wp-json\/wp\/v2\/product"}],"about":[{"href":"https:\/\/roveyayinevi.com.tr\/index.php\/wp-json\/wp\/v2\/types\/product"}],"wp:attachment":[{"href":"https:\/\/roveyayinevi.com.tr\/index.php\/wp-json\/wp\/v2\/media?parent=715487"}],"wp:term":[{"taxonomy":"product_brand","embeddable":true,"href":"https:\/\/roveyayinevi.com.tr\/index.php\/wp-json\/wp\/v2\/product_brand?post=715487"},{"taxonomy":"product_cat","embeddable":true,"href":"https:\/\/roveyayinevi.com.tr\/index.php\/wp-json\/wp\/v2\/product_cat?post=715487"},{"taxonomy":"product_tag","embeddable":true,"href":"https:\/\/roveyayinevi.com.tr\/index.php\/wp-json\/wp\/v2\/product_tag?post=715487"}],"curies":[{"name":"wp","href":"https:\/\/api.w.org\/{rel}","templated":true}]}}