{"id":715482,"date":"2025-08-27T17:31:12","date_gmt":"2025-08-27T14:31:12","guid":{"rendered":"https:\/\/roveyayinevi.com.tr\/index.php\/urun\/milena-eve-donuyor\/"},"modified":"2026-04-16T02:23:44","modified_gmt":"2026-04-15T23:23:44","slug":"milena-eve-donuyor","status":"publish","type":"product","link":"https:\/\/roveyayinevi.com.tr\/index.php\/urun\/milena-eve-donuyor\/","title":{"rendered":"Milena Eve D\u00f6n\u00fcyor"},"content":{"rendered":"<p>Milena, \u2026 D\u00fcn gece uyand\u0131\u011f\u0131mda nefes alam\u0131yordum. Y\u00fcz\u00fcst\u00fc yatm\u0131\u015f, sanki sen foto\u011fraf\u0131m\u0131 ters \u00e7evirmi\u015fsin gibi y\u00fcz\u00fcm\u00fc yast\u0131\u011fa bast\u0131rm\u0131\u015ft\u0131mBu y\u00fczden mi bana yazm\u0131yorsun? Bu y\u00fczden mi bana yazm\u0131yorsun? Ger\u00e7eklikle ili\u015fkisi \u015f\u00fcpheli bir senaryo var ortada. Gen\u00e7 bir kad\u0131n evine d\u00f6n\u00fcyor, ad\u0131 Milena. Tan\u0131mad\u0131\u011f\u0131 \u00e2\u015f\u0131\u011f\u0131ndan,bilmedi\u011fi dilde mektuplar al\u0131yor; adam onu \u00e7ok \u00f6zlemi\u015f. Prag meydan\u0131nda bir \u00f6l\u00fc varm\u0131\u015f, kimli\u011fi bilinmiyor\u2026\u00dcnl\u00fc y\u00f6netmen herkesin \u015f\u00fcpheyle yakla\u015ft\u0131\u011f\u0131 son filminde korku ile tutkuyu harmanlamay\u0131 deniyor: kaosun ortas\u0131nda g\u00f6z\u00fc hi\u00e7bir \u015feyi g\u00f6rmeyen bir a\u015fk! Sahne haz\u0131r, oyuncular yakla\u015f\u0131yor\u2026 I\u015f\u0131klar, kamera\u2026 ve motor!.. <\/p>\n","protected":false},"excerpt":{"rendered":"<p>Milena, \u2026 D\u00fcn gece uyand\u0131\u011f\u0131mda nefes alam\u0131yordum. Y\u00fcz\u00fcst\u00fc yatm\u0131\u015f, sanki sen foto\u011fraf\u0131m\u0131 ters \u00e7evirmi\u015fsin gibi y\u00fcz\u00fcm\u00fc yast\u0131\u011fa bast\u0131rm\u0131\u015ft\u0131mBu y\u00fczden mi bana yazm\u0131yorsun? Bu y\u00fczden mi bana<span class=\"excerpt-hellip\"> [\u2026]<\/span><\/p>\n","protected":false},"featured_media":0,"template":"","meta":{"_monsterinsights_skip_tracking":false,"_monsterinsights_sitenote_active":false,"_monsterinsights_sitenote_note":"","_monsterinsights_sitenote_category":0},"product_brand":[],"product_cat":[12291,12711],"product_tag":[],"class_list":{"0":"post-715482","1":"product","2":"type-product","3":"status-publish","5":"product_cat-edebiyat","6":"product_cat-roman-oyku","7":"pa_cilt-ciltsiz","8":"pa_tur-kitap","9":"pa_yayinevi-nemesis-kitap","10":"pa_yazar-katri-lipson","12":"first","13":"instock","14":"sale","15":"shipping-taxable","16":"purchasable","17":"product-type-simple"},"_links":{"self":[{"href":"https:\/\/roveyayinevi.com.tr\/index.php\/wp-json\/wp\/v2\/product\/715482","targetHints":{"allow":["GET"]}}],"collection":[{"href":"https:\/\/roveyayinevi.com.tr\/index.php\/wp-json\/wp\/v2\/product"}],"about":[{"href":"https:\/\/roveyayinevi.com.tr\/index.php\/wp-json\/wp\/v2\/types\/product"}],"wp:attachment":[{"href":"https:\/\/roveyayinevi.com.tr\/index.php\/wp-json\/wp\/v2\/media?parent=715482"}],"wp:term":[{"taxonomy":"product_brand","embeddable":true,"href":"https:\/\/roveyayinevi.com.tr\/index.php\/wp-json\/wp\/v2\/product_brand?post=715482"},{"taxonomy":"product_cat","embeddable":true,"href":"https:\/\/roveyayinevi.com.tr\/index.php\/wp-json\/wp\/v2\/product_cat?post=715482"},{"taxonomy":"product_tag","embeddable":true,"href":"https:\/\/roveyayinevi.com.tr\/index.php\/wp-json\/wp\/v2\/product_tag?post=715482"}],"curies":[{"name":"wp","href":"https:\/\/api.w.org\/{rel}","templated":true}]}}