{"id":715481,"date":"2025-08-27T17:31:11","date_gmt":"2025-08-27T14:31:11","guid":{"rendered":"https:\/\/roveyayinevi.com.tr\/index.php\/urun\/highlights-jumbo-kitap-sasirtici-labirentler\/"},"modified":"2025-11-11T04:54:21","modified_gmt":"2025-11-11T01:54:21","slug":"highlights-jumbo-kitap-sasirtici-labirentler","status":"publish","type":"product","link":"https:\/\/roveyayinevi.com.tr\/index.php\/urun\/highlights-jumbo-kitap-sasirtici-labirentler\/","title":{"rendered":"Highlights Jumbo Kitap \u015ea\u015f\u0131rt\u0131c\u0131 Labirentler"},"content":{"rendered":"<p>\u015ea\u015f\u0131rt\u0131c\u0131 Labirentlere Ho\u015fgeldiniz!- 256 sayfa birbirinden farkl\u0131 labirent etkinlikleri \u00e7o\u011funlukla zeka sorular\u0131yla birle\u015ftirilerek size sunulmu\u015ftur.- 6-99 ya\u015f aral\u0131\u011f\u0131n\u0131n hepsinin severek yapaca\u011f\u0131 \u015fa\u015f\u0131rt\u0131c\u0131 labirent kitab\u0131 g\u00f6rselleriylede dikkatleri \u00fczerine \u00e7ekecek niteliktedir. &#8211; Her bir sayfa 1. s\u0131n\u0131f ku\u015fe ka\u011f\u0131tt\u0131r.- Labirent etkinlikleri bireylerin d\u00fc\u015f\u00fcnme becerisine, dikkat ve odaklanmalar\u0131n\u0131n geli\u015fmesine, kodlaman\u0131n temelini olu\u015fturan algoritma mant\u0131\u011f\u0131n\u0131n \u00f6\u011frenilmesine katk\u0131 sa\u011flar.- Labirentler zeka sorular\u0131, matematiksel i\u015flemler ve genel k\u00fclt\u00fcr sorular\u0131 ile zenginle\u015ftirilmi\u015ftir.- 175\u2018in \u00fczerinde e\u011flenceli ve gizemli labirent maceralar\u0131 bu Jumbo kitapta seni bekliyor! -Birbirinden ilgin\u00e7 maceralar i\u00e7eren karma\u015f\u0131k labirentleri \u00e7\u00f6zmeye haz\u0131rm\u0131s\u0131n?E\u011flenceye Devam!<\/p>\n","protected":false},"excerpt":{"rendered":"<p>\u015ea\u015f\u0131rt\u0131c\u0131 Labirentlere Ho\u015fgeldiniz!- 256 sayfa birbirinden farkl\u0131 labirent etkinlikleri \u00e7o\u011funlukla zeka sorular\u0131yla birle\u015ftirilerek size sunulmu\u015ftur.- 6-99 ya\u015f aral\u0131\u011f\u0131n\u0131n hepsinin severek yapaca\u011f\u0131 \u015fa\u015f\u0131rt\u0131c\u0131 labirent kitab\u0131 g\u00f6rselleriylede dikkatleri<span class=\"excerpt-hellip\"> [\u2026]<\/span><\/p>\n","protected":false},"featured_media":0,"template":"","meta":{"_monsterinsights_skip_tracking":false,"_monsterinsights_sitenote_active":false,"_monsterinsights_sitenote_note":"","_monsterinsights_sitenote_category":0},"product_brand":[],"product_cat":[12274,17859],"product_tag":[],"class_list":{"0":"post-715481","1":"product","2":"type-product","3":"status-publish","5":"product_cat-cocuk-ve-genclik-kitaplari","6":"product_cat-oyun-kitaplari","7":"pa_cilt-ciltsiz","8":"pa_tur-kitap","9":"pa_yayinevi-dikkat-atolyesi-yayinlari","10":"pa_yazar-kollektif","12":"first","13":"instock","14":"sale","15":"shipping-taxable","16":"purchasable","17":"product-type-simple"},"_links":{"self":[{"href":"https:\/\/roveyayinevi.com.tr\/index.php\/wp-json\/wp\/v2\/product\/715481","targetHints":{"allow":["GET"]}}],"collection":[{"href":"https:\/\/roveyayinevi.com.tr\/index.php\/wp-json\/wp\/v2\/product"}],"about":[{"href":"https:\/\/roveyayinevi.com.tr\/index.php\/wp-json\/wp\/v2\/types\/product"}],"wp:attachment":[{"href":"https:\/\/roveyayinevi.com.tr\/index.php\/wp-json\/wp\/v2\/media?parent=715481"}],"wp:term":[{"taxonomy":"product_brand","embeddable":true,"href":"https:\/\/roveyayinevi.com.tr\/index.php\/wp-json\/wp\/v2\/product_brand?post=715481"},{"taxonomy":"product_cat","embeddable":true,"href":"https:\/\/roveyayinevi.com.tr\/index.php\/wp-json\/wp\/v2\/product_cat?post=715481"},{"taxonomy":"product_tag","embeddable":true,"href":"https:\/\/roveyayinevi.com.tr\/index.php\/wp-json\/wp\/v2\/product_tag?post=715481"}],"curies":[{"name":"wp","href":"https:\/\/api.w.org\/{rel}","templated":true}]}}