{"id":715480,"date":"2025-08-27T17:31:10","date_gmt":"2025-08-27T14:31:10","guid":{"rendered":"https:\/\/roveyayinevi.com.tr\/index.php\/urun\/highlights-jumbo-kitap-hidden-pictures-dikkat-gelistirme-serisi\/"},"modified":"2026-04-16T02:23:44","modified_gmt":"2026-04-15T23:23:44","slug":"highlights-jumbo-kitap-hidden-pictures-dikkat-gelistirme-serisi","status":"publish","type":"product","link":"https:\/\/roveyayinevi.com.tr\/index.php\/urun\/highlights-jumbo-kitap-hidden-pictures-dikkat-gelistirme-serisi\/","title":{"rendered":"Highlights Jumbo Kitap Hidden Pictures Dikkat Geli\u015ftirme Serisi"},"content":{"rendered":"<p>K\u0130TAP \u0130\u00c7ER\u0130KLER\u0130 &#8211; \u2018\u2019Highlights Dikkat At\u00f6lyesi Jumbo Kitap Hidden Pictures\u2019\u2019 gizli resimler serisi tek kitaptan olu\u015fmaktad\u0131r. &#8211; \u2018\u2019Highlights Dikkat At\u00f6lyesi Jumbo Kitap Hidden Pictures\u2019 gizli resimler 6-99 ya\u015f t\u00fcm \u00f6\u011frenci ve yeti\u015fkinlerde kullan\u0131labilir. &#8211; G\u00f6rsellerde ki \u0130ngilizce-T\u00fcrk\u00e7e kelimeler, \u00e7ocuklar\u0131n ve yeti\u015fkinlerin hem yabanc\u0131 bir dil \u00f6\u011frenmesine hem de kelime fark\u0131ndal\u0131\u011f\u0131 ve kelime bilgisini artt\u0131rmaya katk\u0131 sa\u011flayacakt\u0131r. &#8211; G\u00f6rseller \u00e7\u00f6z\u00fcmlenirken, bireyin isteklili\u011fi ve ilgisi dikkate al\u0131narak haz\u0131rlanm\u0131\u015ft\u0131r. &#8211; G\u00f6rsellerde ki gizli objeleri ara\u015ft\u0131rmak, \u00e7ocuklar\u0131n sonu\u00e7 \u00e7\u0131karma ve g\u00f6zlemleme yeteneklerinin kuvvetlenmesine destek sa\u011flayacak \u015fekilde haz\u0131rlanm\u0131\u015ft\u0131r. \u2018\u2019H\u0130GHL\u0130GHTS D\u0130KKAT AT\u00d6LYES\u0130 JUMBO K\u0130TAP H\u0130DDEN P\u0130CTURES\u2019\u2019 G\u0130ZL\u0130 RES\u0130MLER\u0130N HEDEFLER\u0130 \u2022 \u00c7ocuklardaki merak duygusunu artt\u0131rarak daha iyi odaklanmay\u0131 sa\u011flar. \u2022 Yarat\u0131c\u0131 d\u00fc\u015f\u00fcnme becerisinin geli\u015fmesine katk\u0131 sa\u011flayarak g\u00f6rsellere kar\u015f\u0131 ilgisinde art\u0131\u015f sa\u011flar. \u2022 G\u00f6rsellerde ki gizli objeleri ara\u015ft\u0131rma, \u00e7ocuklar\u0131n sonu\u00e7 \u00e7\u0131karma ve g\u00f6zlemleme yeteneklerinin kuvvetlenmesine destek sa\u011flar. \u2022 S\u00fcrd\u00fcr\u00fclebilir dikkat becerilerinde art\u0131\u015f olur, derslerdeki odaklanma ve konsantrasyonu artt\u0131\u011f\u0131 i\u00e7in dikkat hatalar\u0131 azal\u0131r. \u2022 Ders ba\u015f\u0131nda ge\u00e7irdi\u011fi s\u00fcrede art\u0131\u015f sa\u011flan\u0131r ve \u00f6\u011frenmeye kar\u015f\u0131 isteklili\u011fi artar. \u2022 Detaylara kar\u015f\u0131 odaklanmas\u0131 geli\u015fir, okul performans\u0131 ya da g\u00fcndelik hayatta ba\u015far\u0131s\u0131 artar. \u2022 G\u00f6rsellerde ki bulmacalar\u0131 farkl\u0131 a\u00e7\u0131lardan bakmay\u0131 \u00f6\u011frendi\u011fi i\u00e7in olaylar\u0131 daha iyi anlay\u0131p yorumlamas\u0131 geli\u015fir. \u2022 El g\u00f6z koordinasyonu geli\u015fir, el becerisi gerektiren i\u015flerde ba\u015far\u0131s\u0131 artar. \u2022 \u0130nce motor becerileri geli\u015fir, yaz\u0131larda d\u00fczelme olur. \u2022 G\u00f6rsellerde ki bulmacalar sabr\u0131 geli\u015ftirmeye yard\u0131mc\u0131 olur, meydan okuma duygusunu artt\u0131r\u0131r. \u2022 Beynin t\u00fcm enerjisinin tek noktaya odaklanmas\u0131n\u0131 sa\u011flar. \u2022 Okuma ve okudu\u011funu anlamas\u0131n\u0131n yan\u0131nda analiz etme yetene\u011fi artar. \u2022 G\u00f6rsellerde ki bulmacalarda etiketlenmi\u015f \u0130ngilizce kelimelerin \u00f6\u011frenilmesini kolayla\u015ft\u0131r\u0131r.\u2022 Yeni okumaya ba\u015flayanlar i\u00e7in kelime fark\u0131ndal\u0131\u011f\u0131 ve kelime bilgisi artar. \u2022 \u00c7ocuklar\u0131n temel bilgi ve becerilerin geli\u015fmesine katk\u0131 sa\u011flayarak yarat\u0131c\u0131 d\u00fc\u015f\u00fcnme yetene\u011fi, y\u00fcksek ideallere ula\u015fma iste\u011fi artar. \u2022 Esnek d\u00fc\u015f\u00fcnebilmesine yard\u0131mc\u0131 olunur. \u2022 Objelerin ak\u0131lda tutulmas\u0131 artar, unutkanl\u0131k azal\u0131r. \u2022 K\u0131sa s\u00fcreli bellek ve uzun s\u00fcreli bellek geli\u015fimine katk\u0131da bulunur. \u2022 E\u011flenerek \u00f6\u011frenmeyi artt\u0131r\u0131r. \u2022 Farkl\u0131 bak\u0131\u015f a\u00e7\u0131lar\u0131 geli\u015ftirerek problem \u00e7\u00f6zme becerisini geli\u015ftirir. \u2022 Heyecan\u0131n\u0131 kontrol alt\u0131na almas\u0131na yard\u0131mc\u0131 olur. \u2022 Zamana kar\u015f\u0131 yar\u0131\u015farak zaman fark\u0131ndal\u0131\u011f\u0131 geli\u015fir. \u2018\u2019H\u0130GHL\u0130GHTS D\u0130KKAT AT\u00d6LYES\u0130 JUMBO K\u0130TAP H\u0130DDEN P\u0130CTURES\u2019\u2019 G\u0130ZL\u0130 RES\u0130MLER\u0130N PS\u0130KOLOJ\u0130K A\u00c7IDAN FAYDALARI &#8211; Heyecan\u0131n\u0131 kontrol alt\u0131na almas\u0131na yard\u0131mc\u0131 olur, sabr\u0131 geli\u015fir. &#8211; G\u00f6rsellerdeki bulmacalar\u0131 \u00e7\u00f6zd\u00fck\u00e7e \u00f6zg\u00fcveni &#8211; Zaman\u0131 etkin kullanma becerisi geli\u015fir. &#8211; Aile i\u00e7i ileti\u015fimin artmas\u0131na katk\u0131 sa\u011flar. &#8211; Duygu fark\u0131ndal\u0131\u011f\u0131 geli\u015fir. &#8211; Olaylara farkl\u0131 bak\u0131\u015f a\u00e7\u0131lar\u0131ndan bakmay\u0131 \u00f6\u011frenir. KULLANIM KLAVUZU Her bir sayfada yer alan obje say\u0131s\u0131 farkl\u0131 oldu\u011fu i\u00e7in \u00e7\u00f6zme s\u00fcresi de\u011fi\u015fiklik g\u00f6sterir. G\u00f6rsellerde ki obje adedi bulunur. Her bir obje i\u00e7in bir dakikal\u0131k zaman belirlenir. Obje adedince toplam s\u00fcre hesaplan\u0131r. \u00d6rne\u011fin, 13 obje i\u00e7in 13 dakikal\u0131k s\u00fcre belirlenir. Her bir obje i\u00e7in belirlenen hedef s\u00fcre i\u00e7erisinde g\u00f6rsellerde ki gizli objeler bulunmaya \u00e7al\u0131\u015f\u0131l\u0131r. Belirtilen s\u00fcre i\u00e7erisinde ka\u00e7 obje bulundu\u011fu belirlenir, bulunmayan objeler var ise t\u00fcm objeleri buluncaya kadar ek s\u00fcre verilir. G\u00f6rsellerdeki bulmacalar ilk zamanlarda belirtilen zaman\u0131n \u00fczerinde bir s\u00fcrede \u00e7\u00f6z\u00fclebilir. Ancak g\u00f6rseller ilerledik\u00e7e objeleri bulma s\u00fcresinin azald\u0131\u011f\u0131n\u0131 fark edeceksiniz. Buda dikkat geli\u015fimin artt\u0131\u011f\u0131n\u0131 g\u00f6stermektedir. G\u00f6rsellerde ki gizli resimler ile arkada\u015f gruplar\u0131 aras\u0131nda turnuvalar d\u00fczenleyebilir, grup halinde e\u011flenceli dakikalar ge\u00e7irebilirsiniz. G\u00f6rsel bulmacalar g\u00fcnde iki adet \u00e7\u00f6z\u00fclerek kitap hemen hemen 128 g\u00fcnde tamamlanmas\u0131 planlanm\u0131\u015ft\u0131r. Sorumluluk duygusunun a\u015f\u0131lanmas\u0131 ve al\u0131\u015fkanl\u0131k kazand\u0131r\u0131lmas\u0131 bak\u0131m\u0131ndan bu s\u00fcre olduk\u00e7a \u00f6nemlidir. her g\u00fcn d\u00fczenli \u00e7\u00f6z\u00fclmesi al\u0131\u015fkanl\u0131\u011f\u0131n davran\u0131\u015fa d\u00f6n\u00fc\u015fmesi ve dikkat geli\u015fimi i\u00e7in olduk\u00e7a \u00f6nemlidir. <\/p>\n","protected":false},"excerpt":{"rendered":"<p>K\u0130TAP \u0130\u00c7ER\u0130KLER\u0130 &#8211; \u2018\u2019Highlights Dikkat At\u00f6lyesi Jumbo Kitap Hidden Pictures\u2019\u2019 gizli resimler serisi tek kitaptan olu\u015fmaktad\u0131r. &#8211; \u2018\u2019Highlights Dikkat At\u00f6lyesi Jumbo Kitap Hidden Pictures\u2019 gizli resimler<span class=\"excerpt-hellip\"> [\u2026]<\/span><\/p>\n","protected":false},"featured_media":0,"template":"","meta":{"_monsterinsights_skip_tracking":false,"_monsterinsights_sitenote_active":false,"_monsterinsights_sitenote_note":"","_monsterinsights_sitenote_category":0},"product_brand":[],"product_cat":[12644,12274],"product_tag":[],"class_list":{"0":"post-715480","1":"product","2":"type-product","3":"status-publish","5":"product_cat-boyama-kitaplari","6":"product_cat-cocuk-ve-genclik-kitaplari","7":"pa_cilt-ciltsiz","8":"pa_tur-kitap","9":"pa_yayinevi-dikkat-atolyesi-yayinlari","10":"pa_yazar-kollektif","12":"first","13":"instock","14":"sale","15":"shipping-taxable","16":"purchasable","17":"product-type-simple"},"_links":{"self":[{"href":"https:\/\/roveyayinevi.com.tr\/index.php\/wp-json\/wp\/v2\/product\/715480","targetHints":{"allow":["GET"]}}],"collection":[{"href":"https:\/\/roveyayinevi.com.tr\/index.php\/wp-json\/wp\/v2\/product"}],"about":[{"href":"https:\/\/roveyayinevi.com.tr\/index.php\/wp-json\/wp\/v2\/types\/product"}],"wp:attachment":[{"href":"https:\/\/roveyayinevi.com.tr\/index.php\/wp-json\/wp\/v2\/media?parent=715480"}],"wp:term":[{"taxonomy":"product_brand","embeddable":true,"href":"https:\/\/roveyayinevi.com.tr\/index.php\/wp-json\/wp\/v2\/product_brand?post=715480"},{"taxonomy":"product_cat","embeddable":true,"href":"https:\/\/roveyayinevi.com.tr\/index.php\/wp-json\/wp\/v2\/product_cat?post=715480"},{"taxonomy":"product_tag","embeddable":true,"href":"https:\/\/roveyayinevi.com.tr\/index.php\/wp-json\/wp\/v2\/product_tag?post=715480"}],"curies":[{"name":"wp","href":"https:\/\/api.w.org\/{rel}","templated":true}]}}