{"id":715477,"date":"2025-08-27T17:31:08","date_gmt":"2025-08-27T14:31:08","guid":{"rendered":"https:\/\/roveyayinevi.com.tr\/index.php\/urun\/eylul-sifresi\/"},"modified":"2026-01-29T02:43:53","modified_gmt":"2026-01-28T23:43:53","slug":"eylul-sifresi","status":"publish","type":"product","link":"https:\/\/roveyayinevi.com.tr\/index.php\/urun\/eylul-sifresi\/","title":{"rendered":"Eyl\u00fcl \u015eifresi"},"content":{"rendered":"<p>Eyl\u00fcl \u015eifresi\u2019ni de\u015fifre etmek ve sessizli\u011fi par\u00e7alamak! King\u2019sCollegeLondon\u2019da g\u00f6revli bir akademisyen olan Dr. Ahmet Alver, \u015eim\u015fek\u2019in elinizdeki roman\u0131n\u0131 olduk\u00e7a ayr\u0131nt\u0131l\u0131 bir \u015fekilde inceler ve 12 Eyl\u00fcl sessizli\u011fini par\u00e7alayan ilk edeb\u00ee \u00fcr\u00fcnlerden biri oldu\u011funu ifade eder. Dr. Alver\u2019in s\u00f6z konusu incelemesinden kimi pasajlar \u015f\u00f6yle: \u201cTarihsel referans\u0131n ay\u0131rdedici kullan\u0131m\u0131 nedeniyle di\u011fer 12 Eyl\u00fcl romanlar\u0131ndan farkl\u0131d\u0131r Eyl\u00fcl \u015eifresi. 1980&#8217;lerin siyasi atmosferini hem yerel hem de k\u00fcresel olarak aktaran bir dizi enstantane ile a\u00e7\u0131l\u0131r&#8230; Eyl\u00fcl \u015eifresi\u2019ni de\u015fifre etmek ve sessizli\u011fi par\u00e7alamak i\u00e7in, darbe sonras\u0131 cezaevlerinin d\u0131\u015f\u0131ndaki devrimcilerin hayatlar\u0131na odaklan\u0131r. Darbenin, toplumu nas\u0131l de\u011fi\u015ftirdi\u011fi g\u00f6sterilir. \u201c\u015eim\u015fek&#8217;in \u00f6zel becerisi, karakterlerinin darbeden \u00f6nceki hayatlar\u0131n\u0131 -geri d\u00f6n\u00fc\u015fler ve an\u0131lar vas\u0131tas\u0131yla-, m\u00fcdahaleyi takip eden s\u00fcre\u00e7te yan yana verme bi\u00e7imidir. Darbenin siyasi ve sosyal etkilerini vurgulaman\u0131n yan\u0131 s\u0131ra bu geri bildirimler, zaman ve mek\u00e2n\u0131 par\u00e7alamak, komploya m\u00fcdahale etmek ve 12 Eyl\u00fcl&#8217;den sonra ya\u015fanan travman\u0131n izlerini vermek gibi bir etkiye sahip&#8230; \u201cRoman, darbe \u00f6ncesi ve darbe sonras\u0131 olmak \u00fczere iki farkl\u0131 zaman aral\u0131\u011f\u0131nda, devrimi ve sevgiyi yan yana aktar\u0131yor. Roman, b\u00f6ylelikle iki gen\u00e7 sevgilinin hayat\u0131na dakikal\u0131k bir odaklanma yoluyla, T\u00fcrkiye&#8217;nin darbe arac\u0131l\u0131\u011f\u0131yla getirilen siyasal-sosyal d\u00fcnyas\u0131ndaki de\u011fi\u015fimleri ortaya koyuyor&#8230; \u201c&#8230;\u00fcstkurgusal sahne roman\u0131n mesaj\u0131n\u0131n evrenselli\u011fini g\u00f6sterir: Romanda bulunan karakterler her yerde bulunabilir. \u00c7eli\u015fkiler ve sorunlar devam ederken, devrimci i\u00e7in en \u00f6nemli direni\u015f eylemi, insanlar\u0131 susturan Eyl\u00fcl \u015eifresi\u2019nin de\u015fifre edilmesine yard\u0131mc\u0131 olmakt\u0131r. \u201cMutlu bir son yok. \u00c7\u00fcnk\u00fc metinde ortaya konan \u00e7at\u0131\u015fma ve \u00e7eli\u015fkiler, ba\u011fl\u0131 bulunan toplumda devam ediyor&#8230;\u201d <\/p>\n","protected":false},"excerpt":{"rendered":"<p>Eyl\u00fcl \u015eifresi\u2019ni de\u015fifre etmek ve sessizli\u011fi par\u00e7alamak! King\u2019sCollegeLondon\u2019da g\u00f6revli bir akademisyen olan Dr. Ahmet Alver, \u015eim\u015fek\u2019in elinizdeki roman\u0131n\u0131 olduk\u00e7a ayr\u0131nt\u0131l\u0131 bir \u015fekilde inceler ve 12 Eyl\u00fcl<span class=\"excerpt-hellip\"> [\u2026]<\/span><\/p>\n","protected":false},"featured_media":0,"template":"","meta":{"_monsterinsights_skip_tracking":false,"_monsterinsights_sitenote_active":false,"_monsterinsights_sitenote_note":"","_monsterinsights_sitenote_category":0},"product_brand":[],"product_cat":[12291,12711],"product_tag":[],"class_list":{"0":"post-715477","1":"product","2":"type-product","3":"status-publish","5":"product_cat-edebiyat","6":"product_cat-roman-oyku","7":"pa_cilt-ciltsiz","8":"pa_tur-kitap","9":"pa_yayinevi-utopya-yayinevi","10":"pa_yazar-huseyin-a-simsek","12":"first","13":"instock","14":"sale","15":"shipping-taxable","16":"purchasable","17":"product-type-simple"},"_links":{"self":[{"href":"https:\/\/roveyayinevi.com.tr\/index.php\/wp-json\/wp\/v2\/product\/715477","targetHints":{"allow":["GET"]}}],"collection":[{"href":"https:\/\/roveyayinevi.com.tr\/index.php\/wp-json\/wp\/v2\/product"}],"about":[{"href":"https:\/\/roveyayinevi.com.tr\/index.php\/wp-json\/wp\/v2\/types\/product"}],"wp:attachment":[{"href":"https:\/\/roveyayinevi.com.tr\/index.php\/wp-json\/wp\/v2\/media?parent=715477"}],"wp:term":[{"taxonomy":"product_brand","embeddable":true,"href":"https:\/\/roveyayinevi.com.tr\/index.php\/wp-json\/wp\/v2\/product_brand?post=715477"},{"taxonomy":"product_cat","embeddable":true,"href":"https:\/\/roveyayinevi.com.tr\/index.php\/wp-json\/wp\/v2\/product_cat?post=715477"},{"taxonomy":"product_tag","embeddable":true,"href":"https:\/\/roveyayinevi.com.tr\/index.php\/wp-json\/wp\/v2\/product_tag?post=715477"}],"curies":[{"name":"wp","href":"https:\/\/api.w.org\/{rel}","templated":true}]}}