{"id":715476,"date":"2025-08-27T17:31:07","date_gmt":"2025-08-27T14:31:07","guid":{"rendered":"https:\/\/roveyayinevi.com.tr\/index.php\/urun\/kizilotesi-rengini-isteyen-kiz\/"},"modified":"2026-01-29T02:43:53","modified_gmt":"2026-01-28T23:43:53","slug":"kizilotesi-rengini-isteyen-kiz","status":"publish","type":"product","link":"https:\/\/roveyayinevi.com.tr\/index.php\/urun\/kizilotesi-rengini-isteyen-kiz\/","title":{"rendered":"K\u0131z\u0131l\u00f6tesi Rengini \u0130steyen K\u0131z"},"content":{"rendered":"<p>\u201cYa\u015fam tarz\u0131ma dokunma\u201d \u00e7\u0131\u011fl\u0131\u011f\u0131n\u0131n roman\u0131! H\u00fcseyin A. \u015eim\u015fek\u2019in \u201cK\u0131z\u0131l\u00f6tesi Rengini \u0130steyen K\u0131z\u201d adl\u0131 bu roman\u0131nda, dini siyasalla\u015ft\u0131rarak hayat\u0131n her alan\u0131nda egemen k\u0131lma s\u00fcrecinin ilk ipu\u00e7lar\u0131n\u0131 bulacaks\u0131n\u0131z. Elbette edeb\u00ee \u00e7al\u0131\u015fman\u0131n roman dal\u0131ndaki \u00f6zg\u00fcnl\u00fckleri \u00e7er\u00e7evesinde! S\u00f6z konusu s\u00fcrecin ba\u015flang\u0131\u00e7 y\u0131llar\u0131, bir yat\u0131l\u0131 k\u0131z lisesinde ya\u015fanan olaylarla ortaya konur. Bug\u00fcn gelinen noktan\u0131n, 30 y\u0131l kadar \u00f6nceki ve pek de \u00f6nemsenmeyen ilk belirtileri, bir grup gen\u00e7 k\u0131z nezdinde hik\u00e2ye edilir. Bir din\u00ee inanc\u0131n siyasalla\u015ft\u0131r\u0131larak toplum ve birey ya\u015fam\u0131n\u0131n b\u00fct\u00fcn h\u00fccrelerine zerk edilmesi, zaman\u0131nda \u201ck\u00fc\u00e7\u00fck\u201d, \u201cayr\u0131nt\u0131\u201d, \u201clokal\u201d denilerek pek de \u00f6nemsenmeyen uygulamalarla m\u00fcmk\u00fcn olmu\u015ftur. Bir yandan, vakti zaman\u0131nda birlikte \u00e7\u0131k\u0131lan o yollardaki evvel zaman \u201creis\u201dlerini ve \u201ccemaat ablalar\u0131\u201dn\u0131 bulacaks\u0131n\u0131z bu romanda. \u00d6te yandan, y\u00fcksek\u00f6\u011frenim yapamadan evlendirilece\u011fi korkusuna kap\u0131lan, otoriter babayla \u00e7at\u0131\u015fmak zorunda kalan, b\u00fct\u00fcn bu s\u0131k\u0131\u015fmalar\u0131 yat\u0131l\u0131 okul se\u00e7ene\u011fiyle a\u015faca\u011f\u0131n\u0131 uman, ama orada otoriter babaya rahmet okutacak \u201ckamusal\u201d ve \u201ckollektif\u201d bir otoriteyle kar\u015f\u0131 kar\u015f\u0131ya b\u0131rak\u0131lan Nurdemleri! Me\u011fer, daha b\u00fcy\u00fck bir \u201caile\u201dye kat\u0131lm\u0131\u015flard\u0131r! Ki bu ailede birden fazla \u201cbaba\u201d, say\u0131s\u0131z \u201cabla\u201d vard\u0131r. T\u00fcrkiye\u2019de, \u201csiyasalla\u015ft\u0131r\u0131lm\u0131\u015f bir din\u00ee tarz\u201d\u0131n iktidara ta\u015f\u0131nmas\u0131n\u0131n, geni\u015f kesimler a\u00e7\u0131s\u0131ndan da kabul edilemeznoktaya ta\u015f\u0131nd\u0131\u011f\u0131 bir d\u00f6nemde, \u201cTaksim Gezi\u201d ba\u015fta olmaz \u00fczere bir dizi eylem ya\u015fan\u0131r oldu. Bu eylemlerde \u00f6ne \u00e7\u0131kan \u015fiar, \u201cya\u015fam tarz\u0131ma dokunma\u201d idi. Bu \u015fiar\u0131n, ger\u00e7ekten bir de\u011feri, bir \u00f6nemi var m\u0131d\u0131r? \u0130\u015fte bu romanda, bu ve daha bir\u00e7ok soru, bir yat\u0131l\u0131 k\u0131z okulunda 30 y\u0131l kadar \u00f6nce meydana gelmi\u015f olaylar \u00fczerinden kar\u015f\u0131l\u0131\u011f\u0131n\u0131 buluyor. Yani anlat\u0131lan; \u201c90\u2019lar T\u00fcrkiyesi\u201dnde, bir yat\u0131l\u0131 k\u0131z lisesinin duvarlar\u0131 arkas\u0131nda yank\u0131lanan \u201cya\u015fam tarz\u0131ma dokunma\u201d \u00e7\u0131\u011fl\u0131\u011f\u0131n\u0131n hikayesidir!<\/p>\n","protected":false},"excerpt":{"rendered":"<p>\u201cYa\u015fam tarz\u0131ma dokunma\u201d \u00e7\u0131\u011fl\u0131\u011f\u0131n\u0131n roman\u0131! H\u00fcseyin A. \u015eim\u015fek\u2019in \u201cK\u0131z\u0131l\u00f6tesi Rengini \u0130steyen K\u0131z\u201d adl\u0131 bu roman\u0131nda, dini siyasalla\u015ft\u0131rarak hayat\u0131n her alan\u0131nda egemen k\u0131lma s\u00fcrecinin ilk ipu\u00e7lar\u0131n\u0131 bulacaks\u0131n\u0131z.<span class=\"excerpt-hellip\"> [\u2026]<\/span><\/p>\n","protected":false},"featured_media":0,"template":"","meta":{"_monsterinsights_skip_tracking":false,"_monsterinsights_sitenote_active":false,"_monsterinsights_sitenote_note":"","_monsterinsights_sitenote_category":0},"product_brand":[],"product_cat":[12291,12711],"product_tag":[],"class_list":{"0":"post-715476","1":"product","2":"type-product","3":"status-publish","5":"product_cat-edebiyat","6":"product_cat-roman-oyku","7":"pa_cilt-ciltsiz","8":"pa_tur-kitap","9":"pa_yayinevi-utopya-yayinevi","10":"pa_yazar-huseyin-a-simsek","12":"first","13":"instock","14":"sale","15":"shipping-taxable","16":"purchasable","17":"product-type-simple"},"_links":{"self":[{"href":"https:\/\/roveyayinevi.com.tr\/index.php\/wp-json\/wp\/v2\/product\/715476","targetHints":{"allow":["GET"]}}],"collection":[{"href":"https:\/\/roveyayinevi.com.tr\/index.php\/wp-json\/wp\/v2\/product"}],"about":[{"href":"https:\/\/roveyayinevi.com.tr\/index.php\/wp-json\/wp\/v2\/types\/product"}],"wp:attachment":[{"href":"https:\/\/roveyayinevi.com.tr\/index.php\/wp-json\/wp\/v2\/media?parent=715476"}],"wp:term":[{"taxonomy":"product_brand","embeddable":true,"href":"https:\/\/roveyayinevi.com.tr\/index.php\/wp-json\/wp\/v2\/product_brand?post=715476"},{"taxonomy":"product_cat","embeddable":true,"href":"https:\/\/roveyayinevi.com.tr\/index.php\/wp-json\/wp\/v2\/product_cat?post=715476"},{"taxonomy":"product_tag","embeddable":true,"href":"https:\/\/roveyayinevi.com.tr\/index.php\/wp-json\/wp\/v2\/product_tag?post=715476"}],"curies":[{"name":"wp","href":"https:\/\/api.w.org\/{rel}","templated":true}]}}