{"id":715468,"date":"2025-08-27T17:31:01","date_gmt":"2025-08-27T14:31:01","guid":{"rendered":"https:\/\/roveyayinevi.com.tr\/index.php\/urun\/nedir-gene-deli-gonlunu-celen-fotografli-klasikler\/"},"modified":"2026-04-16T02:23:44","modified_gmt":"2026-04-15T23:23:44","slug":"nedir-gene-deli-gonlunu-celen-fotografli-klasikler","status":"publish","type":"product","link":"https:\/\/roveyayinevi.com.tr\/index.php\/urun\/nedir-gene-deli-gonlunu-celen-fotografli-klasikler\/","title":{"rendered":"Nedir Gene Deli G\u00f6nl\u00fcn\u00fc \u00c7elen (Foto\u011frafl\u0131 Klasikler)"},"content":{"rendered":"<p>M\u00d6 VII. y\u00fczy\u0131l sonlar\u0131yla VI. y\u00fczy\u0131l ba\u015flar\u0131nda ya\u015fad\u0131\u011f\u0131 san\u0131lan Sappho, bireysel duyarl\u0131\u011f\u0131n belki de ilk \u00f6nemli \u015fairidir. \u00dcnl\u00fc \u0130talyan \u015fair Salvatore Quasimodo, Sappho\u2019dan s\u00f6z ederken, \u201cKendisiyle ilgili her \u015feyi, hem i\u00e7 titre\u015fimlerini hem de bitip t\u00fckenmeyen a\u015fk u\u011fra\u015f\u0131n\u0131n kahramanlar\u0131n\u0131 bize a\u00e7\u0131klam\u0131\u015ft\u0131r,\u201d diyor. Quasimodo\u2019ya g\u00f6re, \u201cbir ten ve ruh \u00f6yk\u00fcs\u00fc\u201dn\u00fc anlat\u0131r onun dizeleri: \u201cHi\u00e7 uyarmadan \/ Kas\u0131rga nas\u0131l s\u00f6kerse \/ me\u015feleri k\u00f6k\u00fcnden \/ \u00f6yle sars\u0131yor y\u00fcre\u011fimi a\u015fk\u201d. Sappho\u2019nun \u015fiirleri zaman i\u00e7inde, \u00f6zellikle de tutucu \u00e7evrelerce erotik bulundu\u011fu i\u00e7in korunamam\u0131\u015f, XIX. y\u00fczy\u0131l sonunda bulunan papir\u00fcs yazmalarla birlikte Sappho \u015fiirleri bug\u00fcnk\u00fc say\u0131s\u0131na ula\u015fm\u0131\u015ft\u0131r. 2.500 y\u0131l \u00f6ncesinin bu m\u00fccevher dizelerini Cevat \u00c7apan\u2019\u0131n benzersiz T\u00fcrk\u00e7esiyle sunuyoruz. T\u00fcrkiye&#8217;den 20 \u00e7a\u011fda\u015f foto\u011fraf\u00e7\u0131 Can Klasikleri\u2019nin bu \u00f6zel dizisi i\u00e7in 20 kitab\u0131n kapak foto\u011fraf\u0131n\u0131 \u00f6zg\u00fcn yorumlar\u0131yla haz\u0131rlad\u0131. <\/p>\n","protected":false},"excerpt":{"rendered":"<p>M\u00d6 VII. y\u00fczy\u0131l sonlar\u0131yla VI. y\u00fczy\u0131l ba\u015flar\u0131nda ya\u015fad\u0131\u011f\u0131 san\u0131lan Sappho, bireysel duyarl\u0131\u011f\u0131n belki de ilk \u00f6nemli \u015fairidir. \u00dcnl\u00fc \u0130talyan \u015fair Salvatore Quasimodo, Sappho\u2019dan s\u00f6z ederken, \u201cKendisiyle<span class=\"excerpt-hellip\"> [\u2026]<\/span><\/p>\n","protected":false},"featured_media":0,"template":"","meta":{"_monsterinsights_skip_tracking":false,"_monsterinsights_sitenote_active":false,"_monsterinsights_sitenote_note":"","_monsterinsights_sitenote_category":0},"product_brand":[],"product_cat":[12291,12509],"product_tag":[],"class_list":{"0":"post-715468","1":"product","2":"type-product","3":"status-publish","5":"product_cat-edebiyat","6":"product_cat-siir","7":"pa_cilt-ciltsiz","8":"pa_tur-kitap","9":"pa_yayinevi-can-yayinlari","10":"pa_yazar-sappho","12":"first","13":"instock","14":"sale","15":"shipping-taxable","16":"purchasable","17":"product-type-simple"},"_links":{"self":[{"href":"https:\/\/roveyayinevi.com.tr\/index.php\/wp-json\/wp\/v2\/product\/715468","targetHints":{"allow":["GET"]}}],"collection":[{"href":"https:\/\/roveyayinevi.com.tr\/index.php\/wp-json\/wp\/v2\/product"}],"about":[{"href":"https:\/\/roveyayinevi.com.tr\/index.php\/wp-json\/wp\/v2\/types\/product"}],"wp:attachment":[{"href":"https:\/\/roveyayinevi.com.tr\/index.php\/wp-json\/wp\/v2\/media?parent=715468"}],"wp:term":[{"taxonomy":"product_brand","embeddable":true,"href":"https:\/\/roveyayinevi.com.tr\/index.php\/wp-json\/wp\/v2\/product_brand?post=715468"},{"taxonomy":"product_cat","embeddable":true,"href":"https:\/\/roveyayinevi.com.tr\/index.php\/wp-json\/wp\/v2\/product_cat?post=715468"},{"taxonomy":"product_tag","embeddable":true,"href":"https:\/\/roveyayinevi.com.tr\/index.php\/wp-json\/wp\/v2\/product_tag?post=715468"}],"curies":[{"name":"wp","href":"https:\/\/api.w.org\/{rel}","templated":true}]}}