{"id":715465,"date":"2025-08-27T17:30:59","date_gmt":"2025-08-27T14:30:59","guid":{"rendered":"https:\/\/roveyayinevi.com.tr\/index.php\/urun\/karamazov-kardesler-fotografli-klasikler\/"},"modified":"2026-04-16T02:23:44","modified_gmt":"2026-04-15T23:23:44","slug":"karamazov-kardesler-fotografli-klasikler","status":"publish","type":"product","link":"https:\/\/roveyayinevi.com.tr\/index.php\/urun\/karamazov-kardesler-fotografli-klasikler\/","title":{"rendered":"Karamazov Karde\u015fler (Foto\u011frafl\u0131 Klasikler)"},"content":{"rendered":"<p>Karamozov Karde\u015fler , edebiyat tarihinde \u00e7ok az romana nasip olmu\u015f bir \u00fcne sahiptir.Klasik rus edebiyat\u0131n\u0131n dev yazar\u0131 Dostoyevski&#8217;nin bu son roman\u0131 , Rusya&#8217;n\u0131n ruhunu simgeleyen temsilcileriyle Karamazov ailesine odaklanm\u0131\u015f , ama girmedil alan , de\u011finmedik konu b\u0131rakmam\u0131\u015f : din , ahlak , baba katli , \u015fiddet , Do\u011fu &#8211; Bat\u0131 sorunu , s\u0131n\u0131f m\u00fccadelesi, feodalizm , sosyalizm &#8230;Dostoyevsk&#8217;nin &#8220;Hi\u00e7bir roman\u0131m\u0131 bu kadar \u00f6nemsemedim&#8221; dedi\u011fi Karamazov Karde\u015fler , daha yay\u0131mland\u0131\u011f\u0131 tarihten itibaren k\u00fclt bir eser haline gelmi\u015f ve t\u00fcm d\u00fcnyada b\u00fcy\u00fck tart\u0131\u015fmalara yol a\u00e7m\u0131\u015ft\u0131r;XX. y\u00fczy\u0131l\u0131n temel yaz\u0131nsal izlediklerini belirlemi\u015f ve pek \u00e7ok yazar\u0131 pe\u015finden s\u00fcr\u00fcklemi\u015ftir.Kitab\u0131n yay\u0131nlanmas\u0131ndan k\u0131sa bir s\u00fcre sonra \u00f6len Dostoyevski , t\u0131pk\u0131 Su\u00e7 ve Ceza&#8217;da oldu\u011fu gibi bu kitab\u0131nda insanl\u0131\u011f\u0131n evrensel su\u00e7lar\u0131n\u0131 ortaya koyar.Karamazov Karde\u015fler ,bu anlamda &#8220;kuyuya at\u0131lm\u0131\u015f bir ta\u015f&#8221; kadar etkili bir yap\u0131t  olarak \u00f6nemini ortaya koyuyor. <\/p>\n","protected":false},"excerpt":{"rendered":"<p>Karamozov Karde\u015fler , edebiyat tarihinde \u00e7ok az romana nasip olmu\u015f bir \u00fcne sahiptir.Klasik rus edebiyat\u0131n\u0131n dev yazar\u0131 Dostoyevski&#8217;nin bu son roman\u0131 , Rusya&#8217;n\u0131n ruhunu simgeleyen temsilcileriyle<span class=\"excerpt-hellip\"> [\u2026]<\/span><\/p>\n","protected":false},"featured_media":0,"template":"","meta":{"_monsterinsights_skip_tracking":false,"_monsterinsights_sitenote_active":false,"_monsterinsights_sitenote_note":"","_monsterinsights_sitenote_category":0},"product_brand":[],"product_cat":[12291,12711],"product_tag":[],"class_list":{"0":"post-715465","1":"product","2":"type-product","3":"status-publish","5":"product_cat-edebiyat","6":"product_cat-roman-oyku","7":"pa_cilt-ciltsiz","8":"pa_tur-kitap","9":"pa_yayinevi-can-yayinlari","10":"pa_yazar-fyodor-mihaylovic-dostoyevski","12":"first","13":"instock","14":"sale","15":"shipping-taxable","16":"purchasable","17":"product-type-simple"},"_links":{"self":[{"href":"https:\/\/roveyayinevi.com.tr\/index.php\/wp-json\/wp\/v2\/product\/715465","targetHints":{"allow":["GET"]}}],"collection":[{"href":"https:\/\/roveyayinevi.com.tr\/index.php\/wp-json\/wp\/v2\/product"}],"about":[{"href":"https:\/\/roveyayinevi.com.tr\/index.php\/wp-json\/wp\/v2\/types\/product"}],"wp:attachment":[{"href":"https:\/\/roveyayinevi.com.tr\/index.php\/wp-json\/wp\/v2\/media?parent=715465"}],"wp:term":[{"taxonomy":"product_brand","embeddable":true,"href":"https:\/\/roveyayinevi.com.tr\/index.php\/wp-json\/wp\/v2\/product_brand?post=715465"},{"taxonomy":"product_cat","embeddable":true,"href":"https:\/\/roveyayinevi.com.tr\/index.php\/wp-json\/wp\/v2\/product_cat?post=715465"},{"taxonomy":"product_tag","embeddable":true,"href":"https:\/\/roveyayinevi.com.tr\/index.php\/wp-json\/wp\/v2\/product_tag?post=715465"}],"curies":[{"name":"wp","href":"https:\/\/api.w.org\/{rel}","templated":true}]}}