{"id":715464,"date":"2025-08-27T17:30:58","date_gmt":"2025-08-27T14:30:58","guid":{"rendered":"https:\/\/roveyayinevi.com.tr\/index.php\/urun\/goriot-baba-fotografli-klasikler\/"},"modified":"2026-04-16T02:23:44","modified_gmt":"2026-04-15T23:23:44","slug":"goriot-baba-fotografli-klasikler","status":"publish","type":"product","link":"https:\/\/roveyayinevi.com.tr\/index.php\/urun\/goriot-baba-fotografli-klasikler\/","title":{"rendered":"Goriot Baba (Foto\u011frafl\u0131 Klasikler)"},"content":{"rendered":"<p>Balzac\u2019\u0131n dehas\u0131n\u0131n doru\u011fundayken kaleme ald\u0131\u011f\u0131 Goriot Baba, a\u015fk, nefret, iktidar h\u0131rs\u0131, s\u0131n\u0131rs\u0131z ihtiras gibi saplant\u0131l\u0131 duygular\u0131n roman\u0131d\u0131r asl\u0131nda. Ya\u015fl\u0131 Goriot, Paris\u2019te tutunmaya kararl\u0131 gen\u00e7 Rastignac ve  \u015feytani Vautrin\u2019in hik\u00e2yesini anlat\u0131r. Bir baban\u0131n, k\u0131zlar\u0131 i\u00e7in bulundu\u011fu \u00f6zverilerin derin bir \u0131st\u0131raba d\u00f6n\u00fc\u015fmesinin yan\u0131 s\u0131ra iktidar, g\u00fc\u00e7, para ve umursamazl\u0131k sarmal\u0131n\u0131n do\u011furdu\u011fu \u201cburjuva trajedisi\u201dne odaklan\u0131r. Ger\u00e7ek\u00e7ilik ak\u0131m\u0131n\u0131n ba\u015fyap\u0131t\u0131 say\u0131lan eser, b\u00fcy\u00fck y\u00fckseli\u015f ve d\u00fc\u015f\u00fc\u015flerin yan\u0131 s\u0131ra renkli karakterleriyle, Restorasyon d\u00f6nemi Paris\u2019inin toplumsal hayat\u0131na ger\u00e7ek\u00e7i yakla\u015f\u0131m\u0131yla ve Balzac\u2019\u0131n anlat\u0131m ustal\u0131\u011f\u0131yla d\u00fcnya edebiyat\u0131n\u0131n k\u00fclt romanlar\u0131 aras\u0131nda yer al\u0131r. Goriot Baba, Balzac\u2019\u0131n an\u0131t yap\u0131t\u0131 \u201c\u0130nsanl\u0131k Komedyas\u0131\u201dn\u0131n ilk kitab\u0131d\u0131r. T\u00fcrkiye&#8217;den 20 \u00e7a\u011fda\u015f foto\u011fraf\u00e7\u0131 Can Klasikleri\u2019nin bu \u00f6zel dizisi i\u00e7in 20 kitab\u0131n kapak foto\u011fraf\u0131n\u0131 \u00f6zg\u00fcn yorumlar\u0131yla haz\u0131rlad\u0131.    <\/p>\n","protected":false},"excerpt":{"rendered":"<p>Balzac\u2019\u0131n dehas\u0131n\u0131n doru\u011fundayken kaleme ald\u0131\u011f\u0131 Goriot Baba, a\u015fk, nefret, iktidar h\u0131rs\u0131, s\u0131n\u0131rs\u0131z ihtiras gibi saplant\u0131l\u0131 duygular\u0131n roman\u0131d\u0131r asl\u0131nda. Ya\u015fl\u0131 Goriot, Paris\u2019te tutunmaya kararl\u0131 gen\u00e7 Rastignac ve<span class=\"excerpt-hellip\"> [\u2026]<\/span><\/p>\n","protected":false},"featured_media":0,"template":"","meta":{"_monsterinsights_skip_tracking":false,"_monsterinsights_sitenote_active":false,"_monsterinsights_sitenote_note":"","_monsterinsights_sitenote_category":0},"product_brand":[],"product_cat":[12291,12711],"product_tag":[],"class_list":{"0":"post-715464","1":"product","2":"type-product","3":"status-publish","5":"product_cat-edebiyat","6":"product_cat-roman-oyku","7":"pa_cilt-ciltsiz","8":"pa_tur-kitap","9":"pa_yayinevi-can-yayinlari","10":"pa_yazar-honore-de-balzac","12":"first","13":"instock","14":"sale","15":"shipping-taxable","16":"purchasable","17":"product-type-simple"},"_links":{"self":[{"href":"https:\/\/roveyayinevi.com.tr\/index.php\/wp-json\/wp\/v2\/product\/715464","targetHints":{"allow":["GET"]}}],"collection":[{"href":"https:\/\/roveyayinevi.com.tr\/index.php\/wp-json\/wp\/v2\/product"}],"about":[{"href":"https:\/\/roveyayinevi.com.tr\/index.php\/wp-json\/wp\/v2\/types\/product"}],"wp:attachment":[{"href":"https:\/\/roveyayinevi.com.tr\/index.php\/wp-json\/wp\/v2\/media?parent=715464"}],"wp:term":[{"taxonomy":"product_brand","embeddable":true,"href":"https:\/\/roveyayinevi.com.tr\/index.php\/wp-json\/wp\/v2\/product_brand?post=715464"},{"taxonomy":"product_cat","embeddable":true,"href":"https:\/\/roveyayinevi.com.tr\/index.php\/wp-json\/wp\/v2\/product_cat?post=715464"},{"taxonomy":"product_tag","embeddable":true,"href":"https:\/\/roveyayinevi.com.tr\/index.php\/wp-json\/wp\/v2\/product_tag?post=715464"}],"curies":[{"name":"wp","href":"https:\/\/api.w.org\/{rel}","templated":true}]}}