{"id":715463,"date":"2025-08-27T17:30:58","date_gmt":"2025-08-27T14:30:58","guid":{"rendered":"https:\/\/roveyayinevi.com.tr\/index.php\/urun\/genc-wertherin-acilari-11\/"},"modified":"2026-04-16T02:23:44","modified_gmt":"2026-04-15T23:23:44","slug":"genc-wertherin-acilari-11","status":"publish","type":"product","link":"https:\/\/roveyayinevi.com.tr\/index.php\/urun\/genc-wertherin-acilari-11\/","title":{"rendered":"Gen\u00e7 Werther\u2019in Ac\u0131lar\u0131"},"content":{"rendered":"<p>Evrensel boyutlara ula\u015fm\u0131\u015f \u00fcn\u00fcyle, bug\u00fcn d\u00fcnya edebiyat\u0131n\u0131n en b\u00fcy\u00fck yazarlar\u0131ndan biri say\u0131lan Goethe, hen\u00fcz yirmi be\u015f ya\u015f\u0131ndayken yazd\u0131\u011f\u0131 Gen\u00e7 Werther\u2019in Ac\u0131lar\u0131\u2019nda, k\u0131sa bir s\u00fcre \u00f6nce Charlotte adl\u0131 gen\u00e7 bir kad\u0131nla ya\u015fad\u0131\u011f\u0131 mutsuz ili\u015fkiden yola \u00e7\u0131km\u0131\u015ft\u0131. Edebiyat d\u00fcnyas\u0131na, kar\u015f\u0131l\u0131ks\u0131z a\u015fk ac\u0131s\u0131yla intihara s\u00fcr\u00fcklenen \u201cromantik kahraman\u201d\u0131 arma\u011fan eden bu b\u00fcy\u00fcleyici mektup-roman, \u015fiirselli\u011fi ve ya\u015fama tutkulu bak\u0131\u015f\u0131yla okurlar\u0131 m\u0131knat\u0131s gibi kendine \u00e7ekmi\u015fti. Almanya\u2019da d\u00f6nemin gen\u00e7li\u011fini etkisi alt\u0131na alan roman\u0131n, bir\u00e7ok ki\u015finin intihar\u0131na neden oldu\u011fu, Werther\u2019in giydi\u011fi mavi frak, sar\u0131 yelek ve \u00e7izmelerin o y\u0131llarda moda haline geldi\u011fi, Napol\u00e9on\u2019un bile kitab\u0131 s\u00fcrekli yan\u0131nda ta\u015f\u0131d\u0131\u011f\u0131 s\u00f6ylenir. Son derece duyarl\u0131 ve tutkulu bir gen\u00e7 ressam olan Werther\u2019in d\u00fc\u015fsel dostu Wilhelm\u2019e yazd\u0131\u011f\u0131 mektuplardan olu\u015fan Gen\u00e7 Werther\u2019in Ac\u0131lar\u0131, edebiyatta ak\u0131lc\u0131l\u0131\u011f\u0131n yerini alan duygusall\u0131\u011f\u0131n bir ba\u015fyap\u0131t\u0131d\u0131r. T\u00fcrkiye&#8217;den 20 \u00e7a\u011fda\u015f foto\u011fraf\u00e7\u0131 Can Klasikleri\u2019nin bu \u00f6zel dizisi i\u00e7in 20 kitab\u0131n kapak foto\u011fraf\u0131n\u0131 \u00f6zg\u00fcn yorumlar\u0131yla haz\u0131rlad\u0131.    <\/p>\n","protected":false},"excerpt":{"rendered":"<p>Evrensel boyutlara ula\u015fm\u0131\u015f \u00fcn\u00fcyle, bug\u00fcn d\u00fcnya edebiyat\u0131n\u0131n en b\u00fcy\u00fck yazarlar\u0131ndan biri say\u0131lan Goethe, hen\u00fcz yirmi be\u015f ya\u015f\u0131ndayken yazd\u0131\u011f\u0131 Gen\u00e7 Werther\u2019in Ac\u0131lar\u0131\u2019nda, k\u0131sa bir s\u00fcre \u00f6nce Charlotte<span class=\"excerpt-hellip\"> [\u2026]<\/span><\/p>\n","protected":false},"featured_media":0,"template":"","meta":{"_monsterinsights_skip_tracking":false,"_monsterinsights_sitenote_active":false,"_monsterinsights_sitenote_note":"","_monsterinsights_sitenote_category":0},"product_brand":[],"product_cat":[12291,12711],"product_tag":[],"class_list":{"0":"post-715463","1":"product","2":"type-product","3":"status-publish","5":"product_cat-edebiyat","6":"product_cat-roman-oyku","7":"pa_cilt-ciltsiz","8":"pa_tur-kitap","9":"pa_yayinevi-can-yayinlari","10":"pa_yazar-johann-wolfgang-von-goethe","12":"first","13":"instock","14":"sale","15":"shipping-taxable","16":"purchasable","17":"product-type-simple"},"_links":{"self":[{"href":"https:\/\/roveyayinevi.com.tr\/index.php\/wp-json\/wp\/v2\/product\/715463","targetHints":{"allow":["GET"]}}],"collection":[{"href":"https:\/\/roveyayinevi.com.tr\/index.php\/wp-json\/wp\/v2\/product"}],"about":[{"href":"https:\/\/roveyayinevi.com.tr\/index.php\/wp-json\/wp\/v2\/types\/product"}],"wp:attachment":[{"href":"https:\/\/roveyayinevi.com.tr\/index.php\/wp-json\/wp\/v2\/media?parent=715463"}],"wp:term":[{"taxonomy":"product_brand","embeddable":true,"href":"https:\/\/roveyayinevi.com.tr\/index.php\/wp-json\/wp\/v2\/product_brand?post=715463"},{"taxonomy":"product_cat","embeddable":true,"href":"https:\/\/roveyayinevi.com.tr\/index.php\/wp-json\/wp\/v2\/product_cat?post=715463"},{"taxonomy":"product_tag","embeddable":true,"href":"https:\/\/roveyayinevi.com.tr\/index.php\/wp-json\/wp\/v2\/product_tag?post=715463"}],"curies":[{"name":"wp","href":"https:\/\/api.w.org\/{rel}","templated":true}]}}