{"id":715461,"date":"2025-08-27T17:30:56","date_gmt":"2025-08-27T14:30:56","guid":{"rendered":"https:\/\/roveyayinevi.com.tr\/index.php\/urun\/emma-fotografli-klasikler\/"},"modified":"2026-04-16T02:23:44","modified_gmt":"2026-04-15T23:23:44","slug":"emma-fotografli-klasikler","status":"publish","type":"product","link":"https:\/\/roveyayinevi.com.tr\/index.php\/urun\/emma-fotografli-klasikler\/","title":{"rendered":"Emma (Foto\u011frafl\u0131 Klasikler)"},"content":{"rendered":"<p>Jane Austen 1815\u2019te 39 ya\u015f\u0131ndayken tamamlad\u0131\u011f\u0131 Emma\u2019n\u0131n en sevdi\u011fi roman\u0131 oldu\u011funu s\u00f6yler. A\u015fk ve Gurur ile Mansf ield Park gibi romanlar\u0131n yazar\u0131n\u0131n g\u00f6zbebe\u011fidir bu kitap. Bir ta\u015fra kasabas\u0131ndaki \u00fc\u00e7 gen\u00e7 k\u0131z\u0131n ger\u00e7ek a\u015fk\u0131 aray\u0131\u015f\u0131n\u0131 anlatan roman, bir yandan insan yarad\u0131l\u0131\u015f\u0131n\u0131n zay\u0131f y\u00f6nlerini, bir yandan da XIX.  y\u00fczy\u0131l \u0130ngiliz toplumunun kat\u0131 ve ikiy\u00fczl\u00fc geleneklerini sorgular, inceden inceye alaya al\u0131r. Kendisini bir minyat\u00fcr sanat\u00e7\u0131s\u0131 olarak g\u00f6ren Austen\u2019\u0131n dehas\u0131 sa\u011fl\u0131\u011f\u0131nda anla\u015f\u0131lamam\u0131\u015ft\u0131r. Oysa y\u0131llar sonra \u0130ngiliz edebiyat\u0131n\u0131n mihenk ta\u015flar\u0131ndan  Virginia Woolf, Austen ve roman\u0131 Emma i\u00e7in \u015funlar\u0131 kaleme alacakt\u0131r: \u201d&#8230; Bu bitirilmemi\u015f ve asl\u0131nda \u00f6nemsiz hik\u00e2yede Austen\u2019\u0131n b\u00fcy\u00fckl\u00fc\u011f\u00fcn\u00fcn b\u00fct\u00fcn unsurlar\u0131 yer al\u0131r. Bu hik\u00e2ye edebiyat\u0131n t\u00fcm kal\u0131c\u0131 niteli\u011fini i\u00e7erir. Y\u00fczeydeki canland\u0131rmay\u0131, ya\u015fama benzerli\u011fi bir yana b\u0131rak\u0131n, geriye \u00e7ok daha derin bir haz, insani de\u011ferlerin e\u015fsiz bir bi\u00e7imde \u00f6ne \u00e7\u0131kar\u0131lmas\u0131 kal\u0131r.\u201d T\u00fcrkiye&#8217;den 20 \u00e7a\u011fda\u015f foto\u011fraf\u00e7\u0131 Can Klasikleri\u2019nin bu \u00f6zel dizisi i\u00e7in 20 kitab\u0131n kapak foto\u011fraf\u0131n\u0131 \u00f6zg\u00fcn yorumlar\u0131yla haz\u0131rlad\u0131.   <\/p>\n","protected":false},"excerpt":{"rendered":"<p>Jane Austen 1815\u2019te 39 ya\u015f\u0131ndayken tamamlad\u0131\u011f\u0131 Emma\u2019n\u0131n en sevdi\u011fi roman\u0131 oldu\u011funu s\u00f6yler. A\u015fk ve Gurur ile Mansf ield Park gibi romanlar\u0131n yazar\u0131n\u0131n g\u00f6zbebe\u011fidir bu kitap. Bir<span class=\"excerpt-hellip\"> [\u2026]<\/span><\/p>\n","protected":false},"featured_media":0,"template":"","meta":{"_monsterinsights_skip_tracking":false,"_monsterinsights_sitenote_active":false,"_monsterinsights_sitenote_note":"","_monsterinsights_sitenote_category":0},"product_brand":[],"product_cat":[12291,12711],"product_tag":[],"class_list":{"0":"post-715461","1":"product","2":"type-product","3":"status-publish","5":"product_cat-edebiyat","6":"product_cat-roman-oyku","7":"pa_cilt-ciltsiz","8":"pa_tur-kitap","9":"pa_yayinevi-can-yayinlari","10":"pa_yazar-jane-austen","12":"first","13":"instock","14":"sale","15":"shipping-taxable","16":"purchasable","17":"product-type-simple"},"_links":{"self":[{"href":"https:\/\/roveyayinevi.com.tr\/index.php\/wp-json\/wp\/v2\/product\/715461","targetHints":{"allow":["GET"]}}],"collection":[{"href":"https:\/\/roveyayinevi.com.tr\/index.php\/wp-json\/wp\/v2\/product"}],"about":[{"href":"https:\/\/roveyayinevi.com.tr\/index.php\/wp-json\/wp\/v2\/types\/product"}],"wp:attachment":[{"href":"https:\/\/roveyayinevi.com.tr\/index.php\/wp-json\/wp\/v2\/media?parent=715461"}],"wp:term":[{"taxonomy":"product_brand","embeddable":true,"href":"https:\/\/roveyayinevi.com.tr\/index.php\/wp-json\/wp\/v2\/product_brand?post=715461"},{"taxonomy":"product_cat","embeddable":true,"href":"https:\/\/roveyayinevi.com.tr\/index.php\/wp-json\/wp\/v2\/product_cat?post=715461"},{"taxonomy":"product_tag","embeddable":true,"href":"https:\/\/roveyayinevi.com.tr\/index.php\/wp-json\/wp\/v2\/product_tag?post=715461"}],"curies":[{"name":"wp","href":"https:\/\/api.w.org\/{rel}","templated":true}]}}