{"id":715459,"date":"2025-08-27T17:30:55","date_gmt":"2025-08-27T14:30:55","guid":{"rendered":"https:\/\/roveyayinevi.com.tr\/index.php\/urun\/cilgin-kalabaliktan-uzak-fotografli-klasikler\/"},"modified":"2026-04-03T02:30:21","modified_gmt":"2026-04-02T23:30:21","slug":"cilgin-kalabaliktan-uzak-fotografli-klasikler","status":"publish","type":"product","link":"https:\/\/roveyayinevi.com.tr\/index.php\/urun\/cilgin-kalabaliktan-uzak-fotografli-klasikler\/","title":{"rendered":"\u00c7\u0131lg\u0131n Kalabal\u0131ktan Uzak (Foto\u011frafl\u0131 Klasikler)"},"content":{"rendered":"<p>G\u00fczel Bathsheba Everdene, kendisine miras kalan b\u00fcy\u00fck ve bak\u0131ms\u0131z \u00e7iftli\u011fi \u00e7ekip \u00e7evirmek i\u00e7in Weatherbury k\u00f6y\u00fcne gelir. \u0130\u00e7g\u00fcd\u00fclerine g\u00f6re hareket eden Bathsheba, k\u00f6ydeki \u00fc\u00e7 erkek, at\u0131lgan ama sorumsuz \u00c7avu\u015f Troy, saplant\u0131lar\u0131n\u0131n tutsa\u011f\u0131 olan \u00c7ift\u00e7i William Boldwood, sad\u0131k ve becerikli Gabriel Oak aras\u0131nda bocalarken duygusal bir e\u011fitimden ge\u00e7ecektir&#8230; \u0130ngiltere\u2019nin g\u00fcneybat\u0131s\u0131ndaki d\u00fc\u015fsel Wessex b\u00f6lgesinde ge\u00e7en romanlar\u0131yla tan\u0131nan Thomas Hardy, \u00c7\u0131lg\u0131n Kalabal\u0131ktan Uzak yap\u0131t\u0131yla b\u00fcy\u00fck \u00fcn kazanm\u0131\u015ft\u0131. Mizahi, melodramatik, pastoral ve trajik \u00f6\u011feleri ustaca harmanlayan roman, Hardy\u2019nin her zamanki ihanet ve a\u015fk ac\u0131s\u0131 temalar\u0131n\u0131 i\u015flemesinin yan\u0131 s\u0131ra en s\u0131cak, en e\u011flenceli yap\u0131tlar\u0131ndan biridir. T\u00fcrkiye&#8217;den 20 \u00e7a\u011fda\u015f foto\u011fraf\u00e7\u0131 Can Klasikleri\u2019nin bu \u00f6zel dizisi i\u00e7in 20 kitab\u0131n kapak foto\u011fraf\u0131n\u0131 \u00f6zg\u00fcn yorumlar\u0131yla haz\u0131rlad\u0131. <\/p>\n","protected":false},"excerpt":{"rendered":"<p>G\u00fczel Bathsheba Everdene, kendisine miras kalan b\u00fcy\u00fck ve bak\u0131ms\u0131z \u00e7iftli\u011fi \u00e7ekip \u00e7evirmek i\u00e7in Weatherbury k\u00f6y\u00fcne gelir. \u0130\u00e7g\u00fcd\u00fclerine g\u00f6re hareket eden Bathsheba, k\u00f6ydeki \u00fc\u00e7 erkek, at\u0131lgan ama<span class=\"excerpt-hellip\"> [\u2026]<\/span><\/p>\n","protected":false},"featured_media":0,"template":"","meta":{"_monsterinsights_skip_tracking":false,"_monsterinsights_sitenote_active":false,"_monsterinsights_sitenote_note":"","_monsterinsights_sitenote_category":0},"product_brand":[],"product_cat":[12291,12711],"product_tag":[],"class_list":{"0":"post-715459","1":"product","2":"type-product","3":"status-publish","5":"product_cat-edebiyat","6":"product_cat-roman-oyku","7":"pa_cilt-ciltsiz","8":"pa_tur-kitap","9":"pa_yayinevi-can-yayinlari","10":"pa_yazar-thomas-hardy","12":"first","13":"instock","14":"sale","15":"shipping-taxable","16":"purchasable","17":"product-type-simple"},"_links":{"self":[{"href":"https:\/\/roveyayinevi.com.tr\/index.php\/wp-json\/wp\/v2\/product\/715459","targetHints":{"allow":["GET"]}}],"collection":[{"href":"https:\/\/roveyayinevi.com.tr\/index.php\/wp-json\/wp\/v2\/product"}],"about":[{"href":"https:\/\/roveyayinevi.com.tr\/index.php\/wp-json\/wp\/v2\/types\/product"}],"wp:attachment":[{"href":"https:\/\/roveyayinevi.com.tr\/index.php\/wp-json\/wp\/v2\/media?parent=715459"}],"wp:term":[{"taxonomy":"product_brand","embeddable":true,"href":"https:\/\/roveyayinevi.com.tr\/index.php\/wp-json\/wp\/v2\/product_brand?post=715459"},{"taxonomy":"product_cat","embeddable":true,"href":"https:\/\/roveyayinevi.com.tr\/index.php\/wp-json\/wp\/v2\/product_cat?post=715459"},{"taxonomy":"product_tag","embeddable":true,"href":"https:\/\/roveyayinevi.com.tr\/index.php\/wp-json\/wp\/v2\/product_tag?post=715459"}],"curies":[{"name":"wp","href":"https:\/\/api.w.org\/{rel}","templated":true}]}}