{"id":715457,"date":"2025-08-27T17:30:53","date_gmt":"2025-08-27T14:30:53","guid":{"rendered":"https:\/\/roveyayinevi.com.tr\/index.php\/urun\/babalar-ve-ogullar-fotografli-klasikler\/"},"modified":"2026-04-16T02:23:44","modified_gmt":"2026-04-15T23:23:44","slug":"babalar-ve-ogullar-fotografli-klasikler","status":"publish","type":"product","link":"https:\/\/roveyayinevi.com.tr\/index.php\/urun\/babalar-ve-ogullar-fotografli-klasikler\/","title":{"rendered":"Babalar ve O\u011fullar (Foto\u011frafl\u0131 Klasikler)"},"content":{"rendered":"<p>Babalar ve O\u011fullar, klasik Rus edebiyat\u0131n\u0131n unutulmaz yazar\u0131 \u0130van Sergeyevi\u00e7 Turgenyev\u2019in en \u00f6nemli eseridir. Kitab\u0131n bas\u0131m\u0131ndan sonra, \u201cAvrupal\u0131 bir bak\u0131\u015fa sahip tek Rus yazar\u201d diye tan\u0131mlanan Turgenyev, kar\u015f\u0131la\u015ft\u0131\u011f\u0131 b\u00fcy\u00fck tepkiler nedeniyle \u00fclkesini terk ederek \u00f6nce Baden-Baden\u2019a, ard\u0131ndan Paris\u2019e gider. Turgenyev, eserinde, ku\u015faklar aras\u0131ndaki \u00e7at\u0131\u015fmay\u0131, derinlemesine ve dengeli bir bak\u0131\u015fla sergiler. Roman\u0131n\u0131n ba\u015fkarakteri, do\u011fa bilimlerinden ba\u015fka hi\u00e7bir yasa ya da de\u011fer tan\u0131mayan, sonunda a\u015fka yenik d\u00fc\u015fen nihilist Bazarov tipi, yazar\u0131n yaratt\u0131\u011f\u0131 karakterlerin en g\u00fc\u00e7l\u00fcs\u00fcd\u00fcr. Roman bir bak\u0131ma Turgenyev\u2019in de bir \u00fcyesi oldu\u011fu k\u0131r k\u00f6kenli soylu ayd\u0131nlar\u0131n, kent k\u00f6kenli radikal ayd\u0131nlara yenik d\u00fc\u015f\u00fc\u015f\u00fcn\u00fcn \u00f6yk\u00fcs\u00fcd\u00fcr. Kitab\u0131n radikal ayd\u0131nlar taraf\u0131ndan \u015fiddetle ele\u015ftirilmesinin temelinde yatan, ger\u00e7ek\u00e7ili\u011fi ve karakterlerinin inand\u0131r\u0131c\u0131l\u0131\u011f\u0131d\u0131r. Babalar ve O\u011fullar, yazar\u0131na \u00fcn getirmi\u015f; ancak onun, ya\u015fam\u0131na k\u0131rg\u0131n bir \u015fekilde ve s\u00fcrg\u00fcnde devam etmesine yol a\u00e7m\u0131\u015ft\u0131r. \u201cTanr\u0131m! Babalar ve O\u011fullar\u2019\u0131n g\u00f6rkemi nedir \u00f6yle! Adeta b\u0131\u00e7a\u011f\u0131n kemi\u011fe dayanmas\u0131 gibi bir \u015fey. Bazarov\u2019un hastal\u0131\u011f\u0131 nas\u0131l da g\u00fc\u00e7l\u00fc anlat\u0131lm\u0131\u015f, kendimi halsiz d\u00fc\u015fm\u00fc\u015f ve sanki ondan hastal\u0131k kapm\u0131\u015f gibi hissettim. Ya Bazarov\u2019un sonu? Ya ihtiyarc\u0131klar? Kuk\u015fina? Nas\u0131l yapt\u0131\u011f\u0131n\u0131 \u015feytan bilir. Tam anlam\u0131yla d\u00e2hiyane.\u201d T\u00fcrkiye&#8217;den 20 \u00e7a\u011fda\u015f foto\u011fraf\u00e7\u0131 Can Klasikleri\u2019nin bu \u00f6zel dizisi i\u00e7in 20 kitab\u0131n kapak foto\u011fraf\u0131n\u0131 \u00f6zg\u00fcn yorumlar\u0131yla haz\u0131rlad\u0131. <\/p>\n","protected":false},"excerpt":{"rendered":"<p>Babalar ve O\u011fullar, klasik Rus edebiyat\u0131n\u0131n unutulmaz yazar\u0131 \u0130van Sergeyevi\u00e7 Turgenyev\u2019in en \u00f6nemli eseridir. Kitab\u0131n bas\u0131m\u0131ndan sonra, \u201cAvrupal\u0131 bir bak\u0131\u015fa sahip tek Rus yazar\u201d diye tan\u0131mlanan<span class=\"excerpt-hellip\"> [\u2026]<\/span><\/p>\n","protected":false},"featured_media":0,"template":"","meta":{"_monsterinsights_skip_tracking":false,"_monsterinsights_sitenote_active":false,"_monsterinsights_sitenote_note":"","_monsterinsights_sitenote_category":0},"product_brand":[],"product_cat":[12291,12711],"product_tag":[],"class_list":{"0":"post-715457","1":"product","2":"type-product","3":"status-publish","5":"product_cat-edebiyat","6":"product_cat-roman-oyku","7":"pa_cilt-ciltsiz","8":"pa_tur-kitap","9":"pa_yayinevi-can-yayinlari","10":"pa_yazar-ivan-sergeyevic-turgenyev","12":"first","13":"instock","14":"sale","15":"shipping-taxable","16":"purchasable","17":"product-type-simple"},"_links":{"self":[{"href":"https:\/\/roveyayinevi.com.tr\/index.php\/wp-json\/wp\/v2\/product\/715457","targetHints":{"allow":["GET"]}}],"collection":[{"href":"https:\/\/roveyayinevi.com.tr\/index.php\/wp-json\/wp\/v2\/product"}],"about":[{"href":"https:\/\/roveyayinevi.com.tr\/index.php\/wp-json\/wp\/v2\/types\/product"}],"wp:attachment":[{"href":"https:\/\/roveyayinevi.com.tr\/index.php\/wp-json\/wp\/v2\/media?parent=715457"}],"wp:term":[{"taxonomy":"product_brand","embeddable":true,"href":"https:\/\/roveyayinevi.com.tr\/index.php\/wp-json\/wp\/v2\/product_brand?post=715457"},{"taxonomy":"product_cat","embeddable":true,"href":"https:\/\/roveyayinevi.com.tr\/index.php\/wp-json\/wp\/v2\/product_cat?post=715457"},{"taxonomy":"product_tag","embeddable":true,"href":"https:\/\/roveyayinevi.com.tr\/index.php\/wp-json\/wp\/v2\/product_tag?post=715457"}],"curies":[{"name":"wp","href":"https:\/\/api.w.org\/{rel}","templated":true}]}}