{"id":715453,"date":"2025-08-27T17:30:50","date_gmt":"2025-08-27T14:30:50","guid":{"rendered":"https:\/\/roveyayinevi.com.tr\/index.php\/urun\/hicbiri\/"},"modified":"2026-04-16T02:23:43","modified_gmt":"2026-04-15T23:23:43","slug":"hicbiri","status":"publish","type":"product","link":"https:\/\/roveyayinevi.com.tr\/index.php\/urun\/hicbiri\/","title":{"rendered":"Hi\u00e7biri"},"content":{"rendered":"<p>Ay\u015feg\u00fcl Utku G\u00fcnayd\u0131n\u2019\u0131n \u00f6ns\u00f6z\u00fc, Serdar Soydan\u2019\u0131n titizlikle haz\u0131rlad\u0131\u011f\u0131 kronolojik biyografisiyle ;Suat Dervi\u015f, ger\u00e7ek sevginin \u00f6nemini ve sevgisizli\u011fin insan ve toplumu ne hale getirdi\u011fini t\u00fcm ger\u00e7ekli\u011fiyle anlat\u0131yor1923 y\u0131l\u0131nda K\u00fct\u00fcphane-i Sudi Ne\u015friyat\u0131 taraf\u0131ndan bas\u0131lan Hi\u00e7biri, insani ili\u015fkilerin, yaln\u0131zl\u0131\u011f\u0131n, hayal k\u0131r\u0131kl\u0131klar\u0131n\u0131n ortaya \u00e7\u0131kard\u0131\u011f\u0131 ruh hallerini derinlemesine tahlil ederek karakterlerini kuruyor. Ablas\u0131 Hamiyet Dervi\u015f\u2019le olan ili\u015fkilerinden de beslenen romanda Suat Dervi\u015f, yer yer kendini bir roman karakterine d\u00f6n\u00fc\u015ft\u00fcrmekten \u00e7ekinmiyor. \u201cDervi\u015f, karakterleri \u00fczerinden kad\u0131n\u0131n ger\u00e7ek anlamda ya\u015famamas\u0131 ve hayat\u0131n i\u00e7ine girememesi sorunlar\u0131n\u0131 dile getirmi\u015ftir.\u201d<\/p>\n","protected":false},"excerpt":{"rendered":"<p>Ay\u015feg\u00fcl Utku G\u00fcnayd\u0131n\u2019\u0131n \u00f6ns\u00f6z\u00fc, Serdar Soydan\u2019\u0131n titizlikle haz\u0131rlad\u0131\u011f\u0131 kronolojik biyografisiyle ;Suat Dervi\u015f, ger\u00e7ek sevginin \u00f6nemini ve sevgisizli\u011fin insan ve toplumu ne hale getirdi\u011fini t\u00fcm ger\u00e7ekli\u011fiyle anlat\u0131yor1923<span class=\"excerpt-hellip\"> [\u2026]<\/span><\/p>\n","protected":false},"featured_media":0,"template":"","meta":{"_monsterinsights_skip_tracking":false,"_monsterinsights_sitenote_active":false,"_monsterinsights_sitenote_note":"","_monsterinsights_sitenote_category":0},"product_brand":[],"product_cat":[12291,12711],"product_tag":[],"class_list":{"0":"post-715453","1":"product","2":"type-product","3":"status-publish","5":"product_cat-edebiyat","6":"product_cat-roman-oyku","7":"pa_cilt-ciltsiz","8":"pa_tur-kitap","9":"pa_yayinevi-ithaki-yayinlari","10":"pa_yazar-suat-dervis","12":"first","13":"instock","14":"sale","15":"shipping-taxable","16":"purchasable","17":"product-type-simple"},"_links":{"self":[{"href":"https:\/\/roveyayinevi.com.tr\/index.php\/wp-json\/wp\/v2\/product\/715453","targetHints":{"allow":["GET"]}}],"collection":[{"href":"https:\/\/roveyayinevi.com.tr\/index.php\/wp-json\/wp\/v2\/product"}],"about":[{"href":"https:\/\/roveyayinevi.com.tr\/index.php\/wp-json\/wp\/v2\/types\/product"}],"wp:attachment":[{"href":"https:\/\/roveyayinevi.com.tr\/index.php\/wp-json\/wp\/v2\/media?parent=715453"}],"wp:term":[{"taxonomy":"product_brand","embeddable":true,"href":"https:\/\/roveyayinevi.com.tr\/index.php\/wp-json\/wp\/v2\/product_brand?post=715453"},{"taxonomy":"product_cat","embeddable":true,"href":"https:\/\/roveyayinevi.com.tr\/index.php\/wp-json\/wp\/v2\/product_cat?post=715453"},{"taxonomy":"product_tag","embeddable":true,"href":"https:\/\/roveyayinevi.com.tr\/index.php\/wp-json\/wp\/v2\/product_tag?post=715453"}],"curies":[{"name":"wp","href":"https:\/\/api.w.org\/{rel}","templated":true}]}}