{"id":715452,"date":"2025-08-27T17:30:50","date_gmt":"2025-08-27T14:30:50","guid":{"rendered":"https:\/\/roveyayinevi.com.tr\/index.php\/urun\/kendine-tapan-kadin\/"},"modified":"2025-12-30T10:17:02","modified_gmt":"2025-12-30T07:17:02","slug":"kendine-tapan-kadin","status":"publish","type":"product","link":"https:\/\/roveyayinevi.com.tr\/index.php\/urun\/kendine-tapan-kadin\/","title":{"rendered":"Kendine Tapan Kad\u0131n"},"content":{"rendered":"<p>Selim \u0130leri\u2019nin \u00f6ns\u00f6z\u00fc, Serdar Soydan\u2019\u0131n titizlikle haz\u0131rlad\u0131\u011f\u0131 kronolojik biyografisiyle ;\u0130ki insan\u0131n birbirini sevmesi m\u00fcmk\u00fcn m\u00fcd\u00fcr? Yoksa kendine tapan kad\u0131n S\u00e2r\u00e2\u2019n\u0131n dedi\u011fi gibi insan kendisinden ba\u015fkas\u0131n\u0131 sevemez mi? Suat Dervi\u015f\u2019in Gece Postas\u0131 gazetesinde 1947 y\u0131l\u0131nda tefrika ettirdi\u011fi ve b\u00fcy\u00fck ilgi g\u00f6ren Kendine Tapan Kad\u0131n ilk kez kitap olarak okurla bulu\u015fuyor. Fosforlu Cevriye\u2019den hemen \u00f6nce kaleme al\u0131nan Kendine Tapan Kad\u0131n, s\u0131n\u0131f \u00e7at\u0131\u015fmas\u0131n\u0131, insani h\u0131rslar\u0131n ve \u00e7\u0131karlar\u0131n toplumda a\u00e7t\u0131\u011f\u0131 b\u00fcy\u00fck yaralar\u0131 b\u00fct\u00fcn \u00e7arp\u0131c\u0131l\u0131\u011f\u0131 ve cesaretiyle ortaya koyuyor. Gen\u00e7 bir kad\u0131n\u0131n \u00e7ocuklu\u011funda a\u00e7\u0131lan derin bir yara onu nas\u0131l bir zalime d\u00f6n\u00fc\u015ft\u00fcr\u00fcr ve en b\u00fcy\u00fck zarar\u0131 yine nas\u0131l kendisine verir ad\u0131m ad\u0131m g\u00f6steriyor Dervi\u015f.Titiz ve yo\u011fun ar\u015fiv \u00e7al\u0131\u015fmalar\u0131yla ortaya \u00e7\u0131kar\u0131lan Suat Dervi\u015f k\u00fclliyat\u0131n\u0131n mihenk ta\u015flar\u0131ndan biri olan Kendine Tapan Kad\u0131n yetmi\u015f bir sene sonra okurla bulu\u015fuyor. <\/p>\n","protected":false},"excerpt":{"rendered":"<p>Selim \u0130leri\u2019nin \u00f6ns\u00f6z\u00fc, Serdar Soydan\u2019\u0131n titizlikle haz\u0131rlad\u0131\u011f\u0131 kronolojik biyografisiyle ;\u0130ki insan\u0131n birbirini sevmesi m\u00fcmk\u00fcn m\u00fcd\u00fcr? Yoksa kendine tapan kad\u0131n S\u00e2r\u00e2\u2019n\u0131n dedi\u011fi gibi insan kendisinden ba\u015fkas\u0131n\u0131 sevemez<span class=\"excerpt-hellip\"> [\u2026]<\/span><\/p>\n","protected":false},"featured_media":0,"template":"","meta":{"_monsterinsights_skip_tracking":false,"_monsterinsights_sitenote_active":false,"_monsterinsights_sitenote_note":"","_monsterinsights_sitenote_category":0},"product_brand":[],"product_cat":[12291,12711],"product_tag":[],"class_list":{"0":"post-715452","1":"product","2":"type-product","3":"status-publish","5":"product_cat-edebiyat","6":"product_cat-roman-oyku","7":"pa_cilt-ciltsiz","8":"pa_tur-kitap","9":"pa_yayinevi-ithaki-yayinlari","10":"pa_yazar-suat-dervis","12":"first","13":"instock","14":"sale","15":"shipping-taxable","16":"purchasable","17":"product-type-simple"},"_links":{"self":[{"href":"https:\/\/roveyayinevi.com.tr\/index.php\/wp-json\/wp\/v2\/product\/715452","targetHints":{"allow":["GET"]}}],"collection":[{"href":"https:\/\/roveyayinevi.com.tr\/index.php\/wp-json\/wp\/v2\/product"}],"about":[{"href":"https:\/\/roveyayinevi.com.tr\/index.php\/wp-json\/wp\/v2\/types\/product"}],"wp:attachment":[{"href":"https:\/\/roveyayinevi.com.tr\/index.php\/wp-json\/wp\/v2\/media?parent=715452"}],"wp:term":[{"taxonomy":"product_brand","embeddable":true,"href":"https:\/\/roveyayinevi.com.tr\/index.php\/wp-json\/wp\/v2\/product_brand?post=715452"},{"taxonomy":"product_cat","embeddable":true,"href":"https:\/\/roveyayinevi.com.tr\/index.php\/wp-json\/wp\/v2\/product_cat?post=715452"},{"taxonomy":"product_tag","embeddable":true,"href":"https:\/\/roveyayinevi.com.tr\/index.php\/wp-json\/wp\/v2\/product_tag?post=715452"}],"curies":[{"name":"wp","href":"https:\/\/api.w.org\/{rel}","templated":true}]}}