{"id":715448,"date":"2025-08-27T17:30:47","date_gmt":"2025-08-27T14:30:47","guid":{"rendered":"https:\/\/roveyayinevi.com.tr\/index.php\/urun\/ihtiyarlara-yer-yok\/"},"modified":"2026-04-02T02:30:09","modified_gmt":"2026-04-01T23:30:09","slug":"ihtiyarlara-yer-yok","status":"publish","type":"product","link":"https:\/\/roveyayinevi.com.tr\/index.php\/urun\/ihtiyarlara-yer-yok\/","title":{"rendered":"\u0130htiyarlara Yer Yok"},"content":{"rendered":"<p>Modern Amerikan edebiyat\u0131n\u0131n en \u00f6nemli yazarlar\u0131ndan biri olan, s\u0131kl\u0131kla Herman Melville ve William Faulkner gibi ustalarla k\u0131yaslanan Cormac McCarthy kariyeri boyunca G\u00fcney goti\u011fi, Western ve postapokaliptik t\u00fcrlerde verdi\u011fi birbirinden ba\u015far\u0131l\u0131 eserlerle Pulitzer, National Book, National Book Critics Circle ve MacArthur Fellowship gibi \u00f6d\u00fcllerin sahibi oldu. 2007 y\u0131l\u0131nda Coen Karde\u015fler taraf\u0131ndan sinemaya uyarlanan \u0130htiyarlara Yer Yok ise \u201cEn \u0130yi Film\u201d ba\u015fta olmak \u00fczere d\u00f6rt dalda Oscar kazand\u0131. Rio Grande yak\u0131nlar\u0131nda avlanan Llewlyn Moss, bir \u015feylerin ters gitti\u011fi belli olan bir \u00e7at\u0131\u015fma b\u00f6lgesine rast gelir. \u00c7at\u0131\u015fmadan geriye kalanlar aras\u0131nda cesetler ve kilolarca eroinin yan\u0131 s\u0131ra bir \u00e7anta dolusu para da vard\u0131r. Moss\u2019un kader \u00e7izgisi verece\u011fi karar \u00fczerine burada \u00e7atallanacak ve deyim yerindeyse bir \u00f6l\u00fcm mele\u011fi pe\u015fine tak\u0131lacakt\u0131r. Kutsal kitaplar kadar kadim, g\u00fcnl\u00fck olaylar kadar deh\u015fet verici konulara e\u011filen \u0130htiyarlara Yer Yok, kader, adalet, ahlak ve a\u00e7g\u00f6zl\u00fcl\u00fck \u00fczerine yaz\u0131lm\u0131\u015f modern bir klasik. \u201cMcCarthy kelimeleri \u00f6ylesine g\u00fczel kullan\u0131yor ki s\u0131radan bir iyi-k\u00f6t\u00fc \u00e7at\u0131\u015fmas\u0131n\u0131 birinci s\u0131n\u0131f bir edebiyat eserine d\u00f6n\u00fc\u015ft\u00fcr\u00fcyor.\u201d \u2014AnnIe Proulx Amerikan Y\u00fcceli\u011finin pragmatik bir gelene\u011fi varsa, Cormac McCarthy\u2019nin kurgular\u0131 bunun zirvesidir.\u201d Harold Bloom <\/p>\n","protected":false},"excerpt":{"rendered":"<p>Modern Amerikan edebiyat\u0131n\u0131n en \u00f6nemli yazarlar\u0131ndan biri olan, s\u0131kl\u0131kla Herman Melville ve William Faulkner gibi ustalarla k\u0131yaslanan Cormac McCarthy kariyeri boyunca G\u00fcney goti\u011fi, Western ve postapokaliptik<span class=\"excerpt-hellip\"> [\u2026]<\/span><\/p>\n","protected":false},"featured_media":0,"template":"","meta":{"_monsterinsights_skip_tracking":false,"_monsterinsights_sitenote_active":false,"_monsterinsights_sitenote_note":"","_monsterinsights_sitenote_category":0},"product_brand":[],"product_cat":[12291,12711],"product_tag":[],"class_list":{"0":"post-715448","1":"product","2":"type-product","3":"status-publish","5":"product_cat-edebiyat","6":"product_cat-roman-oyku","7":"pa_cilt-ciltsiz","8":"pa_tur-kitap","9":"pa_yayinevi-ithaki-yayinlari","10":"pa_yazar-cormac-mccarthy","12":"first","13":"outofstock","14":"sale","15":"shipping-taxable","16":"purchasable","17":"product-type-simple"},"_links":{"self":[{"href":"https:\/\/roveyayinevi.com.tr\/index.php\/wp-json\/wp\/v2\/product\/715448","targetHints":{"allow":["GET"]}}],"collection":[{"href":"https:\/\/roveyayinevi.com.tr\/index.php\/wp-json\/wp\/v2\/product"}],"about":[{"href":"https:\/\/roveyayinevi.com.tr\/index.php\/wp-json\/wp\/v2\/types\/product"}],"wp:attachment":[{"href":"https:\/\/roveyayinevi.com.tr\/index.php\/wp-json\/wp\/v2\/media?parent=715448"}],"wp:term":[{"taxonomy":"product_brand","embeddable":true,"href":"https:\/\/roveyayinevi.com.tr\/index.php\/wp-json\/wp\/v2\/product_brand?post=715448"},{"taxonomy":"product_cat","embeddable":true,"href":"https:\/\/roveyayinevi.com.tr\/index.php\/wp-json\/wp\/v2\/product_cat?post=715448"},{"taxonomy":"product_tag","embeddable":true,"href":"https:\/\/roveyayinevi.com.tr\/index.php\/wp-json\/wp\/v2\/product_tag?post=715448"}],"curies":[{"name":"wp","href":"https:\/\/api.w.org\/{rel}","templated":true}]}}