{"id":715447,"date":"2025-08-27T17:30:46","date_gmt":"2025-08-27T14:30:46","guid":{"rendered":"https:\/\/roveyayinevi.com.tr\/index.php\/urun\/turkiyenin-eskicag-tarihi-2\/"},"modified":"2026-04-16T02:23:43","modified_gmt":"2026-04-15T23:23:43","slug":"turkiyenin-eskicag-tarihi-2","status":"publish","type":"product","link":"https:\/\/roveyayinevi.com.tr\/index.php\/urun\/turkiyenin-eskicag-tarihi-2\/","title":{"rendered":"T\u00fcrkiye&#8217;nin Eski\u00e7a\u011f Tarihi 2"},"content":{"rendered":"<p>Bu kitap, Eski\u00e7a\u011f Tarih\u00e7isi Prof. Dr. Mehmet Ali Kaya taraf\u0131ndan ak\u0131c\u0131 bir dille yaz\u0131lm\u0131\u015f T\u00fcrkiye\u2019nin Eski\u00e7a\u011f Tarihi ba\u015fl\u0131kl\u0131 kitab\u0131n devam\u0131 niteli\u011findeki ikinci cildidir.Bu ciltte T\u00fcrkiye\u2019nin Hellenistik \u00c7a\u011f \u00d6ncesi, yani Demir Devri (\u0130\u00d6 1. biny\u0131l) Anadolu uygarl\u0131klar\u0131 olan Ge\u00e7 Hititler, Urartular, Frigler, Lidyal\u0131lar, Kimmerler, \u0130skitler, Karial\u0131lar, Likyal\u0131lar, Aioller, \u0130yonlar ve Persler (Akhaimenidler) ele al\u0131nmakta; bu halklar\u0131n ve devletlerin tarihi, yaln\u0131zca siyasi ve askeri bak\u0131mdan de\u011fil, sosyopolitik, dinsel, k\u00fclt\u00fcrel ve ekonomik bak\u0131mdan da anlat\u0131lmaktad\u0131r.Prof. Kaya\u2019n\u0131n ak\u0131c\u0131 ve anla\u015f\u0131l\u0131r \u00fcslubunu s\u00fcrd\u00fcrd\u00fc\u011f\u00fc T\u00fcrkiye\u2019nin Eski\u00e7a\u011f Tarihi II, tarihe ve arkeolojiye ilgi duyan herkese, \u00f6zellikle \u00fcniversitelerin tarih ve arkeoloji \u00f6\u011frencilerine, ara\u015ft\u0131rmac\u0131lara ve \u00f6\u011fretim \u00fcyelerine hitap edecek \u015fekilde kaleme al\u0131nm\u0131\u015ft\u0131r.<\/p>\n","protected":false},"excerpt":{"rendered":"<p>Bu kitap, Eski\u00e7a\u011f Tarih\u00e7isi Prof. Dr. Mehmet Ali Kaya taraf\u0131ndan ak\u0131c\u0131 bir dille yaz\u0131lm\u0131\u015f T\u00fcrkiye\u2019nin Eski\u00e7a\u011f Tarihi ba\u015fl\u0131kl\u0131 kitab\u0131n devam\u0131 niteli\u011findeki ikinci cildidir.Bu ciltte T\u00fcrkiye\u2019nin Hellenistik<span class=\"excerpt-hellip\"> [\u2026]<\/span><\/p>\n","protected":false},"featured_media":0,"template":"","meta":{"_monsterinsights_skip_tracking":false,"_monsterinsights_sitenote_active":false,"_monsterinsights_sitenote_note":"","_monsterinsights_sitenote_category":0},"product_brand":[],"product_cat":[12304,13650],"product_tag":[],"class_list":{"0":"post-715447","1":"product","2":"type-product","3":"status-publish","5":"product_cat-tarih","6":"product_cat-turk-tarihi-arastirmalari","7":"pa_cilt-ciltsiz","8":"pa_tur-kitap","9":"pa_yayinevi-bilge-kultur-sanat","10":"pa_yazar-mehmet-ali-kaya","12":"first","13":"instock","14":"sale","15":"shipping-taxable","16":"purchasable","17":"product-type-simple"},"_links":{"self":[{"href":"https:\/\/roveyayinevi.com.tr\/index.php\/wp-json\/wp\/v2\/product\/715447","targetHints":{"allow":["GET"]}}],"collection":[{"href":"https:\/\/roveyayinevi.com.tr\/index.php\/wp-json\/wp\/v2\/product"}],"about":[{"href":"https:\/\/roveyayinevi.com.tr\/index.php\/wp-json\/wp\/v2\/types\/product"}],"wp:attachment":[{"href":"https:\/\/roveyayinevi.com.tr\/index.php\/wp-json\/wp\/v2\/media?parent=715447"}],"wp:term":[{"taxonomy":"product_brand","embeddable":true,"href":"https:\/\/roveyayinevi.com.tr\/index.php\/wp-json\/wp\/v2\/product_brand?post=715447"},{"taxonomy":"product_cat","embeddable":true,"href":"https:\/\/roveyayinevi.com.tr\/index.php\/wp-json\/wp\/v2\/product_cat?post=715447"},{"taxonomy":"product_tag","embeddable":true,"href":"https:\/\/roveyayinevi.com.tr\/index.php\/wp-json\/wp\/v2\/product_tag?post=715447"}],"curies":[{"name":"wp","href":"https:\/\/api.w.org\/{rel}","templated":true}]}}