{"id":715446,"date":"2025-08-27T17:30:46","date_gmt":"2025-08-27T14:30:46","guid":{"rendered":"https:\/\/roveyayinevi.com.tr\/index.php\/urun\/batida-ve-turkiyede-kuramsal-milliyetcilik\/"},"modified":"2026-04-16T02:23:43","modified_gmt":"2026-04-15T23:23:43","slug":"batida-ve-turkiyede-kuramsal-milliyetcilik","status":"publish","type":"product","link":"https:\/\/roveyayinevi.com.tr\/index.php\/urun\/batida-ve-turkiyede-kuramsal-milliyetcilik\/","title":{"rendered":"Bat\u0131\u2019da ve T\u00fcrkiye\u2019de Kuramsal Milliyet\u00e7ilik"},"content":{"rendered":"<p>Milliyet\u00e7ilik sorununu Frans\u0131z \u0130htilali ve Ayd\u0131nlanma ba\u011flam\u0131nda tan\u0131mlamaya meyilli hakim g\u00f6r\u00fc\u015flerin yan\u0131s\u0131ra, \u00c7ifte Devrimler \u00c7a\u011f\u0131 \u00f6ncesinde farkl\u0131 milliyet\u00e7ilik tan\u0131m ve kal\u0131plar\u0131na rastland\u0131\u011f\u0131, her milliyet\u00e7ilik kuram\u0131n\u0131n d\u00f6nemsel \u015fartlar\u0131yla birlikte ele al\u0131nd\u0131\u011f\u0131nda anlaml\u0131 oldu\u011fu ileri s\u00fcr\u00fclebilir. Bu ba\u011flamda T\u00fcrklerde milliyet\u00e7ili\u011fin k\u00f6keninin Ortaasya\u2019ya dek uzand\u0131\u011f\u0131 varsay\u0131labilir. Ancak bu tarih, halk\u0131n milliyet\u00e7ilik bilincinin aksine devletin k\u00f6kenleri ve y\u00f6netici kadrolar\u0131n ortak ak\u0131llar\u0131yla s\u0131n\u0131rl\u0131yd\u0131.T\u00fcrk devlet gelene\u011finin en \u00f6nemli yap\u0131ta\u015flar\u0131ndan birisini olu\u015fturan pragmatizm (faydac\u0131l\u0131k) ilkesi, tarih i\u00e7erisinde de\u011fi\u015fik y\u00f6netici se\u00e7kinlerin baz\u0131 kuram ve ideolojilere yaslanmas\u0131na ve bunu yaparken de di\u011fer kuram ve ideolojileri d\u0131\u015flamalar\u0131na neden oluyordu. 1990\u2019l\u0131 y\u0131llarda sosyalizmin \u00e7\u00f6z\u00fclmesi, \u00fc\u00e7\u00fcnc\u00fc ku\u015fak milliyet\u00e7i ayd\u0131nlar\u0131n \u00f6n\u00fcn\u00fc a\u00e7t\u0131. Art\u0131k milliyet\u00e7ilik gibi \u201ckentli-laik\u201d bir ak\u0131m\u0131 anlat\u0131rken, \u201cmilliyet\u00e7i-muhafazakar\u201d kavram\u0131na itibar g\u00f6sterilmiyor, g\u00f6rece laik politika g\u00fcd\u00fcl\u00fcyor ve devlet g\u00f6zetilmesi gerekti\u011fi oranda d\u00fc\u015f\u00fcn\u00fcl\u00fcyordu. Hatta milliyet\u00e7i kadrolar, zaman zaman devletin temel zihniyetini k\u0131yas\u0131ya ele\u015ftirmekte sak\u0131nca da g\u00f6rm\u00fcyorlard\u0131.1960\u2019l\u0131 y\u0131llarda hayli reva\u00e7ta olan, ancak prati\u011fin birinci elden belirleyici olmas\u0131ndan \u00f6t\u00fcr\u00fc kitlelere yeterince anlat\u0131lamayan eski masals\u0131 fantastik anlat\u0131lar bilimsel ayra\u00e7larla zenginle\u015ftirilip, referans kaynaklar\u0131 geli\u015ftiriliyordu. \u00c7al\u0131\u015fma geneli incelendi\u011finde, eserin kimi k\u0131s\u0131mlar\u0131nda 20. y\u00fczy\u0131ldan 21. y\u00fczy\u0131la d\u00fcnya siyasetinde ya\u015fanan k\u0131r\u0131lmalar\u0131n; hem evrensel hem T\u00fcrkiye odakl\u0131 olarak irdelendi\u011fi farkedilecektir.Elinizdeki \u00e7al\u0131\u015fma, milliyet\u00e7ili\u011fin her ulusun ya da kerameti kendisinden menkul siyaset\u00e7i\/kuramc\u0131n\u0131n, siyasal \u201cg\u00fcnd\u00fcz d\u00fc\u015fleri\u201dne g\u00f6re tasar\u0131mlad\u0131\u011f\u0131, b\u00f6l\u00fck-p\u00f6r\u00e7\u00fck d\u00fc\u015f\u00fcnceler sisteminden ziyade, toparlay\u0131c\u0131, evrensel bir ideoloji olarak ele al\u0131nmas\u0131 gerekti\u011fi tezinden yola \u00e7\u0131karak haz\u0131rlan\u0131lm\u0131\u015ft\u0131r. Milliyet\u00e7ili\u011fin giderek muhafazakarla\u015f\u0131p\/muhafazakarla\u015famayaca\u011f\u0131 ya da muhafazakar bir milliyet\u00e7ili\u011fin \u015fans\u0131 T\u00fcrkiye \u00f6l\u00e7e\u011finde irdelenen kilit konular aras\u0131ndad\u0131r.<\/p>\n","protected":false},"excerpt":{"rendered":"<p>Milliyet\u00e7ilik sorununu Frans\u0131z \u0130htilali ve Ayd\u0131nlanma ba\u011flam\u0131nda tan\u0131mlamaya meyilli hakim g\u00f6r\u00fc\u015flerin yan\u0131s\u0131ra, \u00c7ifte Devrimler \u00c7a\u011f\u0131 \u00f6ncesinde farkl\u0131 milliyet\u00e7ilik tan\u0131m ve kal\u0131plar\u0131na rastland\u0131\u011f\u0131, her milliyet\u00e7ilik kuram\u0131n\u0131n d\u00f6nemsel<span class=\"excerpt-hellip\"> [\u2026]<\/span><\/p>\n","protected":false},"featured_media":0,"template":"","meta":{"_monsterinsights_skip_tracking":false,"_monsterinsights_sitenote_active":false,"_monsterinsights_sitenote_note":"","_monsterinsights_sitenote_category":0},"product_brand":[],"product_cat":[13590,12337],"product_tag":[],"class_list":{"0":"post-715446","1":"product","2":"type-product","3":"status-publish","5":"product_cat-arastirma-inceleme-politika-siyaset","6":"product_cat-politika-siyaset","7":"pa_cilt-ciltsiz","8":"pa_tur-kitap","9":"pa_yayinevi-bilge-kultur-sanat","10":"pa_yazar-ahmet-baran-dural","12":"first","13":"instock","14":"sale","15":"shipping-taxable","16":"purchasable","17":"product-type-simple"},"_links":{"self":[{"href":"https:\/\/roveyayinevi.com.tr\/index.php\/wp-json\/wp\/v2\/product\/715446","targetHints":{"allow":["GET"]}}],"collection":[{"href":"https:\/\/roveyayinevi.com.tr\/index.php\/wp-json\/wp\/v2\/product"}],"about":[{"href":"https:\/\/roveyayinevi.com.tr\/index.php\/wp-json\/wp\/v2\/types\/product"}],"wp:attachment":[{"href":"https:\/\/roveyayinevi.com.tr\/index.php\/wp-json\/wp\/v2\/media?parent=715446"}],"wp:term":[{"taxonomy":"product_brand","embeddable":true,"href":"https:\/\/roveyayinevi.com.tr\/index.php\/wp-json\/wp\/v2\/product_brand?post=715446"},{"taxonomy":"product_cat","embeddable":true,"href":"https:\/\/roveyayinevi.com.tr\/index.php\/wp-json\/wp\/v2\/product_cat?post=715446"},{"taxonomy":"product_tag","embeddable":true,"href":"https:\/\/roveyayinevi.com.tr\/index.php\/wp-json\/wp\/v2\/product_tag?post=715446"}],"curies":[{"name":"wp","href":"https:\/\/api.w.org\/{rel}","templated":true}]}}