{"id":715445,"date":"2025-08-27T17:30:45","date_gmt":"2025-08-27T14:30:45","guid":{"rendered":"https:\/\/roveyayinevi.com.tr\/index.php\/urun\/evinizdeki-terapist\/"},"modified":"2026-04-16T02:23:43","modified_gmt":"2026-04-15T23:23:43","slug":"evinizdeki-terapist","status":"publish","type":"product","link":"https:\/\/roveyayinevi.com.tr\/index.php\/urun\/evinizdeki-terapist\/","title":{"rendered":"Evinizdeki Terapist"},"content":{"rendered":"<p>\u00c7ok bunald\u0131m, art\u0131k hi\u00e7bir \u015feyden zevk alam\u0131yorum! \u2022 Kayg\u0131 ve korkular\u0131m beni ele ge\u00e7irdi, nas\u0131l ba\u015f edece\u011fimi bilemiyorum!  \u2022 \u00d6fkemi kontrol edemiyorum! \u2022 Su\u00e7luluk duygusundan kurtulam\u0131yorum!  Evinizdeki Terapist, kolay anla\u015f\u0131l\u0131r dili ve pratik uygulamalar\u0131yla, size kendi kendinizin terapisti olmay\u0131 \u00f6\u011freterek sorunlar\u0131n\u0131za kal\u0131c\u0131 \u00e7\u00f6z\u00fcmler bulman\u0131za yard\u0131mc\u0131 olacak bilimsel bir kitapt\u0131r.  &#8220;Hayat\u0131n\u0131z\u0131 ger\u00e7ekten de\u011fi\u015ftirecek bir kitap \u00e7ok nadiren kar\u015f\u0131n\u0131za \u00e7\u0131kar. Evinizdeki Terapist de b\u00f6yle bir kitap. Dennis Greenberger ve Christine A. Padesky psikoterapi bilimini ve engin tecr\u00fcbelerini s\u00fczge\u00e7ten ge\u00e7irerek de\u011fi\u015fime y\u00f6nelik kolay anla\u015f\u0131labilir ve k\u0131lavuz niteli\u011finde bir kitap yazm\u0131\u015flar.\u201d  \u2014Kognitif Terapinin kurucusu Dr. Aaron T. Beck  \u201cDr. Greenberger ve Dr. Padesky, kapsaml\u0131 bir \u015fekilde g\u00fcncellenmi\u015f ve en son \u00e7\u0131kan ara\u015ft\u0131rma ve terap\u00f6tik yeniliklerle dolu ikinci bask\u0131y\u0131 yazm\u0131\u015f olan parlak terapistlerdir&#8230; Zorlay\u0131c\u0131 ruh halleri ya da duygularla m\u00fccadele eden herkes bu kitab\u0131 okumal\u0131.\u201d <\/p>\n","protected":false},"excerpt":{"rendered":"<p>\u00c7ok bunald\u0131m, art\u0131k hi\u00e7bir \u015feyden zevk alam\u0131yorum! \u2022 Kayg\u0131 ve korkular\u0131m beni ele ge\u00e7irdi, nas\u0131l ba\u015f edece\u011fimi bilemiyorum! \u2022 \u00d6fkemi kontrol edemiyorum! \u2022 Su\u00e7luluk duygusundan kurtulam\u0131yorum!<span class=\"excerpt-hellip\"> [\u2026]<\/span><\/p>\n","protected":false},"featured_media":0,"template":"","meta":{"_monsterinsights_skip_tracking":false,"_monsterinsights_sitenote_active":false,"_monsterinsights_sitenote_note":"","_monsterinsights_sitenote_category":0},"product_brand":[],"product_cat":[12358,12357],"product_tag":[],"class_list":{"0":"post-715445","1":"product","2":"type-product","3":"status-publish","5":"product_cat-genel-psikoloji","6":"product_cat-psikoloji","7":"pa_cilt-ciltsiz","8":"pa_tur-kitap","9":"pa_yayinevi-altin-kitaplar","10":"pa_yazar-dennis-greenberger-christine-a-padesky","12":"first","13":"instock","14":"sale","15":"shipping-taxable","16":"purchasable","17":"product-type-simple"},"_links":{"self":[{"href":"https:\/\/roveyayinevi.com.tr\/index.php\/wp-json\/wp\/v2\/product\/715445","targetHints":{"allow":["GET"]}}],"collection":[{"href":"https:\/\/roveyayinevi.com.tr\/index.php\/wp-json\/wp\/v2\/product"}],"about":[{"href":"https:\/\/roveyayinevi.com.tr\/index.php\/wp-json\/wp\/v2\/types\/product"}],"wp:attachment":[{"href":"https:\/\/roveyayinevi.com.tr\/index.php\/wp-json\/wp\/v2\/media?parent=715445"}],"wp:term":[{"taxonomy":"product_brand","embeddable":true,"href":"https:\/\/roveyayinevi.com.tr\/index.php\/wp-json\/wp\/v2\/product_brand?post=715445"},{"taxonomy":"product_cat","embeddable":true,"href":"https:\/\/roveyayinevi.com.tr\/index.php\/wp-json\/wp\/v2\/product_cat?post=715445"},{"taxonomy":"product_tag","embeddable":true,"href":"https:\/\/roveyayinevi.com.tr\/index.php\/wp-json\/wp\/v2\/product_tag?post=715445"}],"curies":[{"name":"wp","href":"https:\/\/api.w.org\/{rel}","templated":true}]}}