{"id":715443,"date":"2025-08-27T17:30:44","date_gmt":"2025-08-27T14:30:44","guid":{"rendered":"https:\/\/roveyayinevi.com.tr\/index.php\/urun\/idam-edilmis-siirler\/"},"modified":"2026-04-16T02:23:43","modified_gmt":"2026-04-15T23:23:43","slug":"idam-edilmis-siirler","status":"publish","type":"product","link":"https:\/\/roveyayinevi.com.tr\/index.php\/urun\/idam-edilmis-siirler\/","title":{"rendered":"\u0130dam Edilmi\u015f \u015eiirler"},"content":{"rendered":"<p>\u00d6zg\u00fcrl\u00fc\u011f\u00fcm\u00fc hapseden bak\u0131\u015flar\u0131n\u0131 seviyorumG\u00f6zlerinde kaybolmay\u0131 seviyorumSeni seviyorum, seni seviyorumHepsi iki kelime!Dilim tutuluyor, s\u00f6yleyemiyorumYoklu\u011funu ya\u015famaktan korkuyorumG\u00fcl\u00fc\u015flerinin kaybolmas\u0131ndan korkuyorumYa k\u00fcserse varl\u0131\u011f\u0131n yoklu\u011fumaYoklu\u011fun hapsolursa yaln\u0131zl\u0131\u011f\u0131maKaybetmekten korkuyorum!\u0130ki kelimede bir \u00f6m\u00fcr bo\u011fulmaktan korkuyorumOlsun!Duymasan da olur kalbimin sesiniBen seni seviyorumSeni seviyorum.<\/p>\n","protected":false},"excerpt":{"rendered":"<p>\u00d6zg\u00fcrl\u00fc\u011f\u00fcm\u00fc hapseden bak\u0131\u015flar\u0131n\u0131 seviyorumG\u00f6zlerinde kaybolmay\u0131 seviyorumSeni seviyorum, seni seviyorumHepsi iki kelime!Dilim tutuluyor, s\u00f6yleyemiyorumYoklu\u011funu ya\u015famaktan korkuyorumG\u00fcl\u00fc\u015flerinin kaybolmas\u0131ndan korkuyorumYa k\u00fcserse varl\u0131\u011f\u0131n yoklu\u011fumaYoklu\u011fun hapsolursa yaln\u0131zl\u0131\u011f\u0131maKaybetmekten korkuyorum!\u0130ki kelimede bir \u00f6m\u00fcr<span class=\"excerpt-hellip\"> [\u2026]<\/span><\/p>\n","protected":false},"featured_media":0,"template":"","meta":{"_monsterinsights_skip_tracking":false,"_monsterinsights_sitenote_active":false,"_monsterinsights_sitenote_note":"","_monsterinsights_sitenote_category":0},"product_brand":[],"product_cat":[12291,12509],"product_tag":[],"class_list":{"0":"post-715443","1":"product","2":"type-product","3":"status-publish","5":"product_cat-edebiyat","6":"product_cat-siir","7":"pa_cilt-ciltsiz","8":"pa_tur-kitap","9":"pa_yayinevi-ayata-kitap","10":"pa_yazar-murat-demir","12":"first","13":"instock","14":"sale","15":"shipping-taxable","16":"purchasable","17":"product-type-simple"},"_links":{"self":[{"href":"https:\/\/roveyayinevi.com.tr\/index.php\/wp-json\/wp\/v2\/product\/715443","targetHints":{"allow":["GET"]}}],"collection":[{"href":"https:\/\/roveyayinevi.com.tr\/index.php\/wp-json\/wp\/v2\/product"}],"about":[{"href":"https:\/\/roveyayinevi.com.tr\/index.php\/wp-json\/wp\/v2\/types\/product"}],"wp:attachment":[{"href":"https:\/\/roveyayinevi.com.tr\/index.php\/wp-json\/wp\/v2\/media?parent=715443"}],"wp:term":[{"taxonomy":"product_brand","embeddable":true,"href":"https:\/\/roveyayinevi.com.tr\/index.php\/wp-json\/wp\/v2\/product_brand?post=715443"},{"taxonomy":"product_cat","embeddable":true,"href":"https:\/\/roveyayinevi.com.tr\/index.php\/wp-json\/wp\/v2\/product_cat?post=715443"},{"taxonomy":"product_tag","embeddable":true,"href":"https:\/\/roveyayinevi.com.tr\/index.php\/wp-json\/wp\/v2\/product_tag?post=715443"}],"curies":[{"name":"wp","href":"https:\/\/api.w.org\/{rel}","templated":true}]}}