{"id":715441,"date":"2025-08-27T17:30:42","date_gmt":"2025-08-27T14:30:42","guid":{"rendered":"https:\/\/roveyayinevi.com.tr\/index.php\/urun\/yks-beni-opsene\/"},"modified":"2026-04-16T02:23:43","modified_gmt":"2026-04-15T23:23:43","slug":"yks-beni-opsene","status":"publish","type":"product","link":"https:\/\/roveyayinevi.com.tr\/index.php\/urun\/yks-beni-opsene\/","title":{"rendered":"YKS Beni \u00d6psene"},"content":{"rendered":"<p>Bu aralar ders \u00e7al\u0131\u015fmak zor mu geliyor ya da konulara \u00e7al\u0131\u015ft\u0131n ama testlerde bir t\u00fcrl\u00fc istedi\u011fin ba\u015far\u0131y\u0131 elde edemiyor musun? Sahi istedi\u011fin b\u00f6l\u00fcm\u00fc kazanmak i\u00e7in daha ka\u00e7 nete ihtiyac\u0131n var. Zihnin allak bullak\u2026 Kimse seni anlam\u0131yor. Yoruluyorsun, bunal\u0131yorsun, streslisin. Biliyorum kimseyle bu konuyu konu\u015fmak istemiyorsun. \u00c7al\u0131\u015fma tempona bir teneff\u00fcs ekleyip yorgunlu\u011funu hafifletmek, zirveye bir ad\u0131m daha yakla\u015fmak istiyorsan, i\u015fte bu  kitap tam da sana g\u00f6re. Hi\u00e7 vakit kaybetmeden sayfalar aras\u0131nda bir gezintiye \u00e7\u0131k, sonras\u0131nda gelen \u00e7al\u0131\u015fma iste\u011fine sen de inanamayacaks\u0131n.<\/p>\n","protected":false},"excerpt":{"rendered":"<p>Bu aralar ders \u00e7al\u0131\u015fmak zor mu geliyor ya da konulara \u00e7al\u0131\u015ft\u0131n ama testlerde bir t\u00fcrl\u00fc istedi\u011fin ba\u015far\u0131y\u0131 elde edemiyor musun? Sahi istedi\u011fin b\u00f6l\u00fcm\u00fc kazanmak i\u00e7in daha<span class=\"excerpt-hellip\"> [\u2026]<\/span><\/p>\n","protected":false},"featured_media":0,"template":"","meta":{"_monsterinsights_skip_tracking":false,"_monsterinsights_sitenote_active":false,"_monsterinsights_sitenote_note":"","_monsterinsights_sitenote_category":0},"product_brand":[],"product_cat":[12364,12376],"product_tag":[],"class_list":{"0":"post-715441","1":"product","2":"type-product","3":"status-publish","5":"product_cat-genel-konular","6":"product_cat-kisisel-gelisim","7":"pa_cilt-ciltsiz","8":"pa_tur-kitap","9":"pa_yayinevi-otto-yayinlari","10":"pa_yazar-suat-asci","12":"first","13":"instock","14":"sale","15":"shipping-taxable","16":"purchasable","17":"product-type-simple"},"_links":{"self":[{"href":"https:\/\/roveyayinevi.com.tr\/index.php\/wp-json\/wp\/v2\/product\/715441","targetHints":{"allow":["GET"]}}],"collection":[{"href":"https:\/\/roveyayinevi.com.tr\/index.php\/wp-json\/wp\/v2\/product"}],"about":[{"href":"https:\/\/roveyayinevi.com.tr\/index.php\/wp-json\/wp\/v2\/types\/product"}],"wp:attachment":[{"href":"https:\/\/roveyayinevi.com.tr\/index.php\/wp-json\/wp\/v2\/media?parent=715441"}],"wp:term":[{"taxonomy":"product_brand","embeddable":true,"href":"https:\/\/roveyayinevi.com.tr\/index.php\/wp-json\/wp\/v2\/product_brand?post=715441"},{"taxonomy":"product_cat","embeddable":true,"href":"https:\/\/roveyayinevi.com.tr\/index.php\/wp-json\/wp\/v2\/product_cat?post=715441"},{"taxonomy":"product_tag","embeddable":true,"href":"https:\/\/roveyayinevi.com.tr\/index.php\/wp-json\/wp\/v2\/product_tag?post=715441"}],"curies":[{"name":"wp","href":"https:\/\/api.w.org\/{rel}","templated":true}]}}