{"id":715440,"date":"2025-08-27T17:30:42","date_gmt":"2025-08-27T14:30:42","guid":{"rendered":"https:\/\/roveyayinevi.com.tr\/index.php\/urun\/kuresellesmenin-cokusu-dunyanin-yeniden-kesfi\/"},"modified":"2026-04-16T02:23:43","modified_gmt":"2026-04-15T23:23:43","slug":"kuresellesmenin-cokusu-dunyanin-yeniden-kesfi","status":"publish","type":"product","link":"https:\/\/roveyayinevi.com.tr\/index.php\/urun\/kuresellesmenin-cokusu-dunyanin-yeniden-kesfi\/","title":{"rendered":"K\u00fcreselle\u015fmenin \u00c7\u00f6k\u00fc\u015f\u00fc &#8211; D\u00fcnyan\u0131n Yeniden Ke\u015ffi"},"content":{"rendered":"<p>T\u00fcrkiye ve Yunanistan, \u0130spanya, Portekiz, Avrupa ve Orta Do\u011fu\u2019daki, k\u0131sacas\u0131 t\u00fcm Akdeniz havzas\u0131ndaki insanlar, 2008\u2019den bu yana giderek toplumsal ve ekonomik karma\u015faya evrilen ekonomik bir \u00e7\u00f6k\u00fc\u015fle m\u00fccadele ediyorlar. \u015eimdilerde ise bu siyas\u00ee bir krize d\u00f6n\u00fc\u015fm\u00fc\u015f durumda. \u00c7\u00f6k\u00fc\u015f, karma\u015fa ve krizin gittik\u00e7e yay\u0131lmakta oldu\u011fu ger\u00e7e\u011fi, 2016 senesinde ayan beyan ortaya \u00e7\u0131kt\u0131. D\u00fcnyan\u0131n hi\u00e7bir yerinde herhangi bir iyile\u015fme belirtisi s\u00f6z konusu de\u011fildi. Yunanistan, ikinci bir darbeyi bekledi. \u0130spanya yerinde sayd\u0131. T\u00fcrkiye, siyas\u00ee ve ekonomik olarak b\u00fcy\u00fck bir h\u0131zla daha da k\u00f6t\u00fcye gitti. \u0130ngiltere\u2019de, sanr\u0131lama ile a\u015f\u0131r\u0131 b\u00f6b\u00fcrlenme kar\u0131\u015f\u0131m\u0131 bir sinir krizi ya\u015fand\u0131. Kriz, Amerika Birle\u015fik Devletleri\u2019nde ve d\u00fcnyan\u0131n di\u011fer b\u00f6lgelerinde yay\u0131lmaya devam etti. \u0130ktidar\u0131 elinde tutanlar i\u00e7in bu \u00e7\u00f6k\u00fc\u015f\u00fcn nereden \u00e7\u0131kt\u0131\u011f\u0131 belli de\u011fildi. Ancak yine de krizin y\u0131k\u0131c\u0131 enerjisi, ayn\u0131 volkanik bir yeralt\u0131 patlamas\u0131nda oldu\u011fu gibi, yakla\u015f\u0131k yirmi y\u0131ld\u0131r etrafa lavlar sa\u00e7\u0131yordu. \u0130\u00e7inde ya\u015fad\u0131\u011f\u0131m\u0131z yap\u0131lar\u0131n aras\u0131na eriyerek s\u0131zan esrarengiz bir g\u00fc\u00e7t\u00fcJohn RalstonSaul, bu \u00e7arp\u0131c\u0131 kitab\u0131nda ekomik krizin k\u00fcresel \u00f6l\u00e7ekte panoramas\u0131n\u0131 \u00e7\u0131karmakla kalm\u0131yor, kapitalizmin siyaseten t\u0131kand\u0131\u011f\u0131 k\u00f6r noktalar\u0131na da i\u015faret ediyor, g\u00fcn\u00fcm\u00fcz\u00fcn giderek yay\u0131l\u0131p derinle\u015fen iktisadi ve siyasi \u201cfelaketlerine s\u0131zan\u201d tarihsel dinamikleri sab\u0131rla if\u015fa ediyor, k\u0131y\u0131c\u0131 bir ele\u015ftirel bak\u0131\u015fla&#8230; <\/p>\n","protected":false},"excerpt":{"rendered":"<p>T\u00fcrkiye ve Yunanistan, \u0130spanya, Portekiz, Avrupa ve Orta Do\u011fu\u2019daki, k\u0131sacas\u0131 t\u00fcm Akdeniz havzas\u0131ndaki insanlar, 2008\u2019den bu yana giderek toplumsal ve ekonomik karma\u015faya evrilen ekonomik bir \u00e7\u00f6k\u00fc\u015fle<span class=\"excerpt-hellip\"> [\u2026]<\/span><\/p>\n","protected":false},"featured_media":0,"template":"","meta":{"_monsterinsights_skip_tracking":false,"_monsterinsights_sitenote_active":false,"_monsterinsights_sitenote_note":"","_monsterinsights_sitenote_category":0},"product_brand":[],"product_cat":[13590,12337],"product_tag":[],"class_list":{"0":"post-715440","1":"product","2":"type-product","3":"status-publish","5":"product_cat-arastirma-inceleme-politika-siyaset","6":"product_cat-politika-siyaset","7":"pa_cilt-ciltsiz","8":"pa_tur-kitap","9":"pa_yayinevi-ayrinti-yayinlari","10":"pa_yazar-john-ralston-saul","12":"first","13":"instock","14":"sale","15":"shipping-taxable","16":"purchasable","17":"product-type-simple"},"_links":{"self":[{"href":"https:\/\/roveyayinevi.com.tr\/index.php\/wp-json\/wp\/v2\/product\/715440","targetHints":{"allow":["GET"]}}],"collection":[{"href":"https:\/\/roveyayinevi.com.tr\/index.php\/wp-json\/wp\/v2\/product"}],"about":[{"href":"https:\/\/roveyayinevi.com.tr\/index.php\/wp-json\/wp\/v2\/types\/product"}],"wp:attachment":[{"href":"https:\/\/roveyayinevi.com.tr\/index.php\/wp-json\/wp\/v2\/media?parent=715440"}],"wp:term":[{"taxonomy":"product_brand","embeddable":true,"href":"https:\/\/roveyayinevi.com.tr\/index.php\/wp-json\/wp\/v2\/product_brand?post=715440"},{"taxonomy":"product_cat","embeddable":true,"href":"https:\/\/roveyayinevi.com.tr\/index.php\/wp-json\/wp\/v2\/product_cat?post=715440"},{"taxonomy":"product_tag","embeddable":true,"href":"https:\/\/roveyayinevi.com.tr\/index.php\/wp-json\/wp\/v2\/product_tag?post=715440"}],"curies":[{"name":"wp","href":"https:\/\/api.w.org\/{rel}","templated":true}]}}