{"id":715439,"date":"2025-08-27T17:30:41","date_gmt":"2025-08-27T14:30:41","guid":{"rendered":"https:\/\/roveyayinevi.com.tr\/index.php\/urun\/dava-10\/"},"modified":"2026-04-07T02:31:02","modified_gmt":"2026-04-06T23:31:02","slug":"dava-10","status":"publish","type":"product","link":"https:\/\/roveyayinevi.com.tr\/index.php\/urun\/dava-10\/","title":{"rendered":"Dava"},"content":{"rendered":"<p>Birisi Josef K.\u2019ya bir iftira atm\u0131\u015f olmal\u0131yd\u0131, \u00e7\u00fcnk\u00fc k\u00f6t\u00fc herhangi bir \u015fey yapmad\u0131\u011f\u0131 h\u00e2lde bir sabah tutukland\u0131. Kirada oturdu\u011fu odan\u0131n ev sahibesi Bayan Grubach\u2019\u0131n, her sabah saat sekize do\u011fru Josef K.\u2019ya kahvalt\u0131s\u0131n\u0131 getiren a\u015f\u00e7\u0131s\u0131 bu sefer gelmedi. Bu, daha \u00f6nce hi\u00e7 olmam\u0131\u015ft\u0131. K. bir s\u00fcre bekledi, ba\u015f\u0131n\u0131 yast\u0131ktan kald\u0131rmadan, kar\u015f\u0131 evde oturan ve kendisini al\u0131\u015f\u0131lmad\u0131k bir merakla seyreden ya\u015fl\u0131 kad\u0131n\u0131 g\u00f6rd\u00fc, ama sonra bir yandan bu durumu garipseyerek, di\u011fer yandan da ac\u0131kt\u0131\u011f\u0131n\u0131 hissederek zile bast\u0131Josef K. bir sabah erken saatte tutuklan\u0131r, bir iftira kurban\u0131 oldu\u011fu bellidir. Bu sav anti-semitik davalara dolayl\u0131 bir referans olarak yorumlanabilir, ama iftira sorunsal\u0131 romanda s\u00fcrd\u00fcr\u00fclmez. Hapse at\u0131lmas\u0131na yol a\u00e7mayan, daha ziyade ba\u015f\u0131n\u0131n \u00fczerinde as\u0131l\u0131 bir t\u00fcr tehdit olu\u015fturan \u2013\u00e7\u00fcnk\u00fc me\u015fguliyetlerini yerine getirebilmektedir\u2013 bu \u00f6nleme dair ona herhangi bir a\u00e7\u0131klamada bulunulmaz. Yarg\u0131\u00e7lar\u0131yla herhangi bir g\u00f6r\u00fc\u015fmeyi yasaklayan ve savunmay\u0131 kabul etmeyen, k\u0131smen \u201cho\u015fg\u00f6r\u00fc g\u00f6steren\u201d bir mahkeme taraf\u0131ndan yarg\u0131lan\u0131r. Hiyerar\u015fisi sonsuza uzanan ve davran\u0131\u015f\u0131 a\u00e7\u0131klanamaz ve \u00f6ng\u00f6r\u00fclemez olan bu mahkeme yan\u0131lmaz oldu\u011fu iddias\u0131ndad\u0131r ve san\u0131klar\u0131n kesinlikle eri\u015femeyece\u011fi bir noktadad\u0131r\u2026 <\/p>\n","protected":false},"excerpt":{"rendered":"<p>Birisi Josef K.\u2019ya bir iftira atm\u0131\u015f olmal\u0131yd\u0131, \u00e7\u00fcnk\u00fc k\u00f6t\u00fc herhangi bir \u015fey yapmad\u0131\u011f\u0131 h\u00e2lde bir sabah tutukland\u0131. Kirada oturdu\u011fu odan\u0131n ev sahibesi Bayan Grubach\u2019\u0131n, her sabah<span class=\"excerpt-hellip\"> [\u2026]<\/span><\/p>\n","protected":false},"featured_media":0,"template":"","meta":{"_monsterinsights_skip_tracking":false,"_monsterinsights_sitenote_active":false,"_monsterinsights_sitenote_note":"","_monsterinsights_sitenote_category":0},"product_brand":[],"product_cat":[12291,12711],"product_tag":[],"class_list":{"0":"post-715439","1":"product","2":"type-product","3":"status-publish","5":"product_cat-edebiyat","6":"product_cat-roman-oyku","7":"pa_cilt-ciltsiz","8":"pa_tur-kitap","9":"pa_yayinevi-ayrinti-yayinlari","10":"pa_yazar-franz-kafka","12":"first","13":"instock","14":"sale","15":"shipping-taxable","16":"purchasable","17":"product-type-simple"},"_links":{"self":[{"href":"https:\/\/roveyayinevi.com.tr\/index.php\/wp-json\/wp\/v2\/product\/715439","targetHints":{"allow":["GET"]}}],"collection":[{"href":"https:\/\/roveyayinevi.com.tr\/index.php\/wp-json\/wp\/v2\/product"}],"about":[{"href":"https:\/\/roveyayinevi.com.tr\/index.php\/wp-json\/wp\/v2\/types\/product"}],"wp:attachment":[{"href":"https:\/\/roveyayinevi.com.tr\/index.php\/wp-json\/wp\/v2\/media?parent=715439"}],"wp:term":[{"taxonomy":"product_brand","embeddable":true,"href":"https:\/\/roveyayinevi.com.tr\/index.php\/wp-json\/wp\/v2\/product_brand?post=715439"},{"taxonomy":"product_cat","embeddable":true,"href":"https:\/\/roveyayinevi.com.tr\/index.php\/wp-json\/wp\/v2\/product_cat?post=715439"},{"taxonomy":"product_tag","embeddable":true,"href":"https:\/\/roveyayinevi.com.tr\/index.php\/wp-json\/wp\/v2\/product_tag?post=715439"}],"curies":[{"name":"wp","href":"https:\/\/api.w.org\/{rel}","templated":true}]}}